{"id":1004,"date":"2016-05-31T20:07:44","date_gmt":"2016-05-31T18:07:44","guid":{"rendered":"http:\/\/limousinenservice-wolf.de\/?page_id=1004"},"modified":"2017-01-21T17:44:03","modified_gmt":"2017-01-21T16:44:03","slug":"vermietung-fuer-promotion","status":"publish","type":"page","link":"https:\/\/limousinenservice-wolf.de\/en\/dienstleistungen\/vermietung-fuer-promotion\/","title":{"rendered":"Vermietung f\u00fcr Promotion"},"content":{"rendered":"<p class=\"qtranxs-available-languages-message qtranxs-available-languages-message-en\">Sorry, this entry is only available in <a href=\"https:\/\/limousinenservice-wolf.de\/de\/wp-json\/wp\/v2\/pages\/1004\" class=\"qtranxs-available-language-link qtranxs-available-language-link-de\" title=\"Deutsch\">Deutsch<\/a>. For the sake of viewer convenience, the content is shown below in the alternative language. You may click the link to switch the active language.<\/p><p>[vc_row][vc_column][vc_column_text]Sie suchen noch einen Eyecatcher f\u00fcr Ihre Veranstaltung? Eine Stretchlimousine ist in jedem Fall immer ein Garant f\u00fcr neugierige Blicke. Auch hierzu stellen wir Ihnen unserer Fahrzeuge auf Anfrage gerne zur Verf\u00fcgung.<\/p>\n<p>Nutzen Sie unsere\u00a0Magnettafeln und gestalten Sie diese frei nach Ihren W\u00fcnschen, um das gebuchte Fahrzeug individuell Ihrem Event anzupassen und einen gr\u00f6\u00dftm\u00f6glichen Werbeeffekt f\u00fcr Ihr Unternehmen oder den zu bewerbenden Event zu erzielen.[\/vc_column_text][\/vc_column][\/vc_row]<\/p>","protected":false},"excerpt":{"rendered":"<p>Sorry, this entry is only available in Deutsch. For the sake of viewer convenience, the content is shown below in the &#8230;<\/p>\n","protected":false},"author":1,"featured_media":0,"parent":998,"menu_order":0,"comment_status":"closed","ping_status":"closed","template":"","meta":{"footnotes":""},"class_list":["post-1004","page","type-page","status-publish","hentry"],"_links":{"self":[{"href":"https:\/\/limousinenservice-wolf.de\/en\/wp-json\/wp\/v2\/pages\/1004","targetHints":{"allow":["GET"]}}],"collection":[{"href":"https:\/\/limousinenservice-wolf.de\/en\/wp-json\/wp\/v2\/pages"}],"about":[{"href":"https:\/\/limousinenservice-wolf.de\/en\/wp-json\/wp\/v2\/types\/page"}],"author":[{"embeddable":true,"href":"https:\/\/limousinenservice-wolf.de\/en\/wp-json\/wp\/v2\/users\/1"}],"replies":[{"embeddable":true,"href":"https:\/\/limousinenservice-wolf.de\/en\/wp-json\/wp\/v2\/comments?post=1004"}],"version-history":[{"count":3,"href":"https:\/\/limousinenservice-wolf.de\/en\/wp-json\/wp\/v2\/pages\/1004\/revisions"}],"predecessor-version":[{"id":1329,"href":"https:\/\/limousinenservice-wolf.de\/en\/wp-json\/wp\/v2\/pages\/1004\/revisions\/1329"}],"up":[{"embeddable":true,"href":"https:\/\/limousinenservice-wolf.de\/en\/wp-json\/wp\/v2\/pages\/998"}],"wp:attachment":[{"href":"https:\/\/limousinenservice-wolf.de\/en\/wp-json\/wp\/v2\/media?parent=1004"}],"curies":[{"name":"wp","href":"https:\/\/api.w.org\/{rel}","templated":true}]}}