{"id":1007,"date":"2016-05-31T20:09:54","date_gmt":"2016-05-31T18:09:54","guid":{"rendered":"http:\/\/limousinenservice-wolf.de\/?page_id=1007"},"modified":"2016-07-12T22:50:17","modified_gmt":"2016-07-12T20:50:17","slug":"fahrzeuge","status":"publish","type":"page","link":"https:\/\/limousinenservice-wolf.de\/en\/fahrzeuge\/","title":{"rendered":"Fahrzeuge"},"content":{"rendered":"<p class=\"qtranxs-available-languages-message qtranxs-available-languages-message-en\">Sorry, this entry is only available in <a href=\"https:\/\/limousinenservice-wolf.de\/de\/wp-json\/wp\/v2\/pages\/1007\" class=\"qtranxs-available-language-link qtranxs-available-language-link-de\" title=\"Deutsch\">Deutsch<\/a>. For the sake of viewer convenience, the content is shown below in the alternative language. You may click the link to switch the active language.<\/p><p>[vc_row][vc_column]\n\t<div class=\"custom-heading wpb_content_element \">\n\t\t<h2 class=\"heading-title\" >Hauptfahrzeuge<\/h2>\n\t<\/div><div class=\"vehicle list-view grid-row\">\n\t\t\t<div class=\"list-vehicle grid-sm-12 grid-md-6 grid-lg-4\">\n\t<figure>\n\t\t<a href=\"https:\/\/limousinenservice-wolf.de\/en\/vehicle\/lincoln-town-car-stretchlimousine-2\/\"><img loading=\"lazy\" decoding=\"async\" width=\"2560\" height=\"1920\" src=\"https:\/\/limousinenservice-wolf.de\/wp-content\/uploads\/2019\/03\/20210730_121512-scaled.jpg\" class=\"attachment-vehicle_list size-vehicle_list wp-post-image\" alt=\"20210730_121512\" title=\"20210730_121512\" data-object-fit=\"cover\" srcset=\"https:\/\/limousinenservice-wolf.de\/wp-content\/uploads\/2019\/03\/20210730_121512-scaled.jpg 2560w, https:\/\/limousinenservice-wolf.de\/wp-content\/uploads\/2019\/03\/20210730_121512-300x225.jpg 300w, https:\/\/limousinenservice-wolf.de\/wp-content\/uploads\/2019\/03\/20210730_121512-1024x768.jpg 1024w, https:\/\/limousinenservice-wolf.de\/wp-content\/uploads\/2019\/03\/20210730_121512-768x576.jpg 768w, https:\/\/limousinenservice-wolf.de\/wp-content\/uploads\/2019\/03\/20210730_121512-1536x1152.jpg 1536w, https:\/\/limousinenservice-wolf.de\/wp-content\/uploads\/2019\/03\/20210730_121512-2048x1536.jpg 2048w, https:\/\/limousinenservice-wolf.de\/wp-content\/uploads\/2019\/03\/20210730_121512-350x263.jpg 350w\" sizes=\"auto, (max-width: 2560px) 100vw, 2560px\" \/><\/a>\t<\/figure>\n\t<div class=\"vehicle-meta\">\n\t\t<h2>Lincoln Town Car Stretchlimousine<\/h2>\n\t\t<p class=\"excerpt\"><p>Das im Jahr 2003 eingef\u00fchrte Facelift Modell verfeinert die klassische Linienf\u00fchrung des bereits sehr beliebten Vorg\u00e4ngers und kann, neben der neu designten Frontpartie samt Emblem, auch durch zahlreiche weitere Details begeistern&#8230;<\/p>\n<\/p>\n\t\t<a href=\"https:\/\/limousinenservice-wolf.de\/en\/vehicle\/lincoln-town-car-stretchlimousine-2\/\" title=\"Go to vehicle\">Read more<\/a>\n\t<\/div>\n<\/div>\n\t\t\n\t\t\t<div class=\"list-vehicle grid-sm-12 grid-md-6 grid-lg-4\">\n\t<figure>\n\t\t<a href=\"https:\/\/limousinenservice-wolf.de\/en\/vehicle\/lincoln-town-car-stretchlimousine\/\"><img loading=\"lazy\" decoding=\"async\" width=\"2184\" height=\"1456\" src=\"https:\/\/limousinenservice-wolf.de\/wp-content\/uploads\/2016\/05\/Lincoln-Frontansicht.jpg\" class=\"attachment-vehicle_list size-vehicle_list wp-post-image\" alt=\"Lincoln-Frontansicht\" title=\"Lincoln-Frontansicht\" data-object-fit=\"cover\" srcset=\"https:\/\/limousinenservice-wolf.de\/wp-content\/uploads\/2016\/05\/Lincoln-Frontansicht.jpg 2184w, https:\/\/limousinenservice-wolf.de\/wp-content\/uploads\/2016\/05\/Lincoln-Frontansicht-350x233.jpg 350w, https:\/\/limousinenservice-wolf.de\/wp-content\/uploads\/2016\/05\/Lincoln-Frontansicht-300x200.jpg 300w, https:\/\/limousinenservice-wolf.de\/wp-content\/uploads\/2016\/05\/Lincoln-Frontansicht-768x512.jpg 768w, https:\/\/limousinenservice-wolf.de\/wp-content\/uploads\/2016\/05\/Lincoln-Frontansicht-1024x683.jpg 1024w\" sizes=\"auto, (max-width: 2184px) 100vw, 2184px\" \/><\/a>\t<\/figure>\n\t<div class=\"vehicle-meta\">\n\t\t<h2>Lincoln Town Car Stretchlimousine<\/h2>\n\t\t<p class=\"excerpt\"><p>Seit der Markteinf\u00fchrung im Jahre 1998 ist die zweite Baureihe der Lincoln Town Car Stretchlimousine bis heute die beliebteste Grundlage f\u00fcr den Stretchlimousinenumbau&#8230;<\/p>\n<\/p>\n\t\t<a href=\"https:\/\/limousinenservice-wolf.de\/en\/vehicle\/lincoln-town-car-stretchlimousine\/\" title=\"Go to vehicle\">Read more<\/a>\n\t<\/div>\n<\/div>\n\t\t\n\t\t\t<div class=\"list-vehicle grid-sm-12 grid-md-6 grid-lg-4\">\n\t<figure>\n\t\t<a href=\"https:\/\/limousinenservice-wolf.de\/en\/vehicle\/fairways-london-taxi-fx4\/\"><img loading=\"lazy\" decoding=\"async\" width=\"4128\" height=\"2322\" src=\"https:\/\/limousinenservice-wolf.de\/wp-content\/uploads\/2016\/05\/20160806_141220.jpg\" class=\"attachment-vehicle_list size-vehicle_list wp-post-image\" alt=\"20160806_141220\" title=\"20160806_141220\" data-object-fit=\"cover\" srcset=\"https:\/\/limousinenservice-wolf.de\/wp-content\/uploads\/2016\/05\/20160806_141220.jpg 4128w, https:\/\/limousinenservice-wolf.de\/wp-content\/uploads\/2016\/05\/20160806_141220-350x197.jpg 350w\" sizes=\"auto, (max-width: 4128px) 100vw, 4128px\" \/><\/a>\t<\/figure>\n\t<div class=\"vehicle-meta\">\n\t\t<h2>Fairways \u2013 London Taxi \u2013 FX4<\/h2>\n\t\t<p class=\"excerpt\"><p>Dieses zeitlose originale London Taxi vermittelt den Eindruck man sei auf den Stra\u00dfen der Hauptstadt Gro\u00dfbritaniens unterwegs und ist bis heute aus dessen Stadtbild nicht wegzudenken&#8230;<\/p>\n<\/p>\n\t\t<a href=\"https:\/\/limousinenservice-wolf.de\/en\/vehicle\/fairways-london-taxi-fx4\/\" title=\"Go to vehicle\">Read more<\/a>\n\t<\/div>\n<\/div>\n\t\t\n\t\t\t<div class=\"list-vehicle grid-sm-12 grid-md-6 grid-lg-4\">\n\t<figure>\n\t\t<a href=\"https:\/\/limousinenservice-wolf.de\/en\/vehicle\/bmw-e38-750i-alpina-b12\/\"><img loading=\"lazy\" decoding=\"async\" width=\"1200\" height=\"800\" src=\"https:\/\/limousinenservice-wolf.de\/wp-content\/uploads\/2016\/05\/BMW-750i-Alpina-3.jpg\" class=\"attachment-vehicle_list size-vehicle_list wp-post-image\" alt=\"BMW-750i-Alpina-3\" title=\"BMW-750i-Alpina-3\" data-object-fit=\"cover\" srcset=\"https:\/\/limousinenservice-wolf.de\/wp-content\/uploads\/2016\/05\/BMW-750i-Alpina-3.jpg 1200w, https:\/\/limousinenservice-wolf.de\/wp-content\/uploads\/2016\/05\/BMW-750i-Alpina-3-350x233.jpg 350w, https:\/\/limousinenservice-wolf.de\/wp-content\/uploads\/2016\/05\/BMW-750i-Alpina-3-300x200.jpg 300w, https:\/\/limousinenservice-wolf.de\/wp-content\/uploads\/2016\/05\/BMW-750i-Alpina-3-768x512.jpg 768w, https:\/\/limousinenservice-wolf.de\/wp-content\/uploads\/2016\/05\/BMW-750i-Alpina-3-1024x683.jpg 1024w\" sizes=\"auto, (max-width: 1200px) 100vw, 1200px\" \/><\/a>\t<\/figure>\n\t<div class=\"vehicle-meta\">\n\t\t<h2>BMW E38 750i \u2013 Alpina B12<\/h2>\n\t\t<p class=\"excerpt\"><p>Kraft, Eleganz und luxuri\u00f6ser Komfort, vereint in einem Fahrzeug der Extraklasse der Marke BMW. Dies sind nur einige Tribute die dieses Fahrzeug auszeichnen&#8230;<\/p>\n<\/p>\n\t\t<a href=\"https:\/\/limousinenservice-wolf.de\/en\/vehicle\/bmw-e38-750i-alpina-b12\/\" title=\"Go to vehicle\">Read more<\/a>\n\t<\/div>\n<\/div>\n\t\t<\/div>[\/vc_column][\/vc_row]<\/p>","protected":false},"excerpt":{"rendered":"<p>Sorry, this entry is only available in Deutsch. For the sake of viewer convenience, the content is shown below in the &#8230;<\/p>\n","protected":false},"author":1,"featured_media":0,"parent":0,"menu_order":0,"comment_status":"closed","ping_status":"closed","template":"","meta":{"footnotes":""},"class_list":["post-1007","page","type-page","status-publish","hentry"],"_links":{"self":[{"href":"https:\/\/limousinenservice-wolf.de\/en\/wp-json\/wp\/v2\/pages\/1007","targetHints":{"allow":["GET"]}}],"collection":[{"href":"https:\/\/limousinenservice-wolf.de\/en\/wp-json\/wp\/v2\/pages"}],"about":[{"href":"https:\/\/limousinenservice-wolf.de\/en\/wp-json\/wp\/v2\/types\/page"}],"author":[{"embeddable":true,"href":"https:\/\/limousinenservice-wolf.de\/en\/wp-json\/wp\/v2\/users\/1"}],"replies":[{"embeddable":true,"href":"https:\/\/limousinenservice-wolf.de\/en\/wp-json\/wp\/v2\/comments?post=1007"}],"version-history":[{"count":3,"href":"https:\/\/limousinenservice-wolf.de\/en\/wp-json\/wp\/v2\/pages\/1007\/revisions"}],"predecessor-version":[{"id":1101,"href":"https:\/\/limousinenservice-wolf.de\/en\/wp-json\/wp\/v2\/pages\/1007\/revisions\/1101"}],"wp:attachment":[{"href":"https:\/\/limousinenservice-wolf.de\/en\/wp-json\/wp\/v2\/media?parent=1007"}],"curies":[{"name":"wp","href":"https:\/\/api.w.org\/{rel}","templated":true}]}}