{"id":1009,"date":"2016-05-31T20:11:27","date_gmt":"2016-05-31T18:11:27","guid":{"rendered":"http:\/\/limousinenservice-wolf.de\/?page_id=1009"},"modified":"2017-02-09T06:09:18","modified_gmt":"2017-02-09T05:09:18","slug":"referenzen","status":"publish","type":"page","link":"https:\/\/limousinenservice-wolf.de\/en\/referenzen\/","title":{"rendered":"Referenzen"},"content":{"rendered":"<p>[vc_row][vc_column][vc_row_inner][vc_column_inner width=&#8221;1\/4&#8243;][vc_single_image image=&#8221;229&#8243; img_size=&#8221;medium&#8221;][\/vc_column_inner][vc_column_inner width=&#8221;3\/4&#8243;]\n\t<div class=\"custom-heading wpb_content_element  heading-medium\">\n\t\t<h2 class=\"heading-title\" >G\u00e4stebuch<\/h2>\n\t<\/div>[vc_column_text]<\/p>\n<p>Verewigen Sie sich mit einer kleinen Anekdote in unserem G\u00e4stebuch oder lesen Sie von anderen Erfahrungen, die unsere Kunden mit uns gemacht haben.<\/p>\n<p>[\/vc_column_text][vc_button title=&#8221;zum G\u00e4stebuch&#8230;&#8221; color=&#8221;primary&#8221; size=&#8221;small&#8221; link=&#8221;url:http%3A%2F%2Ftest.owiekindisch.de%2Fde%2Freferenzen%2Fgaestebuch%2F||&#8221;][\/vc_column_inner][\/vc_row_inner][vc_row_inner][vc_column_inner width=&#8221;1\/4&#8243;][vc_single_image image=&#8221;229&#8243; img_size=&#8221;medium&#8221;][\/vc_column_inner][vc_column_inner width=&#8221;3\/4&#8243;]\n\t<div class=\"custom-heading wpb_content_element  heading-medium\">\n\t\t<h2 class=\"heading-title\" >Bildergalerie<\/h2>\n\t<\/div>[vc_column_text]<\/p>\n<p>Viele unserer G\u00e4ste lassen uns ihre sch\u00f6nsten Fotos aus unseren Touren zukommen. Diese m\u00f6chten wir Ihnen als Referenz gerne pr\u00e4sentieren.<\/p>\n<p>[\/vc_column_text][vc_button title=&#8221;zur Bildergalerie&#8221; color=&#8221;primary&#8221; size=&#8221;small&#8221; link=&#8221;url:http%3A%2F%2Ftest.owiekindisch.de%2Fde%2Freferenzen%2Fbildergalerie%2F||&#8221;][\/vc_column_inner][\/vc_row_inner][vc_row_inner][vc_column_inner width=&#8221;1\/4&#8243;][vc_single_image image=&#8221;229&#8243; img_size=&#8221;medium&#8221; alignment=&#8221;&#8221;][\/vc_column_inner][vc_column_inner width=&#8221;3\/4&#8243;]\n\t<div class=\"custom-heading wpb_content_element  heading-medium\">\n\t\t<h2 class=\"heading-title\" >Partner<\/h2>\n\t<\/div>[vc_column_text]<\/p>\n<p>Wir sind stolz darauf, als Limousinenservice-Wolf mit unseren Partnern ein starkes Netzwerk gegr\u00fcndet zu haben, mit denen wir Ihnen eine perfekte Fahrt zu jedem Anlass bieten k\u00f6nnen.<\/p>\n<p>[\/vc_column_text][vc_button title=&#8221;unserer Partner&#8230;&#8221; color=&#8221;primary&#8221; size=&#8221;small&#8221; link=&#8221;url:http%3A%2F%2Ftest.owiekindisch.de%2Fde%2Freferenzen%2Fpartner%2F||&#8221;][\/vc_column_inner][\/vc_row_inner][vc_row_inner][vc_column_inner width=&#8221;1\/4&#8243;][vc_single_image image=&#8221;229&#8243; img_size=&#8221;medium&#8221; alignment=&#8221;&#8221;][\/vc_column_inner][vc_column_inner width=&#8221;3\/4&#8243;]\n\t<div class=\"custom-heading wpb_content_element  heading-medium\">\n\t\t<h2 class=\"heading-title\" >In den Medien<\/h2>\n\t<\/div>[vc_column_text]<\/p>\n<p>In unserer nun schon acht j\u00e4hrigen Unternehmensgeschichte,\u00a0wurden zahlreiche Videobeitr\u00e4ge und Textartikel \u00fcber uns verfasst. Auch einige prominente haben in unseren Fahrzeugen bereits Platz genommen. Hier erhalten Sie einen Einblick hinter die Kulissen des Limousinenservice Wolf.<\/p>\n<p>[\/vc_column_text][vc_button title=&#8221;Wir in den Medien&#8230;&#8221; color=&#8221;primary&#8221; size=&#8221;small&#8221; link=&#8221;url:http%3A%2F%2Ftest.owiekindisch.de%2Fde%2Freferenzen%2Fin-den-medien%2F||&#8221;][\/vc_column_inner][\/vc_row_inner][\/vc_column][\/vc_row]<\/p>","protected":false},"excerpt":{"rendered":"<p>[vc_row][vc_column][vc_row_inner][vc_column_inner width=&#8221;1\/4&#8243;][vc_single_image image=&#8221;229&#8243; img_size=&#8221;medium&#8221;][\/vc_column_inner][vc_column_inner width=&#8221;3\/4&#8243;][vc_column_text] Verewigen Sie sich mit einer kleinen Anekdote in unserem G\u00e4stebuch oder lesen Sie von anderen Erfahrungen, &#8230;<\/p>\n","protected":false},"author":1,"featured_media":0,"parent":0,"menu_order":0,"comment_status":"closed","ping_status":"closed","template":"","meta":{"footnotes":""},"class_list":["post-1009","page","type-page","status-publish","hentry"],"_links":{"self":[{"href":"https:\/\/limousinenservice-wolf.de\/en\/wp-json\/wp\/v2\/pages\/1009","targetHints":{"allow":["GET"]}}],"collection":[{"href":"https:\/\/limousinenservice-wolf.de\/en\/wp-json\/wp\/v2\/pages"}],"about":[{"href":"https:\/\/limousinenservice-wolf.de\/en\/wp-json\/wp\/v2\/types\/page"}],"author":[{"embeddable":true,"href":"https:\/\/limousinenservice-wolf.de\/en\/wp-json\/wp\/v2\/users\/1"}],"replies":[{"embeddable":true,"href":"https:\/\/limousinenservice-wolf.de\/en\/wp-json\/wp\/v2\/comments?post=1009"}],"version-history":[{"count":3,"href":"https:\/\/limousinenservice-wolf.de\/en\/wp-json\/wp\/v2\/pages\/1009\/revisions"}],"predecessor-version":[{"id":1417,"href":"https:\/\/limousinenservice-wolf.de\/en\/wp-json\/wp\/v2\/pages\/1009\/revisions\/1417"}],"wp:attachment":[{"href":"https:\/\/limousinenservice-wolf.de\/en\/wp-json\/wp\/v2\/media?parent=1009"}],"curies":[{"name":"wp","href":"https:\/\/api.w.org\/{rel}","templated":true}]}}