{"id":1021,"date":"2016-05-31T20:16:21","date_gmt":"2016-05-31T18:16:21","guid":{"rendered":"http:\/\/limousinenservice-wolf.de\/?page_id=1021"},"modified":"2016-07-12T20:12:54","modified_gmt":"2016-07-12T18:12:54","slug":"einzugsgebiet","status":"publish","type":"page","link":"https:\/\/limousinenservice-wolf.de\/en\/weitere-infos\/einzugsgebiet\/","title":{"rendered":"Einzugsgebiet"},"content":{"rendered":"<p>[vc_row row_id=&#8221;&#8221; row_type=&#8221;row_center_content&#8221; bg_color=&#8221;&#8221; row_meta_color=&#8221;&#8221; bg_image=&#8221;&#8221; bg_position=&#8221;left top&#8221; bg_repeat=&#8221;no-repeat&#8221; row_parallax=&#8221;&#8221; row_video_bg=&#8221;&#8221; bg_video_mp4=&#8221;&#8221; bg_video_ogv=&#8221;&#8221; bg_video_webm=&#8221;&#8221; row_color_overlay=&#8221;&#8221; row_text_color=&#8221;row_text_select&#8221; row_custom_text_color=&#8221;&#8221; border_color=&#8221;&#8221; border_style=&#8221;solid&#8221; border_width=&#8221;&#8221; margin_top=&#8221;&#8221; margin_bottom=&#8221;&#8221; padding_top=&#8221;&#8221; padding_bottom=&#8221;&#8221; padding_left=&#8221;&#8221; padding_right=&#8221;&#8221; class=&#8221;&#8221;][vc_column width=&#8221;1\/1&#8243; css=&#8221;.vc_custom_1450398649885{margin-top: 30px !important;}&#8221;][vc_column_text]<\/p>\n<h3>Neben unserer Heimatstadt Aachen sind wir auch gerne in allen anderen St\u00e4dten Deutschlands, Belgiens oder den Niederlande f\u00fcr Sie t\u00e4tig, wie beispielsweise in:<\/h3>\n<p>AACHEN, D\u00dcREN, ESCHWEILER, HEINSBERG, GEILENKIRCHEN, WEGBERG, M\u00d6NCHENGLADBACH, KREFELD, K\u00d6LN, D\u00dcSSELDORF, LEVERKUSEN, LANGENFELD, HILDEN, \u00dcBACH-PALENBERG, EUPEN, WELKENRATH, KERKRADE, HEERLEN, NEUSS, MAASTRICHT, VALKENBURG,&#8230;und vielen mehr&#8230;[\/vc_column_text][\/vc_column][\/vc_row]<\/p>","protected":false},"excerpt":{"rendered":"<p>[vc_row row_id=&#8221;&#8221; row_type=&#8221;row_center_content&#8221; bg_color=&#8221;&#8221; row_meta_color=&#8221;&#8221; bg_image=&#8221;&#8221; bg_position=&#8221;left top&#8221; bg_repeat=&#8221;no-repeat&#8221; row_parallax=&#8221;&#8221; row_video_bg=&#8221;&#8221; bg_video_mp4=&#8221;&#8221; bg_video_ogv=&#8221;&#8221; bg_video_webm=&#8221;&#8221; row_color_overlay=&#8221;&#8221; row_text_color=&#8221;row_text_select&#8221; row_custom_text_color=&#8221;&#8221; border_color=&#8221;&#8221; border_style=&#8221;solid&#8221; border_width=&#8221;&#8221; margin_top=&#8221;&#8221; &#8230;<\/p>\n","protected":false},"author":1,"featured_media":0,"parent":1019,"menu_order":0,"comment_status":"closed","ping_status":"closed","template":"","meta":{"footnotes":""},"class_list":["post-1021","page","type-page","status-publish","hentry"],"_links":{"self":[{"href":"https:\/\/limousinenservice-wolf.de\/en\/wp-json\/wp\/v2\/pages\/1021","targetHints":{"allow":["GET"]}}],"collection":[{"href":"https:\/\/limousinenservice-wolf.de\/en\/wp-json\/wp\/v2\/pages"}],"about":[{"href":"https:\/\/limousinenservice-wolf.de\/en\/wp-json\/wp\/v2\/types\/page"}],"author":[{"embeddable":true,"href":"https:\/\/limousinenservice-wolf.de\/en\/wp-json\/wp\/v2\/users\/1"}],"replies":[{"embeddable":true,"href":"https:\/\/limousinenservice-wolf.de\/en\/wp-json\/wp\/v2\/comments?post=1021"}],"version-history":[{"count":2,"href":"https:\/\/limousinenservice-wolf.de\/en\/wp-json\/wp\/v2\/pages\/1021\/revisions"}],"predecessor-version":[{"id":1099,"href":"https:\/\/limousinenservice-wolf.de\/en\/wp-json\/wp\/v2\/pages\/1021\/revisions\/1099"}],"up":[{"embeddable":true,"href":"https:\/\/limousinenservice-wolf.de\/en\/wp-json\/wp\/v2\/pages\/1019"}],"wp:attachment":[{"href":"https:\/\/limousinenservice-wolf.de\/en\/wp-json\/wp\/v2\/media?parent=1021"}],"curies":[{"name":"wp","href":"https:\/\/api.w.org\/{rel}","templated":true}]}}