{"id":1025,"date":"2016-05-31T21:40:38","date_gmt":"2016-05-31T19:40:38","guid":{"rendered":"http:\/\/limousinenservice-wolf.de\/?page_id=1025"},"modified":"2016-05-31T21:40:38","modified_gmt":"2016-05-31T19:40:38","slug":"anlaesse","status":"publish","type":"page","link":"https:\/\/limousinenservice-wolf.de\/en\/weitere-infos\/anlaesse\/","title":{"rendered":"Anl\u00e4sse"},"content":{"rendered":"<p>[vc_row row_id=&#8221;&#8221; row_type=&#8221;row_center_content&#8221; bg_color=&#8221;&#8221; row_meta_color=&#8221;&#8221; bg_image=&#8221;&#8221; bg_position=&#8221;left top&#8221; bg_repeat=&#8221;no-repeat&#8221; row_parallax=&#8221;&#8221; row_video_bg=&#8221;&#8221; bg_video_mp4=&#8221;&#8221; bg_video_ogv=&#8221;&#8221; bg_video_webm=&#8221;&#8221; row_color_overlay=&#8221;&#8221; row_text_color=&#8221;row_text_select&#8221; row_custom_text_color=&#8221;&#8221; border_color=&#8221;&#8221; border_style=&#8221;solid&#8221; border_width=&#8221;&#8221; margin_top=&#8221;&#8221; margin_bottom=&#8221;&#8221; padding_top=&#8221;&#8221; padding_bottom=&#8221;&#8221; padding_left=&#8221;&#8221; padding_right=&#8221;&#8221; class=&#8221;&#8221;][vc_column width=&#8221;1\/1&#8243; css=&#8221;.vc_custom_1450396535811{margin-top: 30px !important;}&#8221;][vc_column_text]<\/p>\n<h2 style=\"text-align: left;\" align=\"center\">Es gibt <span class=\"gold\" style=\"color: #c3a370;\">1000 &amp; 1<\/span> Gr\u00fcnde eine Limousine zu mieten.\u00a0Hier finden sie einige Anregungen\u2026<\/h2>\n<p>[\/vc_column_text][\/vc_column][\/vc_row][vc_row row_id=&#8221;&#8221; row_type=&#8221;row_center_content&#8221; bg_color=&#8221;&#8221; row_meta_color=&#8221;&#8221; bg_image=&#8221;&#8221; bg_position=&#8221;left top&#8221; bg_repeat=&#8221;no-repeat&#8221; row_parallax=&#8221;&#8221; row_video_bg=&#8221;&#8221; bg_video_mp4=&#8221;&#8221; bg_video_ogv=&#8221;&#8221; bg_video_webm=&#8221;&#8221; row_color_overlay=&#8221;&#8221; row_text_color=&#8221;row_text_select&#8221; row_custom_text_color=&#8221;&#8221; border_color=&#8221;&#8221; border_style=&#8221;solid&#8221; border_width=&#8221;&#8221; margin_top=&#8221;&#8221; margin_bottom=&#8221;&#8221; padding_top=&#8221;&#8221; padding_bottom=&#8221;&#8221; padding_left=&#8221;&#8221; padding_right=&#8221;&#8221; class=&#8221;&#8221;][vc_column width=&#8221;1\/2&#8243;][vc_column_text]<strong>Heiratsantrag:<\/strong><br \/>\nEine Fahrt in einer unserer Luxuslimousinen bietet einen hervorragenden Rahmen f\u00fcr Ihren Antrag.<\/p>\n<p><strong>Jungesell(inn)enabschied:<\/strong><br \/>\nFeiern Sie diesen besonderen Tag, w\u00e4hrend Sie mit Ihren Freunden die Fahrt an Bord einer unserer Stretchlimousinen genie\u00dfen. Durch unsere einmalige Entertainment Ausstattung unserer Fahrzeuge (Karaoke, TV, DVD, Playstation, exklusive Soundanlage, zahlreiche Lichteffekte sowie diverse Getr\u00e4nke in der fahrzeugeigenen Bar) ist auch w\u00e4hrend der Fahrt f\u00fcr ausreichend Unterhaltung gesorgt.<\/p>\n<p><strong>Hochzeit:<\/strong><br \/>\nGenie\u00dfen Sie den sch\u00f6nsten Tag Ihres Lebens und entspannen Sie in einer unserer Luxuslimousinen. Wir dekorieren das Fahrzeug gerne nach Ihren W\u00fcnschen. In der Rubrik Extras finden Sie auch eine Auswahl an Blumengestecken. Sie m\u00f6chten die Limousine gerne mehrere Stunden mieten (z.B f\u00fcr die Fahrt zum Friseur, zum Standesamt, zur Kirche und anschlie\u00dfend zu Ihrer Hochzeitsfeier)? Dann ist unser entsprechendes Kompletttourangebot genau das Richtige f\u00fcr Sie.<\/p>\n<p><strong>Jubil\u00e4um, Jahrestag, Hochzeitstag:<\/strong><br \/>\nNutzen Sie diesen besonderen Anlass doch einmal um sich besinnlich zu zweit oder mit Freunden in einer unserer Luxuslimousinen chauffieren zu lassen.<\/p>\n<p><strong>Muttertag:<\/strong><br \/>\nSchenken Sie Ihrer lieben Mutter einmal etwas ganz besonderes.<\/p>\n<p><strong>Geburtstag:<\/strong><br \/>\nEndlich 18? Ein runder Geburtstag? Feiern Sie doch diesen Tag mit einer Fahrt in unserer Stretchlimousine. Sie brauchen ein besonderes Geschenk f\u00fcr diesen Anlass? Auf Wunsch senden wir Ihnen passend zu jedem Anlass auch kostenlos einen Geschenkgutschein zu.<\/p>\n<p><strong>Letzter Arbeitstag:<\/strong><br \/>\nWie w\u00e4re es wenn Sie Ihren Kollegen einmal zu seinem letzten Arbeitstag mit der Strechlimousine abholen lassen?<\/p>\n<p><strong>Abiball, Abschlussfeier, Studienabschluss, Abigag:<\/strong><br \/>\nGenie\u00dfen Sie passend zu diesem Anlass eine Fahrt in unseren Luxuslimousinen. Sie brauchen mehrere Fahrzeuge? Wir helfen Ihnen gerne.<\/p>\n<p><strong>Night Shuttle:<\/strong><br \/>\nSie wollen einfach nur ein bisschen durch die Nacht cruisen. Wir chauffieren Sie gerne in einer unserer Stretchlimousinen. Wir bieten Ihnen neben zahlreichen Getr\u00e4nken auch ein umfangreiches Entertainment Angebot an (Karaoke, TV, DVD, Playstation, exklusive Soundanlage, zahlreiche Lichteffekte sowie diverse Getr\u00e4nke in der fahrzeugeigenen Bar).<\/p>\n<p><strong>Discotour:<\/strong><br \/>\nUnser Kompletttour Angebot beinhaltet die Fahrt zu drei Diskotheken Ihrer Wahl.<\/p>\n<p><strong>Musical, Konzert, Sportevent, Galaabend:<\/strong><br \/>\nBeginnen Sie den Abend doch mit einem Glas Sekt oder Champagner an Bord einer unserer Luxuslimousinen, w\u00e4hrend wir Sie zu der Veranstaltung chauffieren.<\/p>\n<p><strong>Candlelight Dinner:<\/strong><br \/>\nLassen Sie Ihren romantischen Abend bereits mit einer Fahrt in der Stretchlimousine beginnen.[\/vc_column_text][\/vc_column][vc_column width=&#8221;1\/2&#8243;][vc_column_text]<strong>Casinoabend:<\/strong><br \/>\nFahren Sie mit einer unserer Luxuslimousinen Stilecht vor dem bezaubernden Spielcasino Hohensyburg in Aachen vor.<\/p>\n<p><strong>Urlaub:<\/strong><br \/>\nBeginnen Sie Ihren Urlaub doch einmal mit der Fahrt in einer Luxuslimousine. Wir bringen Sie gerne zum Flughafen. So beginnt Ihr Urlaub bereits an Ihrer Haust\u00fcr.<\/p>\n<p><strong>Einkaufstour, Stadtrundfahrt:<\/strong><br \/>\nWir fahren Sie gerne zu ausgew\u00e4hlten Boutiquen in der Region Aachen. Unsere ortskundigen Chauffeure zeigen Ihnen auch gerne ausgew\u00e4hlte Sehensw\u00fcrdigkeiten in Aachen und Umgebung.<\/p>\n<p><strong>Gesch\u00e4ftser\u00f6ffnung:<\/strong><br \/>\nSie m\u00f6chten Ihren Gesch\u00e4ftspartner einen besonderen Service bieten? Lassen Sie sie doch mit einer unserer Luxuslimousinen abholen. Sie brauchen eine originelle Werbefl\u00e4che zur Gesch\u00e4ftser\u00f6ffnung. Kein Problem, unsere Stretchlimousinen bieten die perfekte Kulisse.<\/p>\n<p><strong>Kundenbetreuung, Gesch\u00e4ftsessen:<\/strong><br \/>\nWir fahren Sie und Ihre Gesch\u00e4ftspartner gerne zu einem Gesch\u00e4ftsessen oder zu anderen Events Ihrer Wahl. Neben einem entspannten Ambiente bietet unsere Stretchlimousine auch einen bordeigenen Laptop mit Internetzugang, so dass Sie und Ihre Gesch\u00e4ftspartner jederzeit auf dem laufenden bleiben.<\/p>\n<p><strong>Flughafentransfer:<\/strong><br \/>\nNutzen Sie unseren Flughafentransferservice f\u00fcr Privat oder Gesch\u00e4ftskunden.<\/p>\n<p><strong>Vereinsausflug, Betriebsausflug:<\/strong><br \/>\nWie w\u00e4re es mal mit einer gemeinsamen Fahrt in einer unserer Strechlimousinen? So machen Sie Ihren Vereins- oder Betriebsausflug zu einem unverge\u00dflichen Erlebnis. Sie brauchen mehrere Limousinen? Kein Problem, wir helfen Ihnen gerne.<\/p>\n<p><strong>Tombola-Gewinn:<\/strong><br \/>\nEgal f\u00fcr welche Veranstaltung, eine Fahrt in einer unserer Stretchlimousinen stellt einen exclusiven Preis oder Gewinn dar.<\/p>\n<p><strong>Weihnachtsfeier:<\/strong><br \/>\nEgal ob zu Ihrer privaten oder betrieblichen Weihnachtsfeier. Eine Fahrt in unseren luxuri\u00f6sen Schlitten bietet Ihnen und ihrer Familie oder Ihren Freunden und Kollegen einen besonderen Rahmen f\u00fcr Ihren Event. Oder feiern Sie gleich in einer unserer Stretchlimousinen. Unsere umfangreiche Entertainment Ausstattung an Bord bietet gen\u00fcgend abwechslungsreiche Unterhaltung (Karaoke, TV, DVD, Playstation, exklusive Soundanlage, zahlreiche Lichteffekte sowie diverse Getr\u00e4nke in der fahrzeugeigenen Bar).<\/p>\n<p><strong>Film- Fernseh- und Werbeaufnahmen:<\/strong><br \/>\nOb als Kulisse f\u00fcr Fotos und Werbeaufnahmen oder als Darsteller f\u00fcr Film- und Fernsehaufnahmen, unsere Luxuslimousinen lassen sich hervorragend in Szene setzen.<\/p>\n<p><strong>Belohnung:<\/strong><br \/>\nAufgeh\u00f6rt zu rauchen? Di\u00e4t erfolgreich beendet? Sie oder Ihre Lieben haben etwas besonderes vollbracht. Belohnen Sie sie doch mit einer exklusiven Fahrt in einer unserer Stretchlimousinen.<\/p>\n<p><strong>Geschenk-Gutschein:<\/strong><br \/>\nAuf Wunsch senden wir Ihnen passend zu jedem Anlass auch kostenlos einen Geschenkgutschein zu.[\/vc_column_text][\/vc_column][\/vc_row]<\/p>\n","protected":false},"excerpt":{"rendered":"<p>[vc_row row_id=&#8221;&#8221; row_type=&#8221;row_center_content&#8221; bg_color=&#8221;&#8221; row_meta_color=&#8221;&#8221; bg_image=&#8221;&#8221; bg_position=&#8221;left top&#8221; bg_repeat=&#8221;no-repeat&#8221; row_parallax=&#8221;&#8221; row_video_bg=&#8221;&#8221; bg_video_mp4=&#8221;&#8221; bg_video_ogv=&#8221;&#8221; bg_video_webm=&#8221;&#8221; row_color_overlay=&#8221;&#8221; row_text_color=&#8221;row_text_select&#8221; row_custom_text_color=&#8221;&#8221; border_color=&#8221;&#8221; border_style=&#8221;solid&#8221; border_width=&#8221;&#8221; margin_top=&#8221;&#8221; &#8230;<\/p>\n","protected":false},"author":1,"featured_media":0,"parent":1019,"menu_order":0,"comment_status":"closed","ping_status":"closed","template":"","meta":{"footnotes":""},"class_list":["post-1025","page","type-page","status-publish","hentry"],"_links":{"self":[{"href":"https:\/\/limousinenservice-wolf.de\/en\/wp-json\/wp\/v2\/pages\/1025","targetHints":{"allow":["GET"]}}],"collection":[{"href":"https:\/\/limousinenservice-wolf.de\/en\/wp-json\/wp\/v2\/pages"}],"about":[{"href":"https:\/\/limousinenservice-wolf.de\/en\/wp-json\/wp\/v2\/types\/page"}],"author":[{"embeddable":true,"href":"https:\/\/limousinenservice-wolf.de\/en\/wp-json\/wp\/v2\/users\/1"}],"replies":[{"embeddable":true,"href":"https:\/\/limousinenservice-wolf.de\/en\/wp-json\/wp\/v2\/comments?post=1025"}],"version-history":[{"count":1,"href":"https:\/\/limousinenservice-wolf.de\/en\/wp-json\/wp\/v2\/pages\/1025\/revisions"}],"predecessor-version":[{"id":1026,"href":"https:\/\/limousinenservice-wolf.de\/en\/wp-json\/wp\/v2\/pages\/1025\/revisions\/1026"}],"up":[{"embeddable":true,"href":"https:\/\/limousinenservice-wolf.de\/en\/wp-json\/wp\/v2\/pages\/1019"}],"wp:attachment":[{"href":"https:\/\/limousinenservice-wolf.de\/en\/wp-json\/wp\/v2\/media?parent=1025"}],"curies":[{"name":"wp","href":"https:\/\/api.w.org\/{rel}","templated":true}]}}