{"id":1120,"date":"2016-08-04T10:49:10","date_gmt":"2016-08-04T08:49:10","guid":{"rendered":"http:\/\/limousinenservice-wolf.de\/?page_id=1120"},"modified":"2019-08-29T12:03:25","modified_gmt":"2019-08-29T10:03:25","slug":"allgemeine-geschaeftsbedinungen","status":"publish","type":"page","link":"https:\/\/limousinenservice-wolf.de\/en\/allgemeine-geschaeftsbedinungen\/","title":{"rendered":"Allgemeine Gesch\u00e4ftsbedingungen"},"content":{"rendered":"<p class=\"qtranxs-available-languages-message qtranxs-available-languages-message-en\">Sorry, this entry is only available in <a href=\"https:\/\/limousinenservice-wolf.de\/de\/wp-json\/wp\/v2\/pages\/1120\" class=\"qtranxs-available-language-link qtranxs-available-language-link-de\" title=\"Deutsch\">Deutsch<\/a>. For the sake of viewer convenience, the content is shown below in the alternative language. You may click the link to switch the active language.<\/p><p>[vc_row][vc_column][vc_column_text]<\/p>\n<h3 style=\"text-align: left;\" align=\"CENTER\"><span style=\"color: #000000;\"><b>Allgemeine Gesch\u00e4ftsbedingungen,\u00a0<\/b><span style=\"font-size: large;\"><b>Limousinenservice Dominik Wolf<\/b><\/span><\/span><\/h3>\n<hr \/>\n<p style=\"text-align: left;\" align=\"CENTER\"><b style=\"color: #c78f57;\">\u00a7 1 Geltungsbereich<\/b><\/p>\n<p style=\"text-align: left;\">Nachstehende Vertragsbedingungen gelten f\u00fcr alle Vertr\u00e4ge bez\u00fcglich der\u00a0Anmietung\u00a0von Limousinen bei\u00a0 Limousinenservice Dominik Wolf, die Bef\u00f6rderung und sonstige Nebenleistungen werden ausschlie\u00dflich auf der Grundlage der nachfolgenden Allgemeinen Gesch\u00e4ftsbedingungen erbracht. Wirksame Nebenabreden werden nicht getroffen.<\/p>\n<hr \/>\n<p style=\"text-align: left;\" align=\"CENTER\"><u><b><\/b><\/u><span style=\"color: #c78f57;\"><b>\u00a7 2 Zustandekommen des Vertrages <\/b><\/span><\/p>\n<p style=\"text-align: left;\">a) Bei einer schriftlichen\/telefonischen Anfrage des Kunden kommt ein Vertrag nur zustande, wenn diese von Limousinenservice Dominik Wolf schriftlich oder telefonisch best\u00e4tigt wird und eine Anzahlung (vom Kunden) termingerecht geleistet wird.<\/p>\n<p style=\"text-align: left;\">b) Die aktuelle Preisliste und die Leistungsbest\u00e4tigung sind Bestandteil der Vertragsbedingungen.<\/p>\n<p style=\"text-align: left;\">c) Bei Vermittlung von Auftr\u00e4gen an Fremdfirmen sind grunds\u00e4tzlich der Kunde und die ausf\u00fchrende Vermietfirma Vertragspartner. Limousinenservice Dominik Wolf ist in diesem Fall ausschlie\u00dflich als Kontaktvermittler t\u00e4tig. Wenn es sich um eine Vermittlung handelt wird dieses von Limousinenservice Dominik Wolf deutlich vermerkt.<\/p>\n<p style=\"text-align: left;\">Haftungsbeschr\u00e4nkungen<br \/>\nBei den einzeln aufgef\u00fchrten Angaben ist Limousinenservice Dominik Wolf auf die Informationen angewiesen, die Limousinenservice Dominik Wolf von den jeweiligen Vermietern erh\u00e4lt. Limousinenservice Dominik Wolf hat keine M\u00f6glichkeit, diese Angaben auf ihre Richtigkeit hin zu \u00fcberpr\u00fcfen und gibt daher keine Garantien oder Zusicherungen hinsichtlich der Vollst\u00e4ndigkeit, Richtigkeit oder Aktualit\u00e4t dieser Information ab. Limousinenservice Dominik Wolf haftet dar\u00fcber hinaus nicht f\u00fcr die Verf\u00fcgbarkeit der Fahrzeuge oder Einzelleistungen zum Zeitpunkt der Buchung oder f\u00fcr die Erbringung der gebuchten Leistung. Eine Haftung von Limousinenservice Dominik Wolf f\u00fcr Sch\u00e4den, die leicht fahrl\u00e4ssig verursacht werden und die nicht auf der Verletzung des Lebens, des K\u00f6rpers oder der Gesundheit beruhen wird ausgeschlossen.\u00a0 Limousinenservice Dominik Wolf vermittelt die Vermietung im Namen und im Auftrag der jeweiligen Fremdfirma und Leistungstr\u00e4ger. Die Durchf\u00fchrung der Vermietungen geh\u00f6rt nicht zum Leistungsumfang von Limousinenservice Dominik Wolf. Wir weisen ausdr\u00fccklich darauf hin, dass die Anmietung der Fahrzeuge ausschlie\u00dflich zwischen Ihnen und dem jeweiligen Vermieter der Fahrzeuge unter Ber\u00fccksichtigung der jeweiligen Gesch\u00e4ftsbedingungen zustande kommt.<\/p>\n<hr \/>\n<p style=\"text-align: left;\" align=\"CENTER\"><u><b><\/b><\/u><span style=\"color: #c78f57;\"><b>Preise \/ Zahlungsbedingungen<\/b><\/span><\/p>\n<p style=\"text-align: left;\">a) Es gelten die am Tag der Fahrt jeweils g\u00fcltigen Preise laut Preisliste von Limousinenservice Dominik Wolf.<\/p>\n<p style=\"text-align: left;\">b) Bei Pauschalvereinbarungen oder von Limousinenservice Dominik Wolf schriftlich oder telefonisch \u00fcbermittelten Angeboten gilt der vereinbarte Preis f\u00fcr die vereinbarte Mietzeit und Fahrleistung.<\/p>\n<p style=\"text-align: left;\">c) Die Zahlung des Buchungspreises ist zu \u00fcberweisen oder in bar bei Limousinenservice Dominik Wolf zu entrichten. Mit dieser Zahlung wird die Buchung wirksam.<\/p>\n<p style=\"text-align: left;\">d) Nur bei kurzfristigen Buchungen kann die Zahlung in bar am Fahrtag (vor Antritt der Fahrt \/ beim Chauffeur) erfolgen.<\/p>\n<p style=\"text-align: left;\">e) Vor Antritt der Fahrt sind 100 Prozent des Fahrtgrundpreises und aller Extras zu entrichten.<\/p>\n<p style=\"text-align: left;\">f) F\u00fcr entstehende Mehrzeiten werden die Preise gem\u00e4\u00df der jeweils g\u00fcltigen Preisliste von Limousinenservice Dominik Wolf berechnet.<\/p>\n<p style=\"text-align: left;\">g) Entstehende Mehrkosten sind sofort (beim Chauffeur) in bar zu begleichen.<\/p>\n<p style=\"text-align: left;\">h) Eventuell anfallende Extras (Getr\u00e4nke\/Blumen), Park- und Stra\u00dfengeb\u00fchren, \u00dcbernachtungskosten, Eintritte, F\u00e4hrkosten, Trinkgelder etc. gehen zu Lasten des Kunden.<\/p>\n<p style=\"text-align: left;\">i) Gutscheine, k\u00f6nnen nur bis zu dem genannten Datum eingel\u00f6st werden. Barauszahlung ist nicht m\u00f6glich. Termin nach Absprache (auch kurzfristig) je nach Verf\u00fcgbarkeit.<\/p>\n<p style=\"text-align: left;\">j) Geb\u00fchren f\u00fcr \u00fcberdurchschnittliche Verunreinigung des oder der Mietfahrzeuge von Limousinenservice Dominik Wolf, sowie anfallende Geb\u00fchren bei Missachtung des Rauchverbotes und des Verzehrverbotes mitgebrachter Speisen und Getr\u00e4nke an Bord der Fahrzeuge von Limousinenservice Dominik Wolf sind sofort (beim Chauffeur) in bar zu begleichen.<\/p>\n<hr \/>\n<p style=\"text-align: left;\" align=\"CENTER\"><u><b><\/b><\/u><strong><span style=\"color: #c78f57;\"><span style=\"font-size: medium;\">\u00a7 4 Vertragsstornierung<\/span><\/span><\/strong><\/p>\n<p style=\"text-align: left;\">a) Beiden Vertragsparteien steht eine Stornierung zu.<\/p>\n<p style=\"text-align: left;\">b) Stornierungen werden nur wirksam, wenn sie schriftlich erfolgen, m\u00fcndliche<br \/>\nStornierungen nur wenn sie von Limousinenservice Dominik Wolf schriftlich best\u00e4tigt werden.<\/p>\n<p style=\"text-align: left;\">c) Bei Stornierungen berechnet Limousinenservice Dominik Wolf folgenden Anteil der vereinbarten Fahrpreises als Aufwendungsersatz:<\/p>\n<p style=\"text-align: left;\">0% bis 8 Wochen vor Antritt der Fahrt,<\/p>\n<p style=\"text-align: left;\">50% bis 4 Wochen vor Antritt der Fahrt,<\/p>\n<p style=\"text-align: left;\">75% bis 2 Wochen vor Antritt der Fahrt,<\/p>\n<p style=\"text-align: left;\">sollte die Stornierung innerhalb weniger als 2 Wochen vor Fahrtantritt erfolgen, f\u00e4llt der gesamte Mietpreis an. Die gesetzliche R\u00fccktrittsfrist wird davon nicht ber\u00fchrt. Ein fr\u00fcherer Abschluss der Mietdauer entbindet den Kunde nicht von seinen vertraglichen Vereinbarungen, insbesondere nicht von seiner Verpflichtung, den vereinbarten Fahrpreis zu zahlen.<\/p>\n<p style=\"text-align: left;\">d) Wird die vereinbarte Leistung ohne schriftliche Stornierung nicht in Anspruch genommen, hat der Kunde den vereinbarten Preis ohne Abz\u00fcge zu zahlen.<\/p>\n<hr \/>\n<p style=\"text-align: left;\"><span style=\"color: #c78f57;\"><b>\u00a7 5 Bef\u00f6rderung<\/b><\/span><\/p>\n<p style=\"text-align: left;\">a) Eine Bef\u00f6rderungspflicht besteht nicht.<\/p>\n<p style=\"text-align: left;\">b) Das Mitbringen von Speisen und Getr\u00e4nken ist nicht erlaubt. Pro Versto\u00df erhebt Limousinenservice Dominik Wolf eine Geb\u00fchr von 150,00 \u20ac<\/p>\n<p style=\"text-align: left;\">c) Die Mitnahme von Haustieren ist nicht gestattet.<\/p>\n<p style=\"text-align: left;\">d) Im Fahrzeug ist ABSOLUTES Rauchverbot. Pro Versto\u00df erhebt Limousinenservice Dominik Wolf eine Geb\u00fchr von 150,00 \u20ac<\/p>\n<p style=\"text-align: left;\">e) Limousinenservice Dominik Wolf ist berechtigt jederzeit vom Vertrag zur\u00fcckzutreten, wenn die Durchf\u00fchrung der Fahrt unm\u00f6glich wird, oder der Kunde eine ihm nach diesen Vertragsbestimmungen obliegende Pflicht verletzt, insbesondere die nach $3 bestimmte Zahlung des Fahrpreises nicht leistet.<\/p>\n<p style=\"text-align: left;\">f) Weiterhin ist Limousinenservice Dominik Wolf berechtigt jederzeit vom Vertrag zur\u00fcckzutreten, wenn sich Fahrg\u00e4ste den notwendigen Anweisungen des Chauffeurs widersetzen, die eine Gef\u00e4hrdung gem\u00e4\u00df der StVO, oder der Sicherheit des Stra\u00dfenverkehrs durch Beeintr\u00e4chtigungen des Chauffeurs darstellen.<br \/>\nIn diesem Fall berechnet Limousinenservice Dominik Wolf den vollen Fahrtpreis einschlie\u00dflich aller Neben- und Sonderleistungen. Der Chauffeur ist berechtigt, die Passagiere von der Bef\u00f6rderung auszuschlie\u00dfen.<\/p>\n<hr \/>\n<p style=\"text-align: left;\"><span style=\"color: #c78f57;\"><b>\u00a7 6 Verz\u00f6gerungen<\/b><\/span><\/p>\n<p style=\"text-align: left;\">Mehrkosten durch Verz\u00f6gerungen gehen zu Lasten des Kunden, es sei denn, die Verz\u00f6gerungen beruhen auf einem Verschulden von Limousinenservice Dominik Wolf oder des Chauffeurs.<\/p>\n<hr \/>\n<p style=\"text-align: left;\" align=\"CENTER\"><u><b><\/b><\/u><span style=\"color: #c78f57;\"><b>\u00a7 7 Haftung des Kunden<\/b><\/span><\/p>\n<p style=\"text-align: left;\">a) Der Kunde haftet f\u00fcr alle von ihm und den anderen Fahrg\u00e4sten hervorgerufenen Sch\u00e4den (das beinhaltet auch: Diebstahl und Vandalismus) oder\u00a0\u00fcberm\u00e4\u00dfigen Verschmutzungen jeglicher Art. Bei Verunreinigungen durch F\u00e4kalien, K\u00f6rperfl\u00fcssigkeiten (Blut, Sperma, Erbrochenes) erhebt Limousinenservice Wolf eine Reinigungsgeb\u00fchr von 350,00 \u20ac. Die Geb\u00fchr ist sofort (beim Chauffeur) in bar zu begleichen. Dar\u00fcber hinaus bestehende Anspr\u00fcche bleiben auch bei Zahlung der Geb\u00fchr bestehen.<\/p>\n<p style=\"text-align: left;\">b) Vom Kunden (oder von ihm beauftragten Dritten) angebrachte Beschriftungen, Anbauten und Dekorationen sind vom Kunden wieder zu entfernen. Er haftet f\u00fcr alle Folgesch\u00e4den. Risiken w\u00e4hrend Film\/Fotoauftr\u00e4gen oder \u00e4hnlichen Aktionen au\u00dferhalb der reinen Personenbef\u00f6rderung sind durch eine vom Kunden abzuschlie\u00dfende Zusatzversicherung (z.B. Requisitenversicherung) zu versichern.<\/p>\n<p style=\"text-align: left;\">c) Im Fahrzeug gilt Gurtpflicht, bei Nichteinhaltung k\u00f6nnen KEINE Schadensanspr\u00fcche geltend gemacht werden.<\/p>\n<hr \/>\n<p style=\"text-align: left;\"><span style=\"color: #c78f57;\"><b>\u00a7 8 Haftung von Limousinenservice Dominik Wolf<\/b><\/span><\/p>\n<p style=\"text-align: left;\">a) Limousinenservice Dominik Wolf ist nach \u00a749 Personenbef\u00f6rderungsgesetz f\u00fcr den Verkehr mit Mietwagen zugelassen!!<\/p>\n<p style=\"text-align: left;\">b) Limousinenservice Dominik Wolf versichert, dass die Stretchlimousinen, Modell Lincoln Town Car, Baujahr 1999 und Modell Lincoln Town Car, Baujahr 2005, die zum Verkehr auf \u00f6ffentlichen Stra\u00dfen\u00a0benutzt werden, der StVO entsprechen, T\u00dcV abgenommen und ordnungsgem\u00e4\u00df haftpflichtversichert sind.<\/p>\n<p style=\"text-align: left;\">c) Die Chauffeure von Limousinenservice Dominik Wolf sind im Besitz eines g\u00fcltigen Personenbef\u00f6rderungsscheins.<\/p>\n<p style=\"text-align: left;\">d) F\u00fcr eine nicht termingerechte Verf\u00fcgunkstellung von Fahrzeugen oder f\u00fcr die Folgen technischer Defekte \u00fcbernimmt Limousinenservice Dominik Wolf keinerlei Haftung. Das Geltendmachen von dadurch entstehenden Verm\u00f6genssch\u00e4den durch den Kunden ist ausgeschlossen. Sollte die Fahrt durch einen anderen Unternehmer ausgef\u00fchrt werden, \u00fcbernimmt Limousinenservice Dominik Wolf keinerlei Haftung. Eventuelle Anspr\u00fcche sind direkt an das beauftragte Unternehmen zu richten.<\/p>\n<p style=\"text-align: left;\">e) Limousinenservice Dominik Wolf ist aufgrund einer gesetzlichen Anordnung von Fahrverbot wegen Ozon-, Smogalarm, usw. von seiner Leistungspflicht befreit. Bei Einwirkung h\u00f6herer Gewalt ( widrigen Stra\u00dfenverh\u00e4ltnissen ) wie z.b. Schnee, Glatteis, Sturm, dichter Nebel, Hagel beh\u00e4lt sich Limousinenservice Dominik Wolf das Recht vor, einen Ausweichtermin zu vereinbaren oder die Fahrt abzusagen.<\/p>\n<p style=\"text-align: left;\">f) Der Chauffeur ist bei einem unerwartet auftretenden Schaden berechtigt, das Mietverh\u00e4ltnis aus Sicherheitsgr\u00fcnden abzubrechen.<\/p>\n<hr \/>\n<p style=\"text-align: left;\"><span style=\"color: #c78f57;\"><b>\u00a7 9 Versicherungsschutz<\/b><\/span><b><\/b><\/p>\n<p>F\u00fcr die Stretchlimousinen von Limousinenservice Dominik Wolf, besteht eine Personenmietwagenversicherung.<\/p>\n<hr \/>\n<p style=\"text-align: left;\" align=\"CENTER\"><b style=\"color: #c78f57;\">\u00a7 10 Datenschutz<\/b><\/p>\n<p style=\"text-align: left;\">a) Limousinenservice Dominik Wolf versichert, dass s\u00e4mtliche Daten vertraulich behandelt werden. An Dritte wird Limousinenservice Dominik Wolf keine Daten weitergeben.<\/p>\n<p style=\"text-align: left;\">b) Der Kunde gibt sein Einverst\u00e4ndnis, dass das durch Limousinenservice Dominik Wolf angefertigte (oder von Kunde bereitgestellte) Bildmaterial und Filmmaterial f\u00fcr Werbezwecke verwertet werden darf. Falls der Kunde dies nicht w\u00fcnscht, muss er dies Limousinenservice Dominik Wolf ausdr\u00fccklich vor Buchungsbeginn erkl\u00e4ren.<\/p>\n<hr \/>\n<p style=\"text-align: left;\"><span style=\"color: #c78f57;\"><b>\u00a7 11 Erf\u00fcllungsort und Gerichtsstand<\/b><\/span><\/p>\n<p style=\"text-align: left;\">a) Erf\u00fcllungsort ist Aachen.<\/p>\n<p style=\"text-align: left;\">b) Als vereinbarter Gerichtsstand f\u00fcr alle Streitigkeiten und beide Seiten gilt Aachen.<\/p>\n<hr \/>\n<p style=\"text-align: left;\"><span style=\"color: #c78f57;\"><b>\u00a7 12 Salvatoresche Klausel<\/b><\/span><\/p>\n<p style=\"text-align: left;\">Sollten einzelne Bestimmungen dieser Allgemeinen Gesch\u00e4ftsbedingungen ganz oder teilweise unwirksam sein oder werden, so wird dadurch die Rechtswirksamkeit der \u00fcbrigen Bestimmungen nicht ber\u00fchrt.<\/p>\n<p style=\"text-align: left;\">In diesem Fall geltend diejenigen gesetzlichen Vorschriften die dem Inhalt der Klausel am n\u00e4chsten kommen. Dasselbe gilt, soweit diese Bestimmungen eine nicht vorhergesehene L\u00fccke aufweisen.<\/p>\n<p style=\"text-align: left;\">Diese Nutzungsbedingungen k\u00f6nnen jederzeit von Limousinenservice Dominik Wolf ohne gesonderte Benachrichtigung ge\u00e4ndert werden.<\/p>\n<hr \/>\n<p style=\"text-align: left;\" align=\"CENTER\"><span style=\"color: #c78f57;\"><span style=\"font-size: small;\"><b>Haftungsausschluss:<\/b><\/span><\/span><span style=\"color: #000080;\"><span style=\"font-size: small;\"><b><br \/>\n<\/b><\/span><\/span><span style=\"font-size: small;\"><b><br \/>\n<\/b><\/span><span style=\"color: #c78f57;\"><span style=\"font-size: small;\">1. Inhalt des Onlineangebotes<\/span><\/span><span style=\"color: #000080;\"><span style=\"font-size: small;\"><br \/>\n<\/span><\/span><span style=\"font-size: small;\">Der Autor und die Informationszubringer sind stets bem\u00fcht, qualitativ hochwertige Informationen zur Verf\u00fcgung zu stellen. Trotzdem \u00fcbernimmt der Autor keinerlei Gew\u00e4hr f\u00fcr die Aktualit\u00e4t, Korrektheit, Vollst\u00e4ndigkeit oder Qualit\u00e4t der bereitgestellten Informationen. Haftungsanspr\u00fcche gegen den Autor, die sich auf Sch\u00e4den materieller oder ideeller Art beziehen, welche durch die Nutzung oder Nichtnutzung der dargebotenen Informationen bzw. durch die Nutzung fehlerhafter und unvollst\u00e4ndiger Informationen verursacht wurden sind grunds\u00e4tzlich ausgeschlossen, sofern seitens des Autors kein nachweislich vors\u00e4tzliches oder grob fahrl\u00e4ssiges Verschulden vorliegt. Alle Angebote sind freibleibend und unverbindlich. Der Autor beh\u00e4lt es sich ausdr\u00fccklich vor, Teile der Seiten oder das gesamte Angebot ohne gesonderte Ank\u00fcndigung zu ver\u00e4ndern, zu erg\u00e4nzen, zu l\u00f6schen oder die Ver\u00f6ffentlichung zeitweise oder endg\u00fcltig einzustellen.<\/span><\/p>\n<p><span style=\"color: #c78f57;\"><span style=\"font-size: small;\">2. Verweise und Links<\/span><\/span><span style=\"color: #000080;\"><span style=\"font-size: small;\"><br \/>\n<\/span><\/span><span style=\"font-size: small;\">Sofern auf Verweisziele (&#8220;Links&#8221;) direkt oder indirekt verwiesen wird, die au\u00dferhalb des Verantwortungsbereiches des Autors liegen, haftet dieser nur dann, wenn er von den Inhalten Kenntnis hat und es ihm technisch m\u00f6glich und zumutbar w\u00e4re, die Nutzung im Falle rechtswidriger Inhalte zu verhindern. F\u00fcr dar\u00fcber hinausgehende Inhalte und insbesondere f\u00fcr Sch\u00e4den, die aus der Nutzung oder Nichtnutzung solcherart dargebotener Informationen entstehen, haftet allein der Anbieter dieser Seiten, nicht derjenige, der \u00fcber Links auf die jeweilige Ver\u00f6ffentlichung lediglich verweist. Diese Einschr\u00e4nkung gilt gleicherma\u00dfen auch f\u00fcr Fremdeintr\u00e4ge in vom Autor eingerichteten G\u00e4steb\u00fcchern, Diskussionsforen und Mailinglisten.<\/span><\/p>\n<p><span style=\"color: #c78f57;\"><span style=\"font-size: small;\">3. Urheberrecht<\/span><\/span><span style=\"color: #000080;\"><span style=\"font-size: small;\"><br \/>\n<\/span><\/span><span style=\"font-size: small;\">Der Autor ist bestrebt, in allen Publikationen die Urheberrechte der verwendeten Grafiken, Sounds und Texte zu beachten, von ihm selbst erstellte Grafiken, Sounds und Texte zu nutzen oder auf lizenzfreie Grafiken, Sounds und Texte zur\u00fcckzugreifen. Sollte sich auf den jeweiligen Seiten dennoch eine ungekennzeichnete, aber durch fremdes Copyright gesch\u00fctzte Grafik, ein Sound oder Text befinden, so konnte das Copyright vom Autor nicht festgestellt werden. Im Falle einer solchen unbeabsichtigten Copyrightverletzung wird der Autor das entsprechende Objekt nach Benachrichtigung aus seiner Publikation entfernen bzw. mit dem entsprechenden Copyright kenntlich machen.<\/span><\/p>\n<p><span style=\"color: #c78f57;\"><span style=\"font-size: small;\">4. Rechtswirksamkeit dieses Haftungsausschlusses<\/span><\/span><span style=\"color: #000080;\"><span style=\"font-size: small;\"><br \/>\n<\/span><\/span><span style=\"font-size: small;\">Dieser Haftungsausschluss ist als Teil des Internetangebotes zu betrachten, von dem aus auf diese Seite verwiesen wurde. Sofern Teile oder einzelne Formulierungen dieses Textes der geltenden Rechtslage nicht, nicht mehr oder nicht vollst\u00e4ndig entsprechen sollten, bleiben die \u00fcbrigen Teile des Dokumentes in ihrem Inhalt und ihrer G\u00fcltigkeit davon unber\u00fchrt.<\/span><\/p>\n<hr \/>\n<p style=\"text-align: left;\" align=\"CENTER\"><b>Aachen, den 01. August 2016<\/b><\/p>\n<p>[\/vc_column_text][\/vc_column][\/vc_row]<\/p>","protected":false},"excerpt":{"rendered":"<p>Sorry, this entry is only available in Deutsch. For the sake of viewer convenience, the content is shown below in the &#8230;<\/p>\n","protected":false},"author":2,"featured_media":0,"parent":0,"menu_order":0,"comment_status":"closed","ping_status":"closed","template":"","meta":{"footnotes":""},"class_list":["post-1120","page","type-page","status-publish","hentry"],"_links":{"self":[{"href":"https:\/\/limousinenservice-wolf.de\/en\/wp-json\/wp\/v2\/pages\/1120","targetHints":{"allow":["GET"]}}],"collection":[{"href":"https:\/\/limousinenservice-wolf.de\/en\/wp-json\/wp\/v2\/pages"}],"about":[{"href":"https:\/\/limousinenservice-wolf.de\/en\/wp-json\/wp\/v2\/types\/page"}],"author":[{"embeddable":true,"href":"https:\/\/limousinenservice-wolf.de\/en\/wp-json\/wp\/v2\/users\/2"}],"replies":[{"embeddable":true,"href":"https:\/\/limousinenservice-wolf.de\/en\/wp-json\/wp\/v2\/comments?post=1120"}],"version-history":[{"count":4,"href":"https:\/\/limousinenservice-wolf.de\/en\/wp-json\/wp\/v2\/pages\/1120\/revisions"}],"predecessor-version":[{"id":4587,"href":"https:\/\/limousinenservice-wolf.de\/en\/wp-json\/wp\/v2\/pages\/1120\/revisions\/4587"}],"wp:attachment":[{"href":"https:\/\/limousinenservice-wolf.de\/en\/wp-json\/wp\/v2\/media?parent=1120"}],"curies":[{"name":"wp","href":"https:\/\/api.w.org\/{rel}","templated":true}]}}