{"id":1220,"date":"2016-12-28T13:20:10","date_gmt":"2016-12-28T12:20:10","guid":{"rendered":"http:\/\/limousinenservice-wolf.de\/?page_id=1220"},"modified":"2017-07-14T18:21:23","modified_gmt":"2017-07-14T16:21:23","slug":"blumendekoration","status":"publish","type":"page","link":"https:\/\/limousinenservice-wolf.de\/en\/extras-neu\/blumendekoration\/","title":{"rendered":"Blumendekoration"},"content":{"rendered":"<p class=\"qtranxs-available-languages-message qtranxs-available-languages-message-en\">Sorry, this entry is only available in <a href=\"https:\/\/limousinenservice-wolf.de\/de\/wp-json\/wp\/v2\/pages\/1220\" class=\"qtranxs-available-language-link qtranxs-available-language-link-de\" title=\"Deutsch\">Deutsch<\/a>. For the sake of viewer convenience, the content is shown below in the alternative language. You may click the link to switch the active language.<\/p><p>[vc_row][vc_column][vc_column_text]Finden Sie unter einer Auswahl unserer Seidenblumenarrangements die passende Dekoration f\u00fcr Ihren Event. Unsere Blumenarrangements wurden von uns in Handarbeit gefertigt und unterscheiden sich daher in Qualit\u00e4t, Verarbeitung und der Auswahl der Materialien positiv von preiswerten Blumenarrangements, die Sie im Internet angeboten bekommen. Der Vorteil eines Seidenblumenarrangements gegen\u00fcber nat\u00fcrlichen Blumen liegt in der Haltbarkeit wenn diese auf unseren Fahrzeugen verschiedenen Witterungsbedingungen wie Fahrtwind, Regen, Schnee oder Hitze durch Sonneneinstrahlung und Motorw\u00e4rme, ausgesetzt sind. Zudem bieten Sie auch preislich durch die g\u00fcnstige Mietgeb\u00fchr eine attraktive Alternative zu einem k\u00e4uflich zu erwerbenden Echtblumenschmuck, der meist nicht unter 100,00 \u20ac zu bekommen ist.[\/vc_column_text][\/vc_column][\/vc_row][vc_row][vc_column][vc_separator color=&#8221;custom&#8221; align=&#8221;align_left&#8221; border_width=&#8221;2&#8243; el_width=&#8221;20&#8243; accent_color=&#8221;#c3a370&#8243;][\/vc_column][\/vc_row][vc_row][vc_column][vc_column_text]<\/p>\n<h4><strong>Mietpreis Blumenbouquets je 35,00 \u20ac<\/strong><\/h4>\n<p>[\/vc_column_text][\/vc_column][\/vc_row][vc_row][vc_column width=&#8221;1\/4&#8243;][vc_column_text]<a href=\"http:\/\/limousinenservice-wolf.de\/wp-content\/uploads\/2016\/05\/20160702_104103.jpg\"><img loading=\"lazy\" decoding=\"async\" class=\"alignnone size-medium wp-image-1179\" src=\"http:\/\/limousinenservice-wolf.de\/wp-content\/uploads\/2016\/05\/20160702_104103-300x169.jpg\" alt=\"20160702_104103\" width=\"300\" height=\"169\" srcset=\"https:\/\/limousinenservice-wolf.de\/wp-content\/uploads\/2016\/05\/20160702_104103-300x169.jpg 300w, https:\/\/limousinenservice-wolf.de\/wp-content\/uploads\/2016\/05\/20160702_104103-350x197.jpg 350w, https:\/\/limousinenservice-wolf.de\/wp-content\/uploads\/2016\/05\/20160702_104103-768x432.jpg 768w, https:\/\/limousinenservice-wolf.de\/wp-content\/uploads\/2016\/05\/20160702_104103-1024x576.jpg 1024w\" sizes=\"auto, (max-width: 300px) 100vw, 300px\" \/><\/a>[\/vc_column_text][\/vc_column][vc_column width=&#8221;1\/4&#8243;][vc_column_text]<a href=\"http:\/\/limousinenservice-wolf.de\/wp-content\/uploads\/2016\/05\/Blumenbouquet-Weiss.jpg\"><img loading=\"lazy\" decoding=\"async\" class=\"alignnone size-medium wp-image-949\" src=\"http:\/\/limousinenservice-wolf.de\/wp-content\/uploads\/2016\/05\/Blumenbouquet-Weiss-300x225.jpg\" alt=\"Blumenbouquet-Weiss\" width=\"300\" height=\"225\" srcset=\"https:\/\/limousinenservice-wolf.de\/wp-content\/uploads\/2016\/05\/Blumenbouquet-Weiss-300x225.jpg 300w, https:\/\/limousinenservice-wolf.de\/wp-content\/uploads\/2016\/05\/Blumenbouquet-Weiss-350x262.jpg 350w, https:\/\/limousinenservice-wolf.de\/wp-content\/uploads\/2016\/05\/Blumenbouquet-Weiss-768x576.jpg 768w, https:\/\/limousinenservice-wolf.de\/wp-content\/uploads\/2016\/05\/Blumenbouquet-Weiss-1024x768.jpg 1024w\" sizes=\"auto, (max-width: 300px) 100vw, 300px\" \/><\/a>[\/vc_column_text][\/vc_column][vc_column width=&#8221;1\/4&#8243;][vc_column_text]<a href=\"http:\/\/limousinenservice-wolf.de\/wp-content\/uploads\/2016\/05\/Blumenbouquet-Flieder.jpg\"><img loading=\"lazy\" decoding=\"async\" class=\"alignnone size-medium wp-image-948\" src=\"http:\/\/limousinenservice-wolf.de\/wp-content\/uploads\/2016\/05\/Blumenbouquet-Flieder-300x223.jpg\" alt=\"Blumenbouquet-Flieder\" width=\"300\" height=\"223\" srcset=\"https:\/\/limousinenservice-wolf.de\/wp-content\/uploads\/2016\/05\/Blumenbouquet-Flieder-300x223.jpg 300w, https:\/\/limousinenservice-wolf.de\/wp-content\/uploads\/2016\/05\/Blumenbouquet-Flieder-350x260.jpg 350w, https:\/\/limousinenservice-wolf.de\/wp-content\/uploads\/2016\/05\/Blumenbouquet-Flieder.jpg 531w\" sizes=\"auto, (max-width: 300px) 100vw, 300px\" \/><\/a>[\/vc_column_text][\/vc_column][vc_column width=&#8221;1\/4&#8243;][\/vc_column][\/vc_row][vc_row][vc_column][vc_separator color=&#8221;custom&#8221; align=&#8221;align_left&#8221; border_width=&#8221;2&#8243; el_width=&#8221;20&#8243; accent_color=&#8221;#c3a370&#8243;][\/vc_column][\/vc_row][vc_row][vc_column][vc_column_text]<\/p>\n<h4><strong>Mietpreis Blumengirlanden je 25,00 \u20ac\u00a0<\/strong><\/h4>\n<p>[\/vc_column_text][\/vc_column][\/vc_row][vc_row][vc_column width=&#8221;1\/4&#8243;][vc_column_text]<a href=\"http:\/\/limousinenservice-wolf.de\/wp-content\/uploads\/2016\/05\/Lincoln-mit-Blumengirlande-rot.jpg\"><img loading=\"lazy\" decoding=\"async\" class=\"alignnone size-medium wp-image-956\" src=\"http:\/\/limousinenservice-wolf.de\/wp-content\/uploads\/2016\/05\/Lincoln-mit-Blumengirlande-rot-300x169.jpg\" alt=\"Lincoln-mit-Blumengirlande-rot\" width=\"300\" height=\"169\" srcset=\"https:\/\/limousinenservice-wolf.de\/wp-content\/uploads\/2016\/05\/Lincoln-mit-Blumengirlande-rot-300x169.jpg 300w, https:\/\/limousinenservice-wolf.de\/wp-content\/uploads\/2016\/05\/Lincoln-mit-Blumengirlande-rot-350x197.jpg 350w, https:\/\/limousinenservice-wolf.de\/wp-content\/uploads\/2016\/05\/Lincoln-mit-Blumengirlande-rot-768x432.jpg 768w, https:\/\/limousinenservice-wolf.de\/wp-content\/uploads\/2016\/05\/Lincoln-mit-Blumengirlande-rot-1024x576.jpg 1024w\" sizes=\"auto, (max-width: 300px) 100vw, 300px\" \/><\/a>[\/vc_column_text][\/vc_column][vc_column width=&#8221;1\/4&#8243;][vc_column_text]<a href=\"http:\/\/limousinenservice-wolf.de\/wp-content\/uploads\/2017\/01\/Hauptkategoriebild-Extras-Blumendekoration.jpg\"><img loading=\"lazy\" decoding=\"async\" class=\"alignnone size-medium wp-image-1297\" src=\"http:\/\/limousinenservice-wolf.de\/wp-content\/uploads\/2017\/01\/Hauptkategoriebild-Extras-Blumendekoration-300x169.jpg\" alt=\"Hauptkategoriebild-Extras-Blumendekoration\" width=\"300\" height=\"169\" srcset=\"https:\/\/limousinenservice-wolf.de\/wp-content\/uploads\/2017\/01\/Hauptkategoriebild-Extras-Blumendekoration-300x169.jpg 300w, https:\/\/limousinenservice-wolf.de\/wp-content\/uploads\/2017\/01\/Hauptkategoriebild-Extras-Blumendekoration-350x197.jpg 350w, https:\/\/limousinenservice-wolf.de\/wp-content\/uploads\/2017\/01\/Hauptkategoriebild-Extras-Blumendekoration-768x432.jpg 768w, https:\/\/limousinenservice-wolf.de\/wp-content\/uploads\/2017\/01\/Hauptkategoriebild-Extras-Blumendekoration-1024x576.jpg 1024w\" sizes=\"auto, (max-width: 300px) 100vw, 300px\" \/><\/a>[\/vc_column_text][\/vc_column][vc_column width=&#8221;1\/4&#8243;][vc_column_text]<a href=\"http:\/\/limousinenservice-wolf.de\/wp-content\/uploads\/2016\/05\/DSC00032.jpg\"><img loading=\"lazy\" decoding=\"async\" class=\"alignnone size-medium wp-image-952\" src=\"http:\/\/limousinenservice-wolf.de\/wp-content\/uploads\/2016\/05\/DSC00032-300x225.jpg\" alt=\"DSC00032\" width=\"300\" height=\"225\" srcset=\"https:\/\/limousinenservice-wolf.de\/wp-content\/uploads\/2016\/05\/DSC00032-300x225.jpg 300w, https:\/\/limousinenservice-wolf.de\/wp-content\/uploads\/2016\/05\/DSC00032-350x263.jpg 350w, https:\/\/limousinenservice-wolf.de\/wp-content\/uploads\/2016\/05\/DSC00032-768x576.jpg 768w, https:\/\/limousinenservice-wolf.de\/wp-content\/uploads\/2016\/05\/DSC00032-1024x768.jpg 1024w, https:\/\/limousinenservice-wolf.de\/wp-content\/uploads\/2016\/05\/DSC00032.jpg 1632w\" sizes=\"auto, (max-width: 300px) 100vw, 300px\" \/><\/a>[\/vc_column_text][\/vc_column][vc_column width=&#8221;1\/4&#8243;][vc_column_text]<a href=\"http:\/\/limousinenservice-wolf.de\/wp-content\/uploads\/2016\/05\/DSC00173.jpg\"><img loading=\"lazy\" decoding=\"async\" class=\"alignnone size-medium wp-image-953\" src=\"http:\/\/limousinenservice-wolf.de\/wp-content\/uploads\/2016\/05\/DSC00173-300x225.jpg\" alt=\"DSC00173\" width=\"300\" height=\"225\" srcset=\"https:\/\/limousinenservice-wolf.de\/wp-content\/uploads\/2016\/05\/DSC00173-300x225.jpg 300w, https:\/\/limousinenservice-wolf.de\/wp-content\/uploads\/2016\/05\/DSC00173-350x263.jpg 350w, https:\/\/limousinenservice-wolf.de\/wp-content\/uploads\/2016\/05\/DSC00173-768x576.jpg 768w, https:\/\/limousinenservice-wolf.de\/wp-content\/uploads\/2016\/05\/DSC00173-1024x768.jpg 1024w, https:\/\/limousinenservice-wolf.de\/wp-content\/uploads\/2016\/05\/DSC00173.jpg 1280w\" sizes=\"auto, (max-width: 300px) 100vw, 300px\" \/><\/a>[\/vc_column_text][\/vc_column][\/vc_row]<\/p>","protected":false},"excerpt":{"rendered":"<p>Sorry, this entry is only available in Deutsch. For the sake of viewer convenience, the content is shown below in the &#8230;<\/p>\n","protected":false},"author":1,"featured_media":0,"parent":1214,"menu_order":0,"comment_status":"closed","ping_status":"closed","template":"","meta":{"footnotes":""},"class_list":["post-1220","page","type-page","status-publish","hentry"],"_links":{"self":[{"href":"https:\/\/limousinenservice-wolf.de\/en\/wp-json\/wp\/v2\/pages\/1220","targetHints":{"allow":["GET"]}}],"collection":[{"href":"https:\/\/limousinenservice-wolf.de\/en\/wp-json\/wp\/v2\/pages"}],"about":[{"href":"https:\/\/limousinenservice-wolf.de\/en\/wp-json\/wp\/v2\/types\/page"}],"author":[{"embeddable":true,"href":"https:\/\/limousinenservice-wolf.de\/en\/wp-json\/wp\/v2\/users\/1"}],"replies":[{"embeddable":true,"href":"https:\/\/limousinenservice-wolf.de\/en\/wp-json\/wp\/v2\/comments?post=1220"}],"version-history":[{"count":13,"href":"https:\/\/limousinenservice-wolf.de\/en\/wp-json\/wp\/v2\/pages\/1220\/revisions"}],"predecessor-version":[{"id":1623,"href":"https:\/\/limousinenservice-wolf.de\/en\/wp-json\/wp\/v2\/pages\/1220\/revisions\/1623"}],"up":[{"embeddable":true,"href":"https:\/\/limousinenservice-wolf.de\/en\/wp-json\/wp\/v2\/pages\/1214"}],"wp:attachment":[{"href":"https:\/\/limousinenservice-wolf.de\/en\/wp-json\/wp\/v2\/media?parent=1220"}],"curies":[{"name":"wp","href":"https:\/\/api.w.org\/{rel}","templated":true}]}}