{"id":1224,"date":"2016-12-28T13:20:48","date_gmt":"2016-12-28T12:20:48","guid":{"rendered":"http:\/\/limousinenservice-wolf.de\/?page_id=1224"},"modified":"2017-07-14T18:00:59","modified_gmt":"2017-07-14T16:00:59","slug":"magnettafeln-hochzeiten","status":"publish","type":"page","link":"https:\/\/limousinenservice-wolf.de\/en\/extras-neu\/magnettafeln-hochzeiten\/","title":{"rendered":"Magnettafeln Hochzeiten"},"content":{"rendered":"<p class=\"qtranxs-available-languages-message qtranxs-available-languages-message-en\">Sorry, this entry is only available in <a href=\"https:\/\/limousinenservice-wolf.de\/de\/wp-json\/wp\/v2\/pages\/1224\" class=\"qtranxs-available-language-link qtranxs-available-language-link-de\" title=\"Deutsch\">Deutsch<\/a>. For the sake of viewer convenience, the content is shown below in the alternative language. You may click the link to switch the active language.<\/p><p>[vc_row][vc_column][vc_column_text]<\/p>\n<div class=\"wpb_text_column wpb_content_element \">\n<div class=\"wpb_wrapper\">\n<p>Ganz neu im Programm; unsere Magnettafeln in den Ma\u00dfen B: 70cm, H: 30cm. Diese werden an den hinteren Fahrzeugt\u00fcren angebracht. Die Magnettafeln sind in 3 verschiedenen Designs mit der Aufschrift \u201eJust Married\u201c paarweise zu mieten, oder k\u00f6nnen auf Basis einer der 3 Designvorlagen, personalisiert mit Namen und Hochzeitsdatum des Brautpaares, f\u00fcr Ihren besonderen Tag angefertigt werden. Selbstverst\u00e4ndlich k\u00f6nnen wir diese auch nach Ihrer eigenen Vorlage &#8220;individuell&#8221; f\u00fcr Sie erstellten. Im Anschluss an Ihre Buchung d\u00fcrfen Sie Ihre personalisierten oder nach eigener Vorlage f\u00fcr Sie erstellten Magnettafeln gerne als besonderes Erinnerungst\u00fcck mitnehmen. W\u00e4hlen Sie bei Ihrer Buchung einfach \u201eMagnettafeln individuelles Design\u201c unter Extras in den Buchungsformularen und senden Sie uns im Anschluss Ihre Datei im PDF-Format unter info@limousinenservice-wolf.de zu. Bei Magnettafeln der Kategorie &#8220;personalisierten Designvorlagen&#8221; bitten wir Sie Ihre Vornamen und Ihr Hochzeitsdatum einfach mit der \u00dcberschrift &#8220;Magnettafeln personalisierte Designvorlage&#8221; in dem Textfeld &#8220;Besondere W\u00fcnsche&#8221; im Online-Buchungsformular einzutragen.\u00a0 Die Bearbeitungsdauer betr\u00e4gt in der Regel 5 Werktage, bei kurzfristigeren Buchungsw\u00fcnschen k\u00f6nnen wir eine fristgerechte Fertigstellung nicht garantieren.<\/p>\n<p><strong>\u00a0<\/strong><\/p>\n<\/div>\n<\/div>\n<p>[\/vc_column_text][\/vc_column][\/vc_row][vc_row][vc_column][vc_separator color=&#8221;custom&#8221; align=&#8221;align_left&#8221; border_width=&#8221;2&#8243; el_width=&#8221;20&#8243; accent_color=&#8221;#c3a370&#8243;][\/vc_column][\/vc_row][vc_row][vc_column][vc_column_text]<\/p>\n<h4><strong>Mietgeb\u00fchr pro 2 Stk. Magnettafeln &#8220;Just Married&#8221; Designvorlage: 20,00 \u20ac<\/strong><\/h4>\n<p>[\/vc_column_text][\/vc_column][\/vc_row][vc_row][vc_column width=&#8221;1\/3&#8243;][vc_column_text]<a href=\"http:\/\/limousinenservice-wolf.de\/wp-content\/uploads\/2016\/05\/62A6472.jpg\"><img loading=\"lazy\" decoding=\"async\" class=\"alignnone size-medium wp-image-946\" src=\"http:\/\/limousinenservice-wolf.de\/wp-content\/uploads\/2016\/05\/62A6472-300x200.jpg\" alt=\"62A6472\" width=\"300\" height=\"200\" srcset=\"https:\/\/limousinenservice-wolf.de\/wp-content\/uploads\/2016\/05\/62A6472-300x200.jpg 300w, https:\/\/limousinenservice-wolf.de\/wp-content\/uploads\/2016\/05\/62A6472-350x233.jpg 350w, https:\/\/limousinenservice-wolf.de\/wp-content\/uploads\/2016\/05\/62A6472-768x512.jpg 768w, https:\/\/limousinenservice-wolf.de\/wp-content\/uploads\/2016\/05\/62A6472-1024x683.jpg 1024w, https:\/\/limousinenservice-wolf.de\/wp-content\/uploads\/2016\/05\/62A6472.jpg 1200w\" sizes=\"auto, (max-width: 300px) 100vw, 300px\" \/><\/a>[\/vc_column_text][\/vc_column][vc_column width=&#8221;1\/3&#8243;][vc_column_text]<a href=\"http:\/\/limousinenservice-wolf.de\/wp-content\/uploads\/2016\/12\/62A6485.jpg\"><img loading=\"lazy\" decoding=\"async\" class=\"alignnone size-medium wp-image-1363\" src=\"http:\/\/limousinenservice-wolf.de\/wp-content\/uploads\/2016\/12\/62A6485-300x200.jpg\" alt=\"_62A6485\" width=\"300\" height=\"200\" srcset=\"https:\/\/limousinenservice-wolf.de\/wp-content\/uploads\/2016\/12\/62A6485-300x200.jpg 300w, https:\/\/limousinenservice-wolf.de\/wp-content\/uploads\/2016\/12\/62A6485-350x233.jpg 350w, https:\/\/limousinenservice-wolf.de\/wp-content\/uploads\/2016\/12\/62A6485-768x512.jpg 768w, https:\/\/limousinenservice-wolf.de\/wp-content\/uploads\/2016\/12\/62A6485-1024x683.jpg 1024w, https:\/\/limousinenservice-wolf.de\/wp-content\/uploads\/2016\/12\/62A6485.jpg 1200w\" sizes=\"auto, (max-width: 300px) 100vw, 300px\" \/><\/a>[\/vc_column_text][\/vc_column][vc_column width=&#8221;1\/3&#8243;][vc_column_text]<a href=\"http:\/\/limousinenservice-wolf.de\/wp-content\/uploads\/2016\/12\/62A6500.jpg\"><img loading=\"lazy\" decoding=\"async\" class=\"alignnone size-medium wp-image-1364\" src=\"http:\/\/limousinenservice-wolf.de\/wp-content\/uploads\/2016\/12\/62A6500-200x300.jpg\" alt=\"_62A6500\" width=\"200\" height=\"300\" srcset=\"https:\/\/limousinenservice-wolf.de\/wp-content\/uploads\/2016\/12\/62A6500-200x300.jpg 200w, https:\/\/limousinenservice-wolf.de\/wp-content\/uploads\/2016\/12\/62A6500-350x525.jpg 350w, https:\/\/limousinenservice-wolf.de\/wp-content\/uploads\/2016\/12\/62A6500.jpg 533w\" sizes=\"auto, (max-width: 200px) 100vw, 200px\" \/><\/a>[\/vc_column_text][\/vc_column][\/vc_row][vc_row][vc_column][vc_separator color=&#8221;custom&#8221; align=&#8221;align_left&#8221; border_width=&#8221;2&#8243; el_width=&#8221;20&#8243; accent_color=&#8221;#c3a370&#8243;][\/vc_column][\/vc_row][vc_row][vc_column][vc_column_text]<\/p>\n<h4><strong>Preis pro 2 Stk. Magnettafeln \u201ePersonalisierte Designvorlage\u201c: 50,00 \u20ac<\/strong><\/h4>\n<p>[\/vc_column_text][\/vc_column][\/vc_row][vc_row][vc_column width=&#8221;1\/3&#8243;][vc_column_text]<a href=\"http:\/\/limousinenservice-wolf.de\/wp-content\/uploads\/2016\/12\/62A6466.jpg\"><img loading=\"lazy\" decoding=\"async\" class=\"alignnone size-medium wp-image-1365\" src=\"http:\/\/limousinenservice-wolf.de\/wp-content\/uploads\/2016\/12\/62A6466-300x200.jpg\" alt=\"_62A6466\" width=\"300\" height=\"200\" srcset=\"https:\/\/limousinenservice-wolf.de\/wp-content\/uploads\/2016\/12\/62A6466-300x200.jpg 300w, https:\/\/limousinenservice-wolf.de\/wp-content\/uploads\/2016\/12\/62A6466-350x233.jpg 350w, https:\/\/limousinenservice-wolf.de\/wp-content\/uploads\/2016\/12\/62A6466-768x512.jpg 768w, https:\/\/limousinenservice-wolf.de\/wp-content\/uploads\/2016\/12\/62A6466-1024x683.jpg 1024w, https:\/\/limousinenservice-wolf.de\/wp-content\/uploads\/2016\/12\/62A6466.jpg 1200w\" sizes=\"auto, (max-width: 300px) 100vw, 300px\" \/><\/a>[\/vc_column_text][\/vc_column][vc_column width=&#8221;1\/3&#8243;][vc_column_text]<a href=\"http:\/\/limousinenservice-wolf.de\/wp-content\/uploads\/2016\/12\/62A6466.jpg\"><img loading=\"lazy\" decoding=\"async\" class=\"alignnone size-medium wp-image-1365\" src=\"http:\/\/limousinenservice-wolf.de\/wp-content\/uploads\/2016\/12\/62A6466-300x200.jpg\" alt=\"_62A6466\" width=\"300\" height=\"200\" srcset=\"https:\/\/limousinenservice-wolf.de\/wp-content\/uploads\/2016\/12\/62A6466-300x200.jpg 300w, https:\/\/limousinenservice-wolf.de\/wp-content\/uploads\/2016\/12\/62A6466-350x233.jpg 350w, https:\/\/limousinenservice-wolf.de\/wp-content\/uploads\/2016\/12\/62A6466-768x512.jpg 768w, https:\/\/limousinenservice-wolf.de\/wp-content\/uploads\/2016\/12\/62A6466-1024x683.jpg 1024w, https:\/\/limousinenservice-wolf.de\/wp-content\/uploads\/2016\/12\/62A6466.jpg 1200w\" sizes=\"auto, (max-width: 300px) 100vw, 300px\" \/><\/a>[\/vc_column_text][\/vc_column][vc_column width=&#8221;1\/3&#8243;][vc_column_text]<a href=\"http:\/\/limousinenservice-wolf.de\/wp-content\/uploads\/2016\/12\/62A6466.jpg\"><img loading=\"lazy\" decoding=\"async\" class=\"alignnone size-medium wp-image-1365\" src=\"http:\/\/limousinenservice-wolf.de\/wp-content\/uploads\/2016\/12\/62A6466-300x200.jpg\" alt=\"_62A6466\" width=\"300\" height=\"200\" srcset=\"https:\/\/limousinenservice-wolf.de\/wp-content\/uploads\/2016\/12\/62A6466-300x200.jpg 300w, https:\/\/limousinenservice-wolf.de\/wp-content\/uploads\/2016\/12\/62A6466-350x233.jpg 350w, https:\/\/limousinenservice-wolf.de\/wp-content\/uploads\/2016\/12\/62A6466-768x512.jpg 768w, https:\/\/limousinenservice-wolf.de\/wp-content\/uploads\/2016\/12\/62A6466-1024x683.jpg 1024w, https:\/\/limousinenservice-wolf.de\/wp-content\/uploads\/2016\/12\/62A6466.jpg 1200w\" sizes=\"auto, (max-width: 300px) 100vw, 300px\" \/><\/a>[\/vc_column_text][\/vc_column][\/vc_row][vc_row][vc_column][vc_column_text]Bei Magnettafeln der Kategorie \u201epersonalisierten Designvorlagen\u201c bitten wir Sie Ihre Vornamen und Ihr Hochzeitsdatum einfach mit der \u00dcberschrift \u201eMagnettafeln personalisierte Designvorlage\u201c in dem Textfeld \u201eBesondere W\u00fcnsche\u201c im Online-Buchungsformular einzutragen.[\/vc_column_text][\/vc_column][\/vc_row][vc_row][vc_column][vc_separator color=&#8221;custom&#8221; align=&#8221;align_left&#8221; border_width=&#8221;2&#8243; el_width=&#8221;20&#8243; accent_color=&#8221;#c3a370&#8243;][\/vc_column][\/vc_row][vc_row][vc_column][vc_column_text]<\/p>\n<h4><strong>Preis pro 2 Stk. Magnettafeln \u201eindividuelles Design\u201c: 50,00 \u20ac<\/strong><\/h4>\n<p>[\/vc_column_text][\/vc_column][\/vc_row][vc_row][vc_column][vc_column_text]<\/p>\n<div class=\"vc_row wpb_row vc_row-fluid\">\n<div class=\"row_inner_wrapper clearfix\">\n<div class=\"row_inner clearfix\">\n<div class=\"wpb_column vc_column_container vc_col-sm-12\">\n<div class=\"vc_column-inner \">\n<div class=\"wpb_wrapper\">\n<div class=\"wpb_text_column wpb_content_element \">\n<div class=\"wpb_wrapper\">\n<p>W\u00e4hlen Sie bei Ihrer Buchung einfach \u201eMagnettafeln individuelles Design\u201c unter Extras in den Buchungsformularen und senden Sie uns im Anschluss Ihre Datei im PDF-Format unter info@limousinenservice-wolf.de zu.<\/p>\n<\/div>\n<\/div>\n<\/div>\n<\/div>\n<\/div>\n<\/div>\n<\/div>\n<\/div>\n<p>[\/vc_column_text][\/vc_column][\/vc_row]<\/p>","protected":false},"excerpt":{"rendered":"<p>Sorry, this entry is only available in Deutsch. For the sake of viewer convenience, the content is shown below in the &#8230;<\/p>\n","protected":false},"author":1,"featured_media":0,"parent":1214,"menu_order":0,"comment_status":"closed","ping_status":"closed","template":"","meta":{"footnotes":""},"class_list":["post-1224","page","type-page","status-publish","hentry"],"_links":{"self":[{"href":"https:\/\/limousinenservice-wolf.de\/en\/wp-json\/wp\/v2\/pages\/1224","targetHints":{"allow":["GET"]}}],"collection":[{"href":"https:\/\/limousinenservice-wolf.de\/en\/wp-json\/wp\/v2\/pages"}],"about":[{"href":"https:\/\/limousinenservice-wolf.de\/en\/wp-json\/wp\/v2\/types\/page"}],"author":[{"embeddable":true,"href":"https:\/\/limousinenservice-wolf.de\/en\/wp-json\/wp\/v2\/users\/1"}],"replies":[{"embeddable":true,"href":"https:\/\/limousinenservice-wolf.de\/en\/wp-json\/wp\/v2\/comments?post=1224"}],"version-history":[{"count":8,"href":"https:\/\/limousinenservice-wolf.de\/en\/wp-json\/wp\/v2\/pages\/1224\/revisions"}],"predecessor-version":[{"id":1618,"href":"https:\/\/limousinenservice-wolf.de\/en\/wp-json\/wp\/v2\/pages\/1224\/revisions\/1618"}],"up":[{"embeddable":true,"href":"https:\/\/limousinenservice-wolf.de\/en\/wp-json\/wp\/v2\/pages\/1214"}],"wp:attachment":[{"href":"https:\/\/limousinenservice-wolf.de\/en\/wp-json\/wp\/v2\/media?parent=1224"}],"curies":[{"name":"wp","href":"https:\/\/api.w.org\/{rel}","templated":true}]}}