{"id":1230,"date":"2016-12-28T13:21:56","date_gmt":"2016-12-28T12:21:56","guid":{"rendered":"http:\/\/limousinenservice-wolf.de\/?page_id=1230"},"modified":"2017-01-28T16:50:53","modified_gmt":"2017-01-28T15:50:53","slug":"magnettafeln-firmenkunden","status":"publish","type":"page","link":"https:\/\/limousinenservice-wolf.de\/en\/extras-neu\/magnettafeln-firmenkunden\/","title":{"rendered":"Magnettafeln Firmenkunden"},"content":{"rendered":"<p class=\"qtranxs-available-languages-message qtranxs-available-languages-message-en\">Sorry, this entry is only available in <a href=\"https:\/\/limousinenservice-wolf.de\/de\/wp-json\/wp\/v2\/pages\/1230\" class=\"qtranxs-available-language-link qtranxs-available-language-link-de\" title=\"Deutsch\">Deutsch<\/a>. For the sake of viewer convenience, the content is shown below in the alternative language. You may click the link to switch the active language.<\/p><p>[vc_row][vc_column][vc_column_text]<\/p>\n<div class=\"custom-heading wpb_content_element heading-medium\">\n<p class=\"heading-title\">Ganz neu im Programm; unsere Magnettafeln in den Ma\u00dfen B:70cm, H:30cm. Diese werden an den hinteren Fahrzeugt\u00fcren angebracht. Die Magnettafeln werden anhand Ihres Logos oder eines von Ihnen individuell gestalteten Designs, paarweise speziell f\u00fcr Sie angefertigt. Nach der Buchung gehen die Magnettafeln in Ihren Besitz \u00fcber und eigenen sich auch zuk\u00fcnftig als Werbemittel f\u00fcr weiterer Eins\u00e4tze auf Fahrzeugen Ihres firmeneigenen Fuhrparkes. Selbstverst\u00e4ndlich k\u00f6nnen diese auch bei Folgeauftr\u00e4gen erneut und selbstverst\u00e4ndlich kostenfrei auf unseren Fahrzeugen angebracht werden. Eine einmalige Investition die Ihr Unternehmen werbewirksam in Szene setzt. W\u00e4hlen Sie bei Ihrer Buchung einfach &#8220;Magnettafeln individuelles Design&#8221; unter Extras in den Buchungsformularen und senden Sie uns im Anschluss Ihre Datei im PDF-Format unter info@limousinenservice-wolf.de zu.<\/p>\n<\/div>\n<p>[\/vc_column_text][\/vc_column][\/vc_row][vc_row][vc_column][vc_column_text]<strong>Preis pro 2 Stk. Magnettafeln &#8220;individuelles Design&#8221;: 50,00 \u20ac<\/strong>[\/vc_column_text][vc_column_text]<strong>Hier finden Sie einige Beispiele individuell designter Magnettafeln unserer Kunden.<\/strong>[\/vc_column_text][\/vc_column][\/vc_row][vc_row][vc_column width=&#8221;1\/4&#8243;][vc_column_text]<a href=\"http:\/\/limousinenservice-wolf.de\/wp-content\/uploads\/2017\/01\/Hauptkategoriebild-Extras-Magnettafeln-Firma.jpg\"><img loading=\"lazy\" decoding=\"async\" class=\"alignnone size-medium wp-image-1291\" src=\"http:\/\/limousinenservice-wolf.de\/wp-content\/uploads\/2017\/01\/Hauptkategoriebild-Extras-Magnettafeln-Firma-300x200.jpg\" alt=\"Hauptkategoriebild - Extras-Magnettafeln Firma\" width=\"300\" height=\"200\" srcset=\"https:\/\/limousinenservice-wolf.de\/wp-content\/uploads\/2017\/01\/Hauptkategoriebild-Extras-Magnettafeln-Firma-300x200.jpg 300w, https:\/\/limousinenservice-wolf.de\/wp-content\/uploads\/2017\/01\/Hauptkategoriebild-Extras-Magnettafeln-Firma-350x233.jpg 350w, https:\/\/limousinenservice-wolf.de\/wp-content\/uploads\/2017\/01\/Hauptkategoriebild-Extras-Magnettafeln-Firma-768x512.jpg 768w, https:\/\/limousinenservice-wolf.de\/wp-content\/uploads\/2017\/01\/Hauptkategoriebild-Extras-Magnettafeln-Firma-1024x683.jpg 1024w, https:\/\/limousinenservice-wolf.de\/wp-content\/uploads\/2017\/01\/Hauptkategoriebild-Extras-Magnettafeln-Firma.jpg 1200w\" sizes=\"auto, (max-width: 300px) 100vw, 300px\" \/><\/a>[\/vc_column_text][\/vc_column][vc_column width=&#8221;1\/4&#8243;][vc_column_text]<a href=\"http:\/\/limousinenservice-wolf.de\/wp-content\/uploads\/2016\/12\/DSC00024.jpg\"><img loading=\"lazy\" decoding=\"async\" class=\"alignnone size-medium wp-image-1353\" src=\"http:\/\/limousinenservice-wolf.de\/wp-content\/uploads\/2016\/12\/DSC00024-300x225.jpg\" alt=\"DSC00024\" width=\"300\" height=\"225\" srcset=\"https:\/\/limousinenservice-wolf.de\/wp-content\/uploads\/2016\/12\/DSC00024-300x225.jpg 300w, https:\/\/limousinenservice-wolf.de\/wp-content\/uploads\/2016\/12\/DSC00024-350x263.jpg 350w, https:\/\/limousinenservice-wolf.de\/wp-content\/uploads\/2016\/12\/DSC00024-768x576.jpg 768w, https:\/\/limousinenservice-wolf.de\/wp-content\/uploads\/2016\/12\/DSC00024-1024x768.jpg 1024w, https:\/\/limousinenservice-wolf.de\/wp-content\/uploads\/2016\/12\/DSC00024.jpg 1632w\" sizes=\"auto, (max-width: 300px) 100vw, 300px\" \/><\/a>[\/vc_column_text][\/vc_column][vc_column width=&#8221;1\/4&#8243;][vc_column_text]<a href=\"http:\/\/limousinenservice-wolf.de\/wp-content\/uploads\/2016\/12\/DSC00344.jpg\"><img loading=\"lazy\" decoding=\"async\" class=\"alignnone size-medium wp-image-1377\" src=\"http:\/\/limousinenservice-wolf.de\/wp-content\/uploads\/2016\/12\/DSC00344-300x225.jpg\" alt=\"DSC00344\" width=\"300\" height=\"225\" srcset=\"https:\/\/limousinenservice-wolf.de\/wp-content\/uploads\/2016\/12\/DSC00344-300x225.jpg 300w, https:\/\/limousinenservice-wolf.de\/wp-content\/uploads\/2016\/12\/DSC00344-350x263.jpg 350w, https:\/\/limousinenservice-wolf.de\/wp-content\/uploads\/2016\/12\/DSC00344-768x576.jpg 768w, https:\/\/limousinenservice-wolf.de\/wp-content\/uploads\/2016\/12\/DSC00344-1024x768.jpg 1024w, https:\/\/limousinenservice-wolf.de\/wp-content\/uploads\/2016\/12\/DSC00344.jpg 1280w\" sizes=\"auto, (max-width: 300px) 100vw, 300px\" \/><\/a>[\/vc_column_text][\/vc_column][vc_column width=&#8221;1\/4&#8243;][vc_column_text]<a href=\"http:\/\/limousinenservice-wolf.de\/wp-content\/uploads\/2016\/12\/283098_254310521265658_100000601363177_1007048_1154571_n.jpg\"><img loading=\"lazy\" decoding=\"async\" class=\"alignnone size-medium wp-image-1354\" src=\"http:\/\/limousinenservice-wolf.de\/wp-content\/uploads\/2016\/12\/283098_254310521265658_100000601363177_1007048_1154571_n-300x200.jpg\" alt=\"283098_254310521265658_100000601363177_1007048_1154571_n\" width=\"300\" height=\"200\" srcset=\"https:\/\/limousinenservice-wolf.de\/wp-content\/uploads\/2016\/12\/283098_254310521265658_100000601363177_1007048_1154571_n-300x200.jpg 300w, https:\/\/limousinenservice-wolf.de\/wp-content\/uploads\/2016\/12\/283098_254310521265658_100000601363177_1007048_1154571_n-350x233.jpg 350w, https:\/\/limousinenservice-wolf.de\/wp-content\/uploads\/2016\/12\/283098_254310521265658_100000601363177_1007048_1154571_n.jpg 720w\" sizes=\"auto, (max-width: 300px) 100vw, 300px\" \/><\/a>[\/vc_column_text][\/vc_column][\/vc_row][vc_row][vc_column][vc_column_text]<\/p>\n<div class=\"vc_row wpb_row vc_row-fluid\">\n<div class=\"row_inner_wrapper clearfix\">\n<div class=\"row_inner clearfix\">\n<div class=\"wpb_column vc_column_container vc_col-sm-12\">\n<div class=\"vc_column-inner \">\n<div class=\"wpb_wrapper\">\n<div class=\"wpb_text_column wpb_content_element \">\n<div class=\"wpb_wrapper\">\n<p>W\u00e4hlen Sie bei Ihrer Buchung einfach \u201eMagnettafeln individuelles Design\u201c unter Extras in den Buchungsformularen und senden Sie uns im Anschluss Ihre Datei im PDF-Format unter info@limousinenservice-wolf.de zu.<\/p>\n<\/div>\n<\/div>\n<\/div>\n<\/div>\n<\/div>\n<\/div>\n<\/div>\n<\/div>\n<p>[\/vc_column_text][\/vc_column][\/vc_row]<\/p>","protected":false},"excerpt":{"rendered":"<p>Sorry, this entry is only available in Deutsch. For the sake of viewer convenience, the content is shown below in the &#8230;<\/p>\n","protected":false},"author":1,"featured_media":0,"parent":1214,"menu_order":0,"comment_status":"closed","ping_status":"closed","template":"","meta":{"footnotes":""},"class_list":["post-1230","page","type-page","status-publish","hentry"],"_links":{"self":[{"href":"https:\/\/limousinenservice-wolf.de\/en\/wp-json\/wp\/v2\/pages\/1230","targetHints":{"allow":["GET"]}}],"collection":[{"href":"https:\/\/limousinenservice-wolf.de\/en\/wp-json\/wp\/v2\/pages"}],"about":[{"href":"https:\/\/limousinenservice-wolf.de\/en\/wp-json\/wp\/v2\/types\/page"}],"author":[{"embeddable":true,"href":"https:\/\/limousinenservice-wolf.de\/en\/wp-json\/wp\/v2\/users\/1"}],"replies":[{"embeddable":true,"href":"https:\/\/limousinenservice-wolf.de\/en\/wp-json\/wp\/v2\/comments?post=1230"}],"version-history":[{"count":9,"href":"https:\/\/limousinenservice-wolf.de\/en\/wp-json\/wp\/v2\/pages\/1230\/revisions"}],"predecessor-version":[{"id":1387,"href":"https:\/\/limousinenservice-wolf.de\/en\/wp-json\/wp\/v2\/pages\/1230\/revisions\/1387"}],"up":[{"embeddable":true,"href":"https:\/\/limousinenservice-wolf.de\/en\/wp-json\/wp\/v2\/pages\/1214"}],"wp:attachment":[{"href":"https:\/\/limousinenservice-wolf.de\/en\/wp-json\/wp\/v2\/media?parent=1230"}],"curies":[{"name":"wp","href":"https:\/\/api.w.org\/{rel}","templated":true}]}}