{"id":3155,"date":"2018-03-09T10:02:39","date_gmt":"2018-03-09T09:02:39","guid":{"rendered":"http:\/\/limousinenservice-wolf.de\/?post_type=product&#038;p=3155"},"modified":"2018-07-10T13:06:05","modified_gmt":"2018-07-10T11:06:05","slug":"geschenkgutschein-fuer-eine-3-stuendige-limousinenfahrt","status":"publish","type":"product","link":"https:\/\/limousinenservice-wolf.de\/en\/produkt\/geschenkgutschein-fuer-eine-3-stuendige-limousinenfahrt\/","title":{"rendered":"Geschenkgutschein f\u00fcr eine 3 st\u00fcndige Limousinenfahrt"},"content":{"rendered":"<p>Geschenkgutschein Din A4 f\u00fcr eine 3 st\u00fcndige Limousinenfahrt. Der Gutschein besitzt eine g\u00fcltigkeit von 2 Jahren ab dem Kaufdatum.<\/p>","protected":false},"excerpt":{"rendered":"<p>Geschenkgutschein Din A4 f\u00fcr eine 3 st\u00fcndige Limousinenfahrt. Der Gutschein besitzt eine g\u00fcltigkeit von 2 Jahren ab dem Kaufdatum.<\/p>\n","protected":false},"featured_media":3152,"comment_status":"open","ping_status":"closed","template":"","meta":[],"product_brand":[],"product_cat":[23],"product_tag":[37],"class_list":{"0":"post-3155","1":"product","2":"type-product","3":"status-publish","4":"has-post-thumbnail","6":"product_cat-gutscheine","7":"product_tag-geschenkgutschein-stretchlimousine","8":"product_shipping_class-hermes-paket-s","10":"first","11":"instock","12":"taxable","13":"shipping-taxable","14":"purchasable","15":"product-type-simple"},"_links":{"self":[{"href":"https:\/\/limousinenservice-wolf.de\/en\/wp-json\/wp\/v2\/product\/3155","targetHints":{"allow":["GET"]}}],"collection":[{"href":"https:\/\/limousinenservice-wolf.de\/en\/wp-json\/wp\/v2\/product"}],"about":[{"href":"https:\/\/limousinenservice-wolf.de\/en\/wp-json\/wp\/v2\/types\/product"}],"replies":[{"embeddable":true,"href":"https:\/\/limousinenservice-wolf.de\/en\/wp-json\/wp\/v2\/comments?post=3155"}],"wp:featuredmedia":[{"embeddable":true,"href":"https:\/\/limousinenservice-wolf.de\/en\/wp-json\/wp\/v2\/media\/3152"}],"wp:attachment":[{"href":"https:\/\/limousinenservice-wolf.de\/en\/wp-json\/wp\/v2\/media?parent=3155"}],"wp:term":[{"taxonomy":"product_brand","embeddable":true,"href":"https:\/\/limousinenservice-wolf.de\/en\/wp-json\/wp\/v2\/product_brand?post=3155"},{"taxonomy":"product_cat","embeddable":true,"href":"https:\/\/limousinenservice-wolf.de\/en\/wp-json\/wp\/v2\/product_cat?post=3155"},{"taxonomy":"product_tag","embeddable":true,"href":"https:\/\/limousinenservice-wolf.de\/en\/wp-json\/wp\/v2\/product_tag?post=3155"}],"curies":[{"name":"wp","href":"https:\/\/api.w.org\/{rel}","templated":true}]}}