{"id":1002,"date":"2016-05-31T20:07:31","date_gmt":"2016-05-31T18:07:31","guid":{"rendered":"http:\/\/limousinenservice-wolf.de\/?page_id=1002"},"modified":"2016-05-31T20:07:31","modified_gmt":"2016-05-31T18:07:31","slug":"kompensation","status":"publish","type":"page","link":"https:\/\/limousinenservice-wolf.de\/fr\/dienstleistungen\/kompensation\/","title":{"rendered":"Kompensation"},"content":{"rendered":"<p>[vc_row row_id=\u00a0\u00bb\u00a0\u00bb row_type=\u00a0\u00bbrow_center_content\u00a0\u00bb bg_color=\u00a0\u00bb\u00a0\u00bb row_meta_color=\u00a0\u00bb\u00a0\u00bb bg_image=\u00a0\u00bb\u00a0\u00bb bg_position=\u00a0\u00bbleft top\u00a0\u00bb bg_repeat=\u00a0\u00bbno-repeat\u00a0\u00bb row_parallax=\u00a0\u00bb\u00a0\u00bb row_video_bg=\u00a0\u00bb\u00a0\u00bb bg_video_mp4=\u00a0\u00bb\u00a0\u00bb bg_video_ogv=\u00a0\u00bb\u00a0\u00bb bg_video_webm=\u00a0\u00bb\u00a0\u00bb row_color_overlay=\u00a0\u00bb\u00a0\u00bb row_text_color=\u00a0\u00bbrow_text_select\u00a0\u00bb row_custom_text_color=\u00a0\u00bb\u00a0\u00bb border_color=\u00a0\u00bb\u00a0\u00bb border_style=\u00a0\u00bbsolid\u00a0\u00bb border_width=\u00a0\u00bb\u00a0\u00bb margin_top=\u00a0\u00bb\u00a0\u00bb margin_bottom=\u00a0\u00bb\u00a0\u00bb padding_top=\u00a0\u00bb\u00a0\u00bb padding_bottom=\u00a0\u00bb\u00a0\u00bb padding_left=\u00a0\u00bb\u00a0\u00bb padding_right=\u00a0\u00bb\u00a0\u00bb class=\u00a0\u00bb\u00a0\u00bb][vc_column width=\u00a0\u00bb1\/1&Prime; css=\u00a0\u00bb.vc_custom_1450399115748{margin-top: 30px !important;}\u00a0\u00bb][vc_column_text]<\/p>\n<p class=\"p1\">Gerne stellen wir Ihnen unsere Fahrzeuge f\u00fcr Werbezwecke, Film &amp; Fotoaufnahmen oder TV Produktionen zur Verf\u00fcgung.<\/p>\n<p class=\"p1\">Der Preis variiert je nach gew\u00fcnschtem Fahrzeug und Buchungsumfang. Bitte nutzen Sie daher unser\u00a0<span class=\"s1\">Kontaktformular<\/span> f\u00fcr eine unverbindliche Anfrage. Wir senden Ihnen gerne umgehend ein unverbindliches Angebot zu.\u00a0In manchen F\u00e4llen l\u00e4sst sich durch eine Kompensation &#8211; also eine kostenlose zur Verf\u00fcgungstellung der jeweiligen Leistungen &#8211; ein ausgabenneutraler Mehrgewinn f\u00fcr beide Seiten erzielen.<\/p>\n<p class=\"p3\">Eine Kompensation mit anderen Unternehmen in der Region stellt f\u00fcr uns daher ein interessantes Mittel da, gemeinsam Ziele zu verwirklichen. Wir freuen uns \u00fcber Ihre Vorschl\u00e4ge. Nutzen Sie hierf\u00fcr einfach unser <span class=\"s1\">Kontaktformular<\/span> f\u00fcr eine unverbindliche Anfrage.<\/p>\n<p>[\/vc_column_text][\/vc_column][\/vc_row]<\/p>\n","protected":false},"excerpt":{"rendered":"<p>[vc_row row_id=\u00a0\u00bb\u00a0\u00bb row_type=\u00a0\u00bbrow_center_content\u00a0\u00bb bg_color=\u00a0\u00bb\u00a0\u00bb row_meta_color=\u00a0\u00bb\u00a0\u00bb bg_image=\u00a0\u00bb\u00a0\u00bb bg_position=\u00a0\u00bbleft top\u00a0\u00bb bg_repeat=\u00a0\u00bbno-repeat\u00a0\u00bb row_parallax=\u00a0\u00bb\u00a0\u00bb row_video_bg=\u00a0\u00bb\u00a0\u00bb bg_video_mp4=\u00a0\u00bb\u00a0\u00bb bg_video_ogv=\u00a0\u00bb\u00a0\u00bb bg_video_webm=\u00a0\u00bb\u00a0\u00bb row_color_overlay=\u00a0\u00bb\u00a0\u00bb row_text_color=\u00a0\u00bbrow_text_select\u00a0\u00bb row_custom_text_color=\u00a0\u00bb\u00a0\u00bb border_color=\u00a0\u00bb\u00a0\u00bb border_style=\u00a0\u00bbsolid\u00a0\u00bb border_width=\u00a0\u00bb\u00a0\u00bb margin_top=\u00a0\u00bb\u00a0\u00bb &#8230;<\/p>\n","protected":false},"author":1,"featured_media":0,"parent":998,"menu_order":0,"comment_status":"closed","ping_status":"closed","template":"","meta":{"footnotes":""},"class_list":["post-1002","page","type-page","status-publish","hentry"],"_links":{"self":[{"href":"https:\/\/limousinenservice-wolf.de\/fr\/wp-json\/wp\/v2\/pages\/1002","targetHints":{"allow":["GET"]}}],"collection":[{"href":"https:\/\/limousinenservice-wolf.de\/fr\/wp-json\/wp\/v2\/pages"}],"about":[{"href":"https:\/\/limousinenservice-wolf.de\/fr\/wp-json\/wp\/v2\/types\/page"}],"author":[{"embeddable":true,"href":"https:\/\/limousinenservice-wolf.de\/fr\/wp-json\/wp\/v2\/users\/1"}],"replies":[{"embeddable":true,"href":"https:\/\/limousinenservice-wolf.de\/fr\/wp-json\/wp\/v2\/comments?post=1002"}],"version-history":[{"count":1,"href":"https:\/\/limousinenservice-wolf.de\/fr\/wp-json\/wp\/v2\/pages\/1002\/revisions"}],"predecessor-version":[{"id":1003,"href":"https:\/\/limousinenservice-wolf.de\/fr\/wp-json\/wp\/v2\/pages\/1002\/revisions\/1003"}],"up":[{"embeddable":true,"href":"https:\/\/limousinenservice-wolf.de\/fr\/wp-json\/wp\/v2\/pages\/998"}],"wp:attachment":[{"href":"https:\/\/limousinenservice-wolf.de\/fr\/wp-json\/wp\/v2\/media?parent=1002"}],"curies":[{"name":"wp","href":"https:\/\/api.w.org\/{rel}","templated":true}]}}