{"id":1011,"date":"2016-05-31T20:12:49","date_gmt":"2016-05-31T18:12:49","guid":{"rendered":"http:\/\/limousinenservice-wolf.de\/?page_id=1011"},"modified":"2017-07-14T18:26:32","modified_gmt":"2017-07-14T16:26:32","slug":"gaestebuch","status":"publish","type":"page","link":"https:\/\/limousinenservice-wolf.de\/fr\/referenzen\/gaestebuch\/","title":{"rendered":"G\u00e4stebuch"},"content":{"rendered":"<p class=\"qtranxs-available-languages-message qtranxs-available-languages-message-fr\">D\u00e9sol\u00e9, cet article est seulement disponible en <a href=\"https:\/\/limousinenservice-wolf.de\/de\/wp-json\/wp\/v2\/pages\/1011\" class=\"qtranxs-available-language-link qtranxs-available-language-link-de\" title=\"Deutsch\">Deutsch<\/a> et <a href=\"https:\/\/limousinenservice-wolf.de\/en\/wp-json\/wp\/v2\/pages\/1011\" class=\"qtranxs-available-language-link qtranxs-available-language-link-en\" title=\"English\">English<\/a>. Pour le confort de l\u2019utilisateur, le contenu est affich\u00e9 ci-dessous dans la langue par d\u00e9faut du site. Vous pouvez cliquer l\u2019un des liens pour changer la langue du site en une autre langue disponible.<\/p><p>[vc_row][vc_column width=\u00a0\u00bb3\/4&Prime; css=\u00a0\u00bb.vc_custom_1450397142827{margin-top: 30px !important;}\u00a0\u00bb][vc_column_text]Verewigen Sie sich mit einer kleinen Anekdote in unserem G\u00e4stebuch oder lesen Sie Erfahrungen anderer Kunden, die diese mit uns gemacht haben.\u00a0Selbstverst\u00e4ndlich freuen wir uns auch \u00fcber konstruktive Kritik oder Vorschl\u00e4ge, um unseren Service stetig ausbauen und Ihren W\u00fcnschen entsprechend umsetzen zu k\u00f6nnen. Gerne k\u00f6nnen Sie uns unter info@limousinenservice-wolf.de auch ein sch\u00f6nes Erinnerungsfoto zukommen lassen, welches wir auf Wunsch auch gerne in unserer Bildergalerie ver\u00f6ffentlichen.[\/vc_column_text][\/vc_column][\/vc_row][vc_row][vc_column][vc_separator color=\u00a0\u00bbcustom\u00a0\u00bb align=\u00a0\u00bbalign_left\u00a0\u00bb border_width=\u00a0\u00bb2&Prime; el_width=\u00a0\u00bb20&Prime; accent_color=\u00a0\u00bb#c3a370&Prime;][\/vc_column][\/vc_row][vc_row][vc_column css=\u00a0\u00bb.vc_custom_1450397229289{margin-top: -20px !important;}\u00a0\u00bb][Guestbook][\/vc_column][\/vc_row]<\/p>","protected":false},"excerpt":{"rendered":"<p>D\u00e9sol\u00e9, cet article est seulement disponible en Deutsch et English. Pour le confort de l\u2019utilisateur, le contenu est affich\u00e9 ci-dessous dans &#8230;<\/p>\n","protected":false},"author":1,"featured_media":0,"parent":1009,"menu_order":0,"comment_status":"closed","ping_status":"closed","template":"","meta":{"footnotes":""},"class_list":["post-1011","page","type-page","status-publish","hentry"],"_links":{"self":[{"href":"https:\/\/limousinenservice-wolf.de\/fr\/wp-json\/wp\/v2\/pages\/1011","targetHints":{"allow":["GET"]}}],"collection":[{"href":"https:\/\/limousinenservice-wolf.de\/fr\/wp-json\/wp\/v2\/pages"}],"about":[{"href":"https:\/\/limousinenservice-wolf.de\/fr\/wp-json\/wp\/v2\/types\/page"}],"author":[{"embeddable":true,"href":"https:\/\/limousinenservice-wolf.de\/fr\/wp-json\/wp\/v2\/users\/1"}],"replies":[{"embeddable":true,"href":"https:\/\/limousinenservice-wolf.de\/fr\/wp-json\/wp\/v2\/comments?post=1011"}],"version-history":[{"count":3,"href":"https:\/\/limousinenservice-wolf.de\/fr\/wp-json\/wp\/v2\/pages\/1011\/revisions"}],"predecessor-version":[{"id":1624,"href":"https:\/\/limousinenservice-wolf.de\/fr\/wp-json\/wp\/v2\/pages\/1011\/revisions\/1624"}],"up":[{"embeddable":true,"href":"https:\/\/limousinenservice-wolf.de\/fr\/wp-json\/wp\/v2\/pages\/1009"}],"wp:attachment":[{"href":"https:\/\/limousinenservice-wolf.de\/fr\/wp-json\/wp\/v2\/media?parent=1011"}],"curies":[{"name":"wp","href":"https:\/\/api.w.org\/{rel}","templated":true}]}}