{"id":1021,"date":"2016-05-31T20:16:21","date_gmt":"2016-05-31T18:16:21","guid":{"rendered":"http:\/\/limousinenservice-wolf.de\/?page_id=1021"},"modified":"2016-07-12T20:12:54","modified_gmt":"2016-07-12T18:12:54","slug":"einzugsgebiet","status":"publish","type":"page","link":"https:\/\/limousinenservice-wolf.de\/fr\/weitere-infos\/einzugsgebiet\/","title":{"rendered":"Einzugsgebiet"},"content":{"rendered":"<p class=\"qtranxs-available-languages-message qtranxs-available-languages-message-fr\">D\u00e9sol\u00e9, cet article est seulement disponible en <a href=\"https:\/\/limousinenservice-wolf.de\/de\/wp-json\/wp\/v2\/pages\/1021\" class=\"qtranxs-available-language-link qtranxs-available-language-link-de\" title=\"Deutsch\">Deutsch<\/a> et <a href=\"https:\/\/limousinenservice-wolf.de\/en\/wp-json\/wp\/v2\/pages\/1021\" class=\"qtranxs-available-language-link qtranxs-available-language-link-en\" title=\"English\">English<\/a>. Pour le confort de l\u2019utilisateur, le contenu est affich\u00e9 ci-dessous dans la langue par d\u00e9faut du site. Vous pouvez cliquer l\u2019un des liens pour changer la langue du site en une autre langue disponible.<\/p><p>[vc_row][vc_column][vc_column_text]<\/p>\n<h3>Neben unserer Heimatstadt Aachen sind wir auch gerne in allen anderen St\u00e4dten Deutschlands, Belgiens oder den Niederlande f\u00fcr Sie t\u00e4tig, wie beispielsweise in:<\/h3>\n<p>AACHEN, D\u00dcREN, ESCHWEILER, HEINSBERG, GEILENKIRCHEN, WEGBERG, M\u00d6NCHENGLADBACH, KREFELD, K\u00d6LN, D\u00dcSSELDORF, LEVERKUSEN, LANGENFELD, HILDEN, \u00dcBACH-PALENBERG, EUPEN, WELKENRATH, KERKRADE, HEERLEN, NEUSS, MAASTRICHT, VALKENBURG,&#8230;und vielen mehr&#8230;[\/vc_column_text][\/vc_column][\/vc_row]<\/p>","protected":false},"excerpt":{"rendered":"<p>D\u00e9sol\u00e9, cet article est seulement disponible en Deutsch et English. Pour le confort de l\u2019utilisateur, le contenu est affich\u00e9 ci-dessous dans &#8230;<\/p>\n","protected":false},"author":1,"featured_media":0,"parent":1019,"menu_order":0,"comment_status":"closed","ping_status":"closed","template":"","meta":{"footnotes":""},"class_list":["post-1021","page","type-page","status-publish","hentry"],"_links":{"self":[{"href":"https:\/\/limousinenservice-wolf.de\/fr\/wp-json\/wp\/v2\/pages\/1021","targetHints":{"allow":["GET"]}}],"collection":[{"href":"https:\/\/limousinenservice-wolf.de\/fr\/wp-json\/wp\/v2\/pages"}],"about":[{"href":"https:\/\/limousinenservice-wolf.de\/fr\/wp-json\/wp\/v2\/types\/page"}],"author":[{"embeddable":true,"href":"https:\/\/limousinenservice-wolf.de\/fr\/wp-json\/wp\/v2\/users\/1"}],"replies":[{"embeddable":true,"href":"https:\/\/limousinenservice-wolf.de\/fr\/wp-json\/wp\/v2\/comments?post=1021"}],"version-history":[{"count":2,"href":"https:\/\/limousinenservice-wolf.de\/fr\/wp-json\/wp\/v2\/pages\/1021\/revisions"}],"predecessor-version":[{"id":1099,"href":"https:\/\/limousinenservice-wolf.de\/fr\/wp-json\/wp\/v2\/pages\/1021\/revisions\/1099"}],"up":[{"embeddable":true,"href":"https:\/\/limousinenservice-wolf.de\/fr\/wp-json\/wp\/v2\/pages\/1019"}],"wp:attachment":[{"href":"https:\/\/limousinenservice-wolf.de\/fr\/wp-json\/wp\/v2\/media?parent=1021"}],"curies":[{"name":"wp","href":"https:\/\/api.w.org\/{rel}","templated":true}]}}