{"id":1029,"date":"2016-05-31T21:41:54","date_gmt":"2016-05-31T19:41:54","guid":{"rendered":"http:\/\/limousinenservice-wolf.de\/?page_id=1029"},"modified":"2025-09-09T08:45:36","modified_gmt":"2025-09-09T06:45:36","slug":"ueber-unsere-firma","status":"publish","type":"page","link":"https:\/\/limousinenservice-wolf.de\/fr\/weitere-infos\/ueber-unsere-firma\/","title":{"rendered":"\u00dcber unsere Firma"},"content":{"rendered":"<p><\/p>\n<p>[vc_row][vc_column css=\u00a0\u00bb.vc_custom_1452273764395{margin-top: 30px !important;}\u00a0\u00bb][vc_column_text]<\/p>\n<h4><span style=\"color: #000000;\"><strong>Unsere Firmenphilosophie<\/strong><\/span><\/h4>\n<p>Zuverl\u00e4ssigkeit, Komfort, Sicherheit, Flexibilit\u00e4t und ein hervorragender Service:<br \/>\nDas sind die Ma\u00dfst\u00e4be an denen wir uns messen lassen.<\/p>\n<p>Gepflegte Umgangsformen sind f\u00fcr uns ebenso selbstverst\u00e4ndlich wie absolute Diskretion.<\/p>\n<p>Wir sorgen f\u00fcr eine entspannte Fahrt und einen repr\u00e4sentativen Auftritt.<\/p>\n<p>\u00dcber die reine Fahrt\u00e4tigkeit hinaus sind unsere Chauffeure stets auch Ihr diskreter Assistent, unterst\u00fctzen Sie ganz nach Ihren W\u00fcnschen und bringen Sie sicher und zuverl\u00e4ssig ans Ziel.[\/vc_column_text][\/vc_column][\/vc_row][vc_row][vc_column][vc_separator color=\u00a0\u00bbcustom\u00a0\u00bb align=\u00a0\u00bbalign_left\u00a0\u00bb border_width=\u00a0\u00bb2&Prime; el_width=\u00a0\u00bb20&Prime; accent_color=\u00a0\u00bb#c3a370&Prime;][\/vc_column][\/vc_row][vc_row][vc_column][vc_column_text]<\/p>\n<h4><span style=\"color: #000000;\"><strong>Inhaber &amp; Gesch\u00e4ftsf\u00fchrer<\/strong><\/span><\/h4>\n<p>Als Inhaber von Limousinenservice Wolf stehe ich auch selbst pers\u00f6nlich als Chauffeur immer f\u00fcr die Werte, die meinem Unternehmen zugrunde liegen. Zuverl\u00e4ssigkeit, Komfort, Sicherheit, Diskretion, Flexibilit\u00e4t und ein hervorragender Service mit Herzlichkeit.<\/p>\n<p>Meiner Berufung als Chauffeurdienstleister liegen neben der nunmehr 15 j\u00e4hrigen Erfahrung in dieser Branche, eine abgeschlossene KFZ-Mechaniker Ausbildung, sowie diverse Weiterbildungen im kaufm\u00e4nnischen Bereich zugrunde. Neben einer g\u00fcltigen Fahrerlaubnis und des dazugeh\u00f6rigen Personenbef\u00f6rderungsscheins bin ich im Besitz einer g\u00fcltigen Mietwagenkonzession.<\/p>\n<p>Limousinenservice Wolf wurde von mir im Jahre 2007 gegr\u00fcndet. Seit der ersten Stunde bis zum heutigen Tag steht die Erf\u00fcllung der W\u00fcnsche meiner Kunden f\u00fcr mich an Erster Stelle.<\/p>\n<p>In diesem Sinne w\u00fcrde ich mich freuen auch zu Ihrem Event mit unserem Dienstleistungsangebot einen zuverl\u00e4ssigen Beitrag leisten zu d\u00fcrfen und Sie bald als Kunde begr\u00fc\u00dfen zu k\u00f6nnen.<\/p>\n<p>Mit herzlichen Gr\u00fc\u00dfen<\/p>\n<p>Dominik Wolf[\/vc_column_text][\/vc_column][\/vc_row][vc_row][vc_column][vc_single_image image=\u00a0\u00bb5517&Prime; img_size=\u00a0\u00bbmedium\u00a0\u00bb alignment=\u00a0\u00bbcenter\u00a0\u00bb][\/vc_column][\/vc_row]<\/p>\n<p><\/p>","protected":false},"excerpt":{"rendered":"<p>[vc_row][vc_column css=\u00a0\u00bb.vc_custom_1452273764395{margin-top: 30px !important;}\u00a0\u00bb][vc_column_text] Unsere Firmenphilosophie Zuverl\u00e4ssigkeit, Komfort, Sicherheit, Flexibilit\u00e4t und ein hervorragender Service: Das sind die Ma\u00dfst\u00e4be an denen wir &#8230;<\/p>\n","protected":false},"author":1,"featured_media":0,"parent":1019,"menu_order":0,"comment_status":"closed","ping_status":"closed","template":"","meta":{"footnotes":""},"class_list":["post-1029","page","type-page","status-publish","hentry"],"_links":{"self":[{"href":"https:\/\/limousinenservice-wolf.de\/fr\/wp-json\/wp\/v2\/pages\/1029","targetHints":{"allow":["GET"]}}],"collection":[{"href":"https:\/\/limousinenservice-wolf.de\/fr\/wp-json\/wp\/v2\/pages"}],"about":[{"href":"https:\/\/limousinenservice-wolf.de\/fr\/wp-json\/wp\/v2\/types\/page"}],"author":[{"embeddable":true,"href":"https:\/\/limousinenservice-wolf.de\/fr\/wp-json\/wp\/v2\/users\/1"}],"replies":[{"embeddable":true,"href":"https:\/\/limousinenservice-wolf.de\/fr\/wp-json\/wp\/v2\/comments?post=1029"}],"version-history":[{"count":9,"href":"https:\/\/limousinenservice-wolf.de\/fr\/wp-json\/wp\/v2\/pages\/1029\/revisions"}],"predecessor-version":[{"id":6088,"href":"https:\/\/limousinenservice-wolf.de\/fr\/wp-json\/wp\/v2\/pages\/1029\/revisions\/6088"}],"up":[{"embeddable":true,"href":"https:\/\/limousinenservice-wolf.de\/fr\/wp-json\/wp\/v2\/pages\/1019"}],"wp:attachment":[{"href":"https:\/\/limousinenservice-wolf.de\/fr\/wp-json\/wp\/v2\/media?parent=1029"}],"curies":[{"name":"wp","href":"https:\/\/api.w.org\/{rel}","templated":true}]}}