{"id":1129,"date":"2016-08-04T10:58:29","date_gmt":"2016-08-04T08:58:29","guid":{"rendered":"http:\/\/limousinenservice-wolf.de\/?page_id=1129"},"modified":"2016-12-28T13:28:35","modified_gmt":"2016-12-28T12:28:35","slug":"verhaltensregeln-an-bord-unserer-fahrzeuge","status":"publish","type":"page","link":"https:\/\/limousinenservice-wolf.de\/fr\/verhaltensregeln-an-bord-unserer-fahrzeuge\/","title":{"rendered":"Verhaltensregeln an Bord unserer Fahrzeuge"},"content":{"rendered":"<p class=\"qtranxs-available-languages-message qtranxs-available-languages-message-fr\">D\u00e9sol\u00e9, cet article est seulement disponible en <a href=\"https:\/\/limousinenservice-wolf.de\/de\/wp-json\/wp\/v2\/pages\/1129\" class=\"qtranxs-available-language-link qtranxs-available-language-link-de\" title=\"Deutsch\">Deutsch<\/a>. Pour le confort de l\u2019utilisateur, le contenu est affich\u00e9 ci-dessous dans une autre langue. Vous pouvez cliquer le lien pour changer de langue active.<\/p><p>[vc_row][vc_column][vc_column_text]<span style=\"font-size: small;\">Liebe Kunden,<\/span><\/p>\n<p><span style=\"font-size: small;\">mit bedauern mussten wir feststellen, dass die Sch\u00e4den an unseren Fahrzeugen und das Fehlverhalten gegen\u00fcber unseren Chauffeuren durch einige Wenige zunimmt, so dass wir an dieser Stelle noch einmal auf die wichtigsten Regel hinweisen m\u00f6chten, um miteinander eine sch\u00f6ne Zeit an Bord unserer Fahrzeuge erleben zu k\u00f6nnen. Bei Abschluss des Buchungsvertrages erkennen Sie neben den AGB von Limousinenservice Dominik Wolf die nachfolgenden Regeln an.<\/span><\/p>\n<p><span style=\"font-size: small;\">Wir erbitten uns einen h\u00f6flichen und respektvollen Umgang mit unseren Chauffeuren. Diese bem\u00fchen sich nach Kr\u00e4ften Ihre W\u00fcnsche umzusetzen und sollen dies auch zuk\u00fcnftig mit Freude machen d\u00fcrfen. An Bord der Fahrzeuge von Limousinenservice Wolf ist den Anweisungen des Chauffeurs Folge zu leisten. Bei Zuwiderhandlung ist dieser ausdr\u00fccklich dazu befugt die Bef\u00f6rderung sofort an Ort und Stelle zu beenden. Ein Recht auf Erstattung des Fahrpreises besteht nicht.<\/span><\/p>\n<p><span style=\"font-size: small;\">An Bord der Fahrzeuge von Limousinenservice Wolf besteht absolutes Rauchverbot. Rauchen an Bord ist aus versicherungs- und brandschutztechnischen Gr\u00fcnden im Mietwagenverkehr untersagt. Unsere Chauffeure fahren auf Wunsch jederzeit f\u00fcr eine \u201eRaucherpause\u201c rechts ran. Bei Verst\u00f6\u00dfen erheben wir pro Versto\u00df eine Geb\u00fchr in H\u00f6he von <\/span><span style=\"font-size: small;\"><u>150,00 \u20ac.<\/u><\/span><span style=\"font-size: small;\"> Diese ist sofort (beim Chauffeur) in bar zu zahlen und wird bei Erhalt entsprechend quittiert. Bei Weigerung ist der Chauffeur berechtigt die Fahrg\u00e4ste von der Weiterbef\u00f6rderung auszuschlie\u00dfen und die Fahrt an Ort und Stelle zu beenden. Der Schadensersatzanspruch seitens Limousinenservice Dominik Wolf bleibt davon unber\u00fchrt <\/span><\/p>\n<p><span style=\"font-size: small;\">Ebenso d\u00fcrfen keinerlei mitgef\u00fchrte Getr\u00e4nke oder Speisen an Bord der Limousine verzehrt werden. Gerne k\u00f6nnen wir mitgebrachte Getr\u00e4nke und Speisen aber im Kofferraum f\u00fcr Sie zum Zielort transportieren. Wir bieten unseren Kunden kostenlos deutschlandweit die gr\u00f6\u00dfte Auswahl an Gratisgetr\u00e4nken an Bord unserer Fahrzeuge an, und bitten um Verst\u00e4ndnis, dass wir dar\u00fcber hinaus nat\u00fcrlich gerne weitere Getr\u00e4nkew\u00fcnsche gegen Aufpreis erf\u00fcllen m\u00f6chten. Ein Recht auf Mitnahme unverbrauchter Gratisgetr\u00e4nke besteht nicht, da diese Ihnen ausschlie\u00dflich f\u00fcr die Fahrzeit zur Verf\u00fcgung stehen. So k\u00f6nnen wir gew\u00e4hrleisten auch zuk\u00fcnftig jedem Kunden diese reichhaltige Auswahl kostenfreier Getr\u00e4nke anbieten zu k\u00f6nnen.<\/span><\/p>\n<p><span style=\"font-size: small;\">Bei Verst\u00f6\u00dfen erheben wir pro Versto\u00df eine Geb\u00fchr in H\u00f6he von <\/span><span style=\"font-size: small;\"><u>150,00 \u20ac.<\/u><\/span><span style=\"font-size: small;\"> Diese ist sofort (beim Chauffeur) in bar zu zahlen und wird bei Erhalt entsprechend quittiert. Bei Weigerung ist der Chauffeur berechtigt die Fahrg\u00e4ste von der Weiterbef\u00f6rderung auszuschlie\u00dfen und die Fahrt an Ort und Stelle zu beenden. Der Schadensersatzanspruch seitens Limousinenservice Dominik Wolf bleibt davon unber\u00fchrt <\/span><\/p>\n<p><span style=\"font-size: small;\">Bei \u00fcberm\u00e4\u00dfiger Verunreinigung der Fahrzeuge von Limousinenservice Wolf durch Erbrochenes oder anderer K\u00f6rperfl\u00fcssigkeiten oder vors\u00e4tzlich oder fahrl\u00e4ssig herbeigef\u00fchrter Verunreinigung durch beispielsweise einer vor dem \u00d6ffnen absichtlich gesch\u00fcttelten Sektflasche, erheben wir pro Versto\u00df eine Geb\u00fchr in H\u00f6he von <\/span><span style=\"font-size: small;\"><u>350,00 \u20ac.<\/u><\/span><span style=\"font-size: small;\"> Diese Geb\u00fchr ist sofort (beim Chauffeur) in bar zu entrichten und wird bei Erhalt entsprechend quittiert. Bei Weigerung ist der Chauffeur berechtigt die Fahrg\u00e4ste von der Weiterbef\u00f6rderung auszuschlie\u00dfen und die Fahrt an Ort und Stelle zu beenden. Der Schadensersatzanspruch seitens Limousinenservice Dominik Wolf bleibt davon unber\u00fchrt. <\/span><\/p>\n<p><span style=\"font-size: small;\">Wir bitten darum Musikanlagen an Bord der Fahrzeuge in angemessener Lautst\u00e4rke zu betreiben und \u00dcberlastungen (Kratzen der Boxen) zu vermeiden, da die Lautsprecher sonst Schaden nehmen. Bei wiederholter Zuwiderhandlung sind unsere Chauffeure dazu angehalten die Musikanlage f\u00fcr die restliche Fahrzeit zu deaktivieren. Durch Zuwiderhandlung entstandene Sch\u00e4den an den Fahrzeugen werden dem Kunden in Rechnung gestellt<\/span>. Diese Verhaltensregeln verstehen sich als Erg\u00e4nzung der geltenden AGB von Limousinenservice Dominik Wolf, insofern sie dort nicht bereits aufgef\u00fchrt sind. Wir bedanken uns f\u00fcr Ihr Verst\u00e4ndnis und freuen uns Sie chauffieren zu d\u00fcrfen.[\/vc_column_text][\/vc_column][\/vc_row]<\/p>","protected":false},"excerpt":{"rendered":"<p>D\u00e9sol\u00e9, cet article est seulement disponible en Deutsch. Pour le confort de l\u2019utilisateur, le contenu est affich\u00e9 ci-dessous dans une autre &#8230;<\/p>\n","protected":false},"author":2,"featured_media":0,"parent":0,"menu_order":0,"comment_status":"closed","ping_status":"closed","template":"","meta":{"footnotes":""},"class_list":["post-1129","page","type-page","status-publish","hentry"],"_links":{"self":[{"href":"https:\/\/limousinenservice-wolf.de\/fr\/wp-json\/wp\/v2\/pages\/1129","targetHints":{"allow":["GET"]}}],"collection":[{"href":"https:\/\/limousinenservice-wolf.de\/fr\/wp-json\/wp\/v2\/pages"}],"about":[{"href":"https:\/\/limousinenservice-wolf.de\/fr\/wp-json\/wp\/v2\/types\/page"}],"author":[{"embeddable":true,"href":"https:\/\/limousinenservice-wolf.de\/fr\/wp-json\/wp\/v2\/users\/2"}],"replies":[{"embeddable":true,"href":"https:\/\/limousinenservice-wolf.de\/fr\/wp-json\/wp\/v2\/comments?post=1129"}],"version-history":[{"count":2,"href":"https:\/\/limousinenservice-wolf.de\/fr\/wp-json\/wp\/v2\/pages\/1129\/revisions"}],"predecessor-version":[{"id":1254,"href":"https:\/\/limousinenservice-wolf.de\/fr\/wp-json\/wp\/v2\/pages\/1129\/revisions\/1254"}],"wp:attachment":[{"href":"https:\/\/limousinenservice-wolf.de\/fr\/wp-json\/wp\/v2\/media?parent=1129"}],"curies":[{"name":"wp","href":"https:\/\/api.w.org\/{rel}","templated":true}]}}