{"id":1214,"date":"2016-12-28T13:17:56","date_gmt":"2016-12-28T12:17:56","guid":{"rendered":"http:\/\/limousinenservice-wolf.de\/?page_id=1214"},"modified":"2017-08-07T14:11:17","modified_gmt":"2017-08-07T12:11:17","slug":"extras-neu","status":"publish","type":"page","link":"https:\/\/limousinenservice-wolf.de\/fr\/extras-neu\/","title":{"rendered":"Extras"},"content":{"rendered":"<p class=\"qtranxs-available-languages-message qtranxs-available-languages-message-fr\">D\u00e9sol\u00e9, cet article est seulement disponible en <a href=\"https:\/\/limousinenservice-wolf.de\/de\/wp-json\/wp\/v2\/pages\/1214\" class=\"qtranxs-available-language-link qtranxs-available-language-link-de\" title=\"Deutsch\">Deutsch<\/a>. Pour le confort de l\u2019utilisateur, le contenu est affich\u00e9 ci-dessous dans une autre langue. Vous pouvez cliquer le lien pour changer de langue active.<\/p><p>[vc_row][vc_column][vc_row_inner][vc_column_inner width=\u00a0\u00bb1\/4&Prime;][vc_single_image image=\u00a0\u00bb1179&Prime; img_size=\u00a0\u00bbfull\u00a0\u00bb alignment=\u00a0\u00bbcenter\u00a0\u00bb][\/vc_column_inner][vc_column_inner width=\u00a0\u00bb3\/4&Prime;]\n\t<div class=\"custom-heading wpb_content_element  heading-medium\">\n\t\t<h2 class=\"heading-title\" >Blumendekoration<\/h2>\n\t<\/div>[vc_column_text]Finden Sie unter einer Auswahl unserer Seidenblumenarrangements die passende Dekoration f\u00fcr Ihren Event.<\/p>\n<p>Mietpreis Blumengirlanden je 25,00 \u20ac<\/p>\n<p>Mietpreis Blumenbouquets je 35,00 \u20ac[\/vc_column_text][vc_button title=\u00a0\u00bbmehr erfahren&#8230;\u00a0\u00bb color=\u00a0\u00bbprimary\u00a0\u00bb size=\u00a0\u00bbsmall\u00a0\u00bb link=\u00a0\u00bburl:http%3A%2F%2Fdev.limousinenservice-wolf.de%2Fextras-neu%2Fblumendekoration%2F||\u00a0\u00bb][\/vc_column_inner][\/vc_row_inner][vc_row_inner][vc_column_inner width=\u00a0\u00bb1\/4&Prime;][vc_single_image image=\u00a0\u00bb1300&Prime; img_size=\u00a0\u00bbfull\u00a0\u00bb alignment=\u00a0\u00bbcenter\u00a0\u00bb][\/vc_column_inner][vc_column_inner width=\u00a0\u00bb3\/4&Prime;]\n\t<div class=\"custom-heading wpb_content_element  heading-medium\">\n\t\t<h2 class=\"heading-title\" >Roter &amp; Pinker Teppich<\/h2>\n\t<\/div>[vc_column_text]Der Rote Teppich ist ein Klassiker und rundet Ihre Buchung zu jedem Anlass perfekt ab. Der Pinke Teppich ist die richtige Wahl f\u00fcr Individualisten und bildet ebenfalls einen tollen Kontrast zu unseren Fahrzeugen. In beiden Ausf\u00fchrungen ein Accessoire um Sie an Ihrem besonderen Tag perfekt in Szene zu setzen.<\/p>\n<p>Mietpreis Roter Teppich: 15,00 \u20ac<\/p>\n<p>Mietpreis Pinker Teppich: 15,00 \u20ac[\/vc_column_text][vc_button title=\u00a0\u00bbmehr erfahren&#8230;\u00a0\u00bb color=\u00a0\u00bbprimary\u00a0\u00bb size=\u00a0\u00bbsmall\u00a0\u00bb link=\u00a0\u00bburl:http%3A%2F%2Fdev.limousinenservice-wolf.de%2Fextras-neu%2Froter-pinker-teppich%2F||\u00a0\u00bb][\/vc_column_inner][\/vc_row_inner][vc_row_inner][vc_column_inner width=\u00a0\u00bb1\/4&Prime;][vc_single_image image=\u00a0\u00bb1298&Prime; img_size=\u00a0\u00bbfull\u00a0\u00bb alignment=\u00a0\u00bbcenter\u00a0\u00bb][\/vc_column_inner][vc_column_inner width=\u00a0\u00bb3\/4&Prime;]\n\t<div class=\"custom-heading wpb_content_element  heading-medium\">\n\t\t<h2 class=\"heading-title\" >Magnettafeln Hochzeiten<\/h2>\n\t<\/div>[vc_column_text]Ganz neu im Programm; unsere Magnettafeln in den Ma\u00dfen B:70cm, H:30cm. Diese werden an den hinteren Fahrzeugt\u00fcren angebracht. Die Magnettafeln sind in 3 verschiedenen Designs mit der Aufschrift \u00ab\u00a0Just Married\u00a0\u00bb paarweise zu mieten, oder k\u00f6nnen auf Basis einer der 3 Designvorlagen, personalisiert mit Namen und Hochzeitsdatum des Brautpaares, f\u00fcr Ihren besonderen Tag angefertigt werden. Selbstverst\u00e4ndlich k\u00f6nnen wir diese auch nach Ihrer eigenen Vorlage individuell f\u00fcr Sie erstellten. Im Anschluss an Ihre Buchung d\u00fcrfen Sie Ihre personalisierten oder nach eigener Vorlage f\u00fcr Sie erstellten Magnettafeln gerne als besonderes Erinnerungst\u00fcck mitnehmen.<\/p>\n<p>Mietgeb\u00fchr pro 2 Stk. Magnettafeln \u00ab\u00a0Just Married\u00a0\u00bb Designvorlage: 20,00 \u20ac<\/p>\n<p>Preis pro 2 Stk. Magnettafeln \u201ePersonalisierte Designvorlage\u00a0\u00bb: 50,00 \u20ac<\/p>\n<p>Preis pro 2 Stk. Magnettafeln \u201eindividuelles Design\u201c: 50,00 \u20ac[\/vc_column_text][vc_button title=\u00a0\u00bbmehr erfahren&#8230;\u00a0\u00bb color=\u00a0\u00bbprimary\u00a0\u00bb size=\u00a0\u00bbsmall\u00a0\u00bb link=\u00a0\u00bburl:http%3A%2F%2Fdev.limousinenservice-wolf.de%2Fextras-neu%2Fmagnettafeln-hochzeiten%2F||\u00a0\u00bb][\/vc_column_inner][\/vc_row_inner][vc_row_inner][vc_column_inner width=\u00a0\u00bb1\/4&Prime;][vc_single_image image=\u00a0\u00bb1164&Prime; img_size=\u00a0\u00bbfull\u00a0\u00bb alignment=\u00a0\u00bbcenter\u00a0\u00bb][\/vc_column_inner][vc_column_inner width=\u00a0\u00bb3\/4&Prime;]\n\t<div class=\"custom-heading wpb_content_element  heading-medium\">\n\t\t<h2 class=\"heading-title\" >Magnettafeln JGA's<br \/>\n<\/h2>\n\t<\/div>[vc_column_text]Ganz neu im Programm; unsere Magnettafeln in den Ma\u00dfen B:70cm, H:30cm. Diese werden an den hinteren Fahrzeugt\u00fcren angebracht. Die Magnettafeln sind in 3 verschiedenen Designs, wahlweise mit der Aufschrift \u00ab\u00a0Jungesellenabschied\u00a0\u00bb oder \u00ab\u00a0Junggesellinnenabschied\u00a0\u00bb paarweise zu mieten, oder k\u00f6nnen auf Basis einer der 3 Designvorlagen \u00ab\u00a0personalisiert\u00a0\u00bb mit Namen der zuk\u00fcnftigen Braut oder des zuk\u00fcnftigen Br\u00e4utigams und dem Datum des Events f\u00fcr Ihren besonderen Tag angefertigt werden. Selbstverst\u00e4ndlich k\u00f6nnen wir diese auch nach Ihrer eigenen Vorlage individuell f\u00fcr Sie erstellten. Im Anschluss an Ihre Buchung d\u00fcrfen Sie Ihre personalisierten oder nach eigener Vorlage f\u00fcr Sie erstellten Magnettafeln gerne als besonderes Erinnerungst\u00fcck mitnehmen.<\/p>\n<p>Mietgeb\u00fchr pro 2 Stk. Magnettafeln \u00ab\u00a0JGA\u00a0\u00bb Designvorlage: 20,00 \u20ac<\/p>\n<p>Preis pro 2 Stk. Magnettafeln \u201ePersonalisierte Designvorlage\u00a0\u00bb: 50,00 \u20ac<\/p>\n<p>Preis pro 2 Stk. Magnettafeln \u201eindividuelles Design\u201c: 50,00 \u20ac[\/vc_column_text][vc_button title=\u00a0\u00bbmehr erfahren&#8230;\u00a0\u00bb color=\u00a0\u00bbprimary\u00a0\u00bb size=\u00a0\u00bbsmall\u00a0\u00bb link=\u00a0\u00bburl:http%3A%2F%2Fdev.limousinenservice-wolf.de%2Fextras-neu%2Fmagnettafeln-jgas%2F||\u00a0\u00bb][\/vc_column_inner][\/vc_row_inner][vc_row_inner][vc_column_inner width=\u00a0\u00bb1\/4&Prime;][vc_single_image image=\u00a0\u00bb1371&Prime; img_size=\u00a0\u00bbfull\u00a0\u00bb alignment=\u00a0\u00bbcenter\u00a0\u00bb][\/vc_column_inner][vc_column_inner width=\u00a0\u00bb3\/4&Prime;]\n\t<div class=\"custom-heading wpb_content_element  heading-medium\">\n\t\t<h2 class=\"heading-title\" >Magnettafeln Geburtstage<br \/>\n<\/h2>\n\t<\/div>[vc_column_text]Ganz neu im Programm; unsere Magnettafeln in den Ma\u00dfen B:70cm, H:30cm. Diese werden an den hinteren Fahrzeugt\u00fcren angebracht. Die Magnettafeln sind in 4 verschiedenen Designs mit der Aufschrift \u00ab\u00a0Happy Birthday\u00a0\u00bb\u00a0 paarweise zu mieten, oder k\u00f6nnen auf Basis einer der 3 Designvorlagen \u00ab\u00a0personalisiert\u00a0\u00bb mit Namen des Jubilars\u00a0 und dem Geburtagsdatum f\u00fcr Ihren besonderen Tag angefertigt werden. Selbstverst\u00e4ndlich k\u00f6nnen wir diese auch nach Ihrer eigenen Vorlage individuell f\u00fcr Sie erstellten. Im Anschluss an Ihre Buchung d\u00fcrfen Sie Ihre personalisierten oder nach eigener Vorlage f\u00fcr Sie erstellten Magnettafeln gerne als besonderes Erinnerungst\u00fcck mitnehmen.<\/p>\n<p>Mietgeb\u00fchr pro 2 Stk. Magnettafeln \u00ab\u00a0Happy Birthday\u00a0\u00bb Designvorlage: 20,00 \u20ac<\/p>\n<p>Preis pro 2 Stk. Magnettafeln \u201ePersonalisierte Designvorlage\u00a0\u00bb: 50,00 \u20ac<\/p>\n<p>Preis pro 2 Stk. Magnettafeln \u201eindividuelles Design\u201c: 50,00 \u20ac[\/vc_column_text][vc_button title=\u00a0\u00bbmehr erfahren&#8230;\u00a0\u00bb color=\u00a0\u00bbprimary\u00a0\u00bb size=\u00a0\u00bbsmall\u00a0\u00bb link=\u00a0\u00bburl:http%3A%2F%2Fdev.limousinenservice-wolf.de%2Fextras-neu%2Fmagnettafeln-geburtstage%2F||\u00a0\u00bb][\/vc_column_inner][\/vc_row_inner][vc_row_inner][vc_column_inner width=\u00a0\u00bb1\/4&Prime;][vc_single_image image=\u00a0\u00bb1291&Prime; img_size=\u00a0\u00bbfull\u00a0\u00bb alignment=\u00a0\u00bbcenter\u00a0\u00bb][\/vc_column_inner][vc_column_inner width=\u00a0\u00bb3\/4&Prime;]\n\t<div class=\"custom-heading wpb_content_element  heading-medium\">\n\t\t<h2 class=\"heading-title\" >Magnettafeln Firmenkunden<br \/>\n<\/h2>\n\t<\/div>[vc_column_text]Ganz neu im Programm; unsere Magnettafeln in den Ma\u00dfen B:70cm, H:30cm. Diese werden an den hinteren Fahrzeugt\u00fcren angebracht. Die Magnettafeln werden anhand Ihres Logos oder eines von Ihnen individuell gestalteten Designs, paarweise speziell f\u00fcr Sie angefertigt. Nach der Buchung gehen die Magnettafeln in Ihren Besitz \u00fcber und eigenen sich auch zuk\u00fcnftig als Werbemittel f\u00fcr weiterer Eins\u00e4tze auf Fahrzeugen Ihres firmeneigenen Fuhrparkes. Selbstverst\u00e4ndlich k\u00f6nnen diese auch bei Folgeauftr\u00e4gen erneut und kostenfrei auf unseren Fahrzeugen angebracht werden. Eine einmalige Investition die Ihr Unternehmen werbewirksam in Szene setzt.<\/p>\n<p>Preis pro 2 Stk. Magnettafeln \u201eindividuelles Design\u201c: 50,00 \u20ac[\/vc_column_text][vc_button title=\u00a0\u00bbmehr erfahren&#8230;\u00a0\u00bb color=\u00a0\u00bbprimary\u00a0\u00bb size=\u00a0\u00bbsmall\u00a0\u00bb link=\u00a0\u00bburl:http%3A%2F%2Fdev.limousinenservice-wolf.de%2Fextras-neu%2Fmagnettafeln-firmenkunden%2F||\u00a0\u00bb][\/vc_column_inner][\/vc_row_inner][vc_row_inner][vc_column_inner width=\u00a0\u00bb1\/4&Prime;][vc_single_image image=\u00a0\u00bb934&Prime; img_size=\u00a0\u00bbfull\u00a0\u00bb alignment=\u00a0\u00bbcenter\u00a0\u00bb][\/vc_column_inner][vc_column_inner width=\u00a0\u00bb3\/4&Prime;]\n\t<div class=\"custom-heading wpb_content_element  heading-medium\">\n\t\t<h2 class=\"heading-title\" >Magnettafeln Sonstige Anl\u00e4sse<br \/>\n<\/h2>\n\t<\/div>[vc_column_text]In k\u00fcrze verf\u00fcgbar[\/vc_column_text][vc_button title=\u00a0\u00bbmehr erfahren&#8230;\u00a0\u00bb color=\u00a0\u00bbprimary\u00a0\u00bb size=\u00a0\u00bbsmall\u00a0\u00bb link=\u00a0\u00bburl:http%3A%2F%2Fdev.limousinenservice-wolf.de%2Fextras-neu%2Fmagnettafeln-sonstige-anlaesse%2F||\u00a0\u00bb][\/vc_column_inner][\/vc_row_inner][vc_row_inner][vc_column_inner width=\u00a0\u00bb1\/4&Prime;][vc_single_image image=\u00a0\u00bb1299&Prime; img_size=\u00a0\u00bbfull\u00a0\u00bb alignment=\u00a0\u00bbcenter\u00a0\u00bb][\/vc_column_inner][vc_column_inner width=\u00a0\u00bb3\/4&Prime;]\n\t<div class=\"custom-heading wpb_content_element  heading-medium\">\n\t\t<h2 class=\"heading-title\" >Modellautos<br \/>\n<\/h2>\n\t<\/div>[vc_column_text]Ob f\u00fcr Klein oder Gro\u00df; unsere Auswahl an Modellautos stellt eine sch\u00f6ne Erinnerung an eine Fahrt in einem unserer Luxusfahrzeuge dar und ist auch f\u00fcr Sammler eine seltene Gelegenheit durch solch ein detailliertes Modell zu erweitern. Alle Artikel sind auch einzeln \u00fcber unseren Online-Shop zu erwerben.<\/p>\n<p>Stretchlimousinen Modell &#8211; Lincoln Town Car 1:24, schwarz oder weiss: 49,00 \u20ac<\/p>\n<p>Stretchlimousinenbausatz mit Figuren aus Bausteinen (passend zu Lego City): 14,00 \u20ac<\/p>\n<p>London Taxi Modell 1:24, schwarz: 30,00 \u20ac[\/vc_column_text][vc_button title=\u00a0\u00bbmehr erfahren&#8230;\u00a0\u00bb color=\u00a0\u00bbprimary\u00a0\u00bb size=\u00a0\u00bbsmall\u00a0\u00bb link=\u00a0\u00bburl:http%3A%2F%2Fdev.limousinenservice-wolf.de%2Fextras-neu%2Fstretchlimousinen-modellautos%2F||\u00a0\u00bb][\/vc_column_inner][\/vc_row_inner][vc_row_inner][vc_column_inner width=\u00a0\u00bb1\/4&Prime;][vc_single_image image=\u00a0\u00bb1409&Prime; img_size=\u00a0\u00bbfull\u00a0\u00bb alignment=\u00a0\u00bbcenter\u00a0\u00bb][\/vc_column_inner][vc_column_inner width=\u00a0\u00bb3\/4&Prime;]\n\t<div class=\"custom-heading wpb_content_element  heading-medium\">\n\t\t<h2 class=\"heading-title\" >Gratis Getr\u00e4nke Pakete<\/h2>\n\t<\/div>[vc_column_text]Wir stellen Ihnen bei Buchung einer unserer Stretchlimousinen deutschlandweit die umfangreichste Auswahl an Gratisgetr\u00e4nken w\u00e4hrend Ihrer Fahrt zur Verf\u00fcgung, denn Sie sollen die Fahrt entspannt bei einem Glas Sekt genie\u00dfen k\u00f6nnen, ohne sich Gedanken um zus\u00e4tzliche Kosten bez\u00fcglich des Getr\u00e4nkeverzehrs machen zu m\u00fcssen.[\/vc_column_text][vc_button title=\u00a0\u00bbmehr erfahren&#8230;\u00a0\u00bb color=\u00a0\u00bbprimary\u00a0\u00bb size=\u00a0\u00bbsmall\u00a0\u00bb link=\u00a0\u00bburl:http%3A%2F%2Fdev.limousinenservice-wolf.de%2Fextras-neu%2Fgratis-getraenke-pakete%2F||\u00a0\u00bb][\/vc_column_inner][\/vc_row_inner][vc_row_inner][vc_column_inner width=\u00a0\u00bb1\/4&Prime;][vc_single_image image=\u00a0\u00bb1410&Prime; img_size=\u00a0\u00bbfull\u00a0\u00bb alignment=\u00a0\u00bbcenter\u00a0\u00bb][\/vc_column_inner][vc_column_inner width=\u00a0\u00bb3\/4&Prime;]\n\t<div class=\"custom-heading wpb_content_element  heading-medium\">\n\t\t<h2 class=\"heading-title\" >Extra Getr\u00e4nke<\/h2>\n\t<\/div>[vc_column_text]Sollten Sie \u00fcber die von uns zur Verf\u00fcgung gestellten Gratisgetr\u00e4nkepakete weitere Getr\u00e4nkew\u00fcnsche haben, erf\u00fcllen wir Ihnen diese gerne. Hier finden Sie eine Auswahl und Preis\u00fcbersicht verschiedener Spiritousen, S\u00e4fte und Softdrinks.[\/vc_column_text][vc_button title=\u00a0\u00bbmehr erfahren&#8230;\u00a0\u00bb color=\u00a0\u00bbprimary\u00a0\u00bb size=\u00a0\u00bbsmall\u00a0\u00bb link=\u00a0\u00bburl:http%3A%2F%2Fdev.limousinenservice-wolf.de%2Fextras-neu%2Fextra-getraenke%2F||\u00a0\u00bb][\/vc_column_inner][\/vc_row_inner][vc_row_inner][vc_column_inner width=\u00a0\u00bb1\/4&Prime;][vc_single_image image=\u00a0\u00bb1413&Prime; img_size=\u00a0\u00bbfull\u00a0\u00bb alignment=\u00a0\u00bbcenter\u00a0\u00bb][\/vc_column_inner][vc_column_inner width=\u00a0\u00bb3\/4&Prime;]\n\t<div class=\"custom-heading wpb_content_element  heading-medium\">\n\t\t<h2 class=\"heading-title\" >Sonstige Extras<\/h2>\n\t<\/div>[vc_column_text]In k\u00fcrze verf\u00fcgbar[\/vc_column_text][vc_button title=\u00a0\u00bbmehr erfahren&#8230;\u00a0\u00bb color=\u00a0\u00bbprimary\u00a0\u00bb size=\u00a0\u00bbsmall\u00a0\u00bb link=\u00a0\u00bburl:http%3A%2F%2Fdev.limousinenservice-wolf.de%2Fextras-neu%2Fsonstige-extras%2F||\u00a0\u00bb][\/vc_column_inner][\/vc_row_inner][\/vc_column][\/vc_row]<\/p>","protected":false},"excerpt":{"rendered":"<p>D\u00e9sol\u00e9, cet article est seulement disponible en Deutsch. Pour le confort de l\u2019utilisateur, le contenu est affich\u00e9 ci-dessous dans une autre &#8230;<\/p>\n","protected":false},"author":1,"featured_media":0,"parent":0,"menu_order":0,"comment_status":"closed","ping_status":"closed","template":"","meta":{"footnotes":""},"class_list":["post-1214","page","type-page","status-publish","hentry"],"_links":{"self":[{"href":"https:\/\/limousinenservice-wolf.de\/fr\/wp-json\/wp\/v2\/pages\/1214","targetHints":{"allow":["GET"]}}],"collection":[{"href":"https:\/\/limousinenservice-wolf.de\/fr\/wp-json\/wp\/v2\/pages"}],"about":[{"href":"https:\/\/limousinenservice-wolf.de\/fr\/wp-json\/wp\/v2\/types\/page"}],"author":[{"embeddable":true,"href":"https:\/\/limousinenservice-wolf.de\/fr\/wp-json\/wp\/v2\/users\/1"}],"replies":[{"embeddable":true,"href":"https:\/\/limousinenservice-wolf.de\/fr\/wp-json\/wp\/v2\/comments?post=1214"}],"version-history":[{"count":30,"href":"https:\/\/limousinenservice-wolf.de\/fr\/wp-json\/wp\/v2\/pages\/1214\/revisions"}],"predecessor-version":[{"id":1847,"href":"https:\/\/limousinenservice-wolf.de\/fr\/wp-json\/wp\/v2\/pages\/1214\/revisions\/1847"}],"wp:attachment":[{"href":"https:\/\/limousinenservice-wolf.de\/fr\/wp-json\/wp\/v2\/media?parent=1214"}],"curies":[{"name":"wp","href":"https:\/\/api.w.org\/{rel}","templated":true}]}}