{"id":1226,"date":"2016-12-28T13:21:05","date_gmt":"2016-12-28T12:21:05","guid":{"rendered":"http:\/\/limousinenservice-wolf.de\/?page_id=1226"},"modified":"2017-07-14T15:50:40","modified_gmt":"2017-07-14T13:50:40","slug":"magnettafeln-jgas","status":"publish","type":"page","link":"https:\/\/limousinenservice-wolf.de\/fr\/extras-neu\/magnettafeln-jgas\/","title":{"rendered":"Magnettafeln JGA&rsquo;s"},"content":{"rendered":"<p class=\"qtranxs-available-languages-message qtranxs-available-languages-message-fr\">D\u00e9sol\u00e9, cet article est seulement disponible en <a href=\"https:\/\/limousinenservice-wolf.de\/de\/wp-json\/wp\/v2\/pages\/1226\" class=\"qtranxs-available-language-link qtranxs-available-language-link-de\" title=\"Deutsch\">Deutsch<\/a>. Pour le confort de l\u2019utilisateur, le contenu est affich\u00e9 ci-dessous dans une autre langue. Vous pouvez cliquer le lien pour changer de langue active.<\/p><p>[vc_row][vc_column][vc_column_text]Ganz neu im Programm; unsere Magnettafeln in den Ma\u00dfen B: 70cm, H: 30cm. Diese werden an den hinteren Fahrzeugt\u00fcren angebracht. Die Magnettafeln sind in 3 verschiedenen Designs mit der Aufschrift \u201eJungesellenabschied\u201c oder \u00ab\u00a0Junggesellinnenabschied\u00a0\u00bb paarweise zu mieten, oder k\u00f6nnen auf Basis einer der 3 Designvorlagen, personalisiert mit Namen und Hochzeitsdatum des Brautpaares, f\u00fcr Ihren besonderen Tag angefertigt werden. Selbstverst\u00e4ndlich k\u00f6nnen wir diese auch nach Ihrer eigenen Vorlage \u201eindividuell\u201c f\u00fcr Sie erstellten. Im Anschluss an Ihre Buchung d\u00fcrfen Sie Ihre personalisierten oder nach eigener Vorlage f\u00fcr Sie erstellten Magnettafeln gerne als besonderes Erinnerungst\u00fcck mitnehmen. W\u00e4hlen Sie bei Ihrer Buchung einfach \u201eMagnettafeln individuelles Design\u201c unter Extras in den Buchungsformularen und senden Sie uns im Anschluss Ihre Datei im PDF-Format unter info@limousinenservice-wolf.de zu. Bei Magnettafeln der Kategorie \u201epersonalisierten Designvorlagen\u201c bitten wir Sie Ihre Vornamen und Ihr Hochzeitsdatum einfach mit der \u00dcberschrift \u201eMagnettafeln personalisierte Designvorlage\u201c in dem Textfeld \u201eBesondere W\u00fcnsche\u201c im Online-Buchungsformular einzutragen.\u00a0 Die Bearbeitungsdauer betr\u00e4gt in der Regel 5 Werktage, bei kurzfristigeren Buchungsw\u00fcnschen k\u00f6nnen wir eine fristgerechte Fertigstellung nicht garantieren.[\/vc_column_text][\/vc_column][\/vc_row][vc_row][vc_column][vc_separator color=\u00a0\u00bbcustom\u00a0\u00bb align=\u00a0\u00bbalign_left\u00a0\u00bb border_width=\u00a0\u00bb2&Prime; el_width=\u00a0\u00bb20&Prime; accent_color=\u00a0\u00bb#c3a370&Prime;][\/vc_column][\/vc_row][vc_row][vc_column][vc_column_text]<\/p>\n<h4><strong>Mietgeb\u00fchr pro 2 Stk. Magnettafeln \u201eJunggesellenabschied Herren\u201c Designvorlage Standart 1-3: 20,00 \u20ac<\/strong>.<\/h4>\n<p>[\/vc_column_text][\/vc_column][\/vc_row][vc_row][vc_column width=\u00a0\u00bb1\/3&Prime;][vc_column_text]<a href=\"http:\/\/limousinenservice-wolf.de\/wp-content\/uploads\/2016\/12\/Junggesellinnenabschied-Herren-Standart-1-.jpg\"><img loading=\"lazy\" decoding=\"async\" class=\"alignnone size-medium wp-image-1569\" src=\"http:\/\/limousinenservice-wolf.de\/wp-content\/uploads\/2016\/12\/Junggesellinnenabschied-Herren-Standart-1--300x212.jpg\" alt=\"Junggesellinnenabschied Herren -Standart 1-\" width=\"300\" height=\"212\" srcset=\"https:\/\/limousinenservice-wolf.de\/wp-content\/uploads\/2016\/12\/Junggesellinnenabschied-Herren-Standart-1--300x212.jpg 300w, https:\/\/limousinenservice-wolf.de\/wp-content\/uploads\/2016\/12\/Junggesellinnenabschied-Herren-Standart-1--350x247.jpg 350w, https:\/\/limousinenservice-wolf.de\/wp-content\/uploads\/2016\/12\/Junggesellinnenabschied-Herren-Standart-1--768x543.jpg 768w, https:\/\/limousinenservice-wolf.de\/wp-content\/uploads\/2016\/12\/Junggesellinnenabschied-Herren-Standart-1--1024x724.jpg 1024w, https:\/\/limousinenservice-wolf.de\/wp-content\/uploads\/2016\/12\/Junggesellinnenabschied-Herren-Standart-1-.jpg 1754w\" sizes=\"auto, (max-width: 300px) 100vw, 300px\" \/><\/a>[\/vc_column_text][\/vc_column][vc_column width=\u00a0\u00bb1\/3&Prime;][vc_column_text]<a href=\"http:\/\/limousinenservice-wolf.de\/wp-content\/uploads\/2016\/12\/Junggesellinnenabschied-Herren-Standart-2-.jpg\"><img loading=\"lazy\" decoding=\"async\" class=\"alignnone size-medium wp-image-1570\" src=\"http:\/\/limousinenservice-wolf.de\/wp-content\/uploads\/2016\/12\/Junggesellinnenabschied-Herren-Standart-2--300x212.jpg\" alt=\"Junggesellinnenabschied Herren -Standart 2-\" width=\"300\" height=\"212\" srcset=\"https:\/\/limousinenservice-wolf.de\/wp-content\/uploads\/2016\/12\/Junggesellinnenabschied-Herren-Standart-2--300x212.jpg 300w, https:\/\/limousinenservice-wolf.de\/wp-content\/uploads\/2016\/12\/Junggesellinnenabschied-Herren-Standart-2--350x247.jpg 350w, https:\/\/limousinenservice-wolf.de\/wp-content\/uploads\/2016\/12\/Junggesellinnenabschied-Herren-Standart-2--768x543.jpg 768w, https:\/\/limousinenservice-wolf.de\/wp-content\/uploads\/2016\/12\/Junggesellinnenabschied-Herren-Standart-2--1024x724.jpg 1024w, https:\/\/limousinenservice-wolf.de\/wp-content\/uploads\/2016\/12\/Junggesellinnenabschied-Herren-Standart-2-.jpg 1754w\" sizes=\"auto, (max-width: 300px) 100vw, 300px\" \/><\/a>[\/vc_column_text][\/vc_column][vc_column width=\u00a0\u00bb1\/3&Prime;][vc_column_text]<a href=\"http:\/\/limousinenservice-wolf.de\/wp-content\/uploads\/2016\/12\/Junggesellinnenabschied-Herren-Standart-3-.jpg\"><img loading=\"lazy\" decoding=\"async\" class=\"alignnone size-medium wp-image-1571\" src=\"http:\/\/limousinenservice-wolf.de\/wp-content\/uploads\/2016\/12\/Junggesellinnenabschied-Herren-Standart-3--300x212.jpg\" alt=\"Junggesellinnenabschied Herren -Standart 3-\" width=\"300\" height=\"212\" srcset=\"https:\/\/limousinenservice-wolf.de\/wp-content\/uploads\/2016\/12\/Junggesellinnenabschied-Herren-Standart-3--300x212.jpg 300w, https:\/\/limousinenservice-wolf.de\/wp-content\/uploads\/2016\/12\/Junggesellinnenabschied-Herren-Standart-3--350x247.jpg 350w, https:\/\/limousinenservice-wolf.de\/wp-content\/uploads\/2016\/12\/Junggesellinnenabschied-Herren-Standart-3--768x543.jpg 768w, https:\/\/limousinenservice-wolf.de\/wp-content\/uploads\/2016\/12\/Junggesellinnenabschied-Herren-Standart-3--1024x724.jpg 1024w, https:\/\/limousinenservice-wolf.de\/wp-content\/uploads\/2016\/12\/Junggesellinnenabschied-Herren-Standart-3-.jpg 1754w\" sizes=\"auto, (max-width: 300px) 100vw, 300px\" \/><\/a>[\/vc_column_text][\/vc_column][\/vc_row][vc_row][vc_column][vc_separator color=\u00a0\u00bbcustom\u00a0\u00bb align=\u00a0\u00bbalign_left\u00a0\u00bb border_width=\u00a0\u00bb2&Prime; el_width=\u00a0\u00bb20&Prime; accent_color=\u00a0\u00bb#c3a370&Prime;][\/vc_column][\/vc_row][vc_row][vc_column][vc_column_text]<\/p>\n<h4><strong>Mietgeb\u00fchr pro 2 Stk. Magnettafeln \u201eJunggesellenabschied Herren\u201c Designvorlage Personalisiert 1-3: 50,00 \u20ac<\/strong>.<\/h4>\n<p>[\/vc_column_text][\/vc_column][\/vc_row][vc_row][vc_column width=\u00a0\u00bb1\/3&Prime;][vc_column_text]<a href=\"http:\/\/limousinenservice-wolf.de\/wp-content\/uploads\/2016\/12\/Junggesellinnenabschied-Herren-Personalisiert-1-.jpg\"><img loading=\"lazy\" decoding=\"async\" class=\"alignnone size-medium wp-image-1572\" src=\"http:\/\/limousinenservice-wolf.de\/wp-content\/uploads\/2016\/12\/Junggesellinnenabschied-Herren-Personalisiert-1--300x212.jpg\" alt=\"Junggesellinnenabschied Herren -Personalisiert 1-\" width=\"300\" height=\"212\" srcset=\"https:\/\/limousinenservice-wolf.de\/wp-content\/uploads\/2016\/12\/Junggesellinnenabschied-Herren-Personalisiert-1--300x212.jpg 300w, https:\/\/limousinenservice-wolf.de\/wp-content\/uploads\/2016\/12\/Junggesellinnenabschied-Herren-Personalisiert-1--350x247.jpg 350w, https:\/\/limousinenservice-wolf.de\/wp-content\/uploads\/2016\/12\/Junggesellinnenabschied-Herren-Personalisiert-1--768x543.jpg 768w, https:\/\/limousinenservice-wolf.de\/wp-content\/uploads\/2016\/12\/Junggesellinnenabschied-Herren-Personalisiert-1--1024x724.jpg 1024w, https:\/\/limousinenservice-wolf.de\/wp-content\/uploads\/2016\/12\/Junggesellinnenabschied-Herren-Personalisiert-1-.jpg 1754w\" sizes=\"auto, (max-width: 300px) 100vw, 300px\" \/><\/a>[\/vc_column_text][\/vc_column][vc_column width=\u00a0\u00bb1\/3&Prime;][vc_column_text]<a href=\"http:\/\/limousinenservice-wolf.de\/wp-content\/uploads\/2016\/12\/Junggesellinnenabschied-Herren-Personalisiert-2-.jpg\"><img loading=\"lazy\" decoding=\"async\" class=\"alignnone size-medium wp-image-1573\" src=\"http:\/\/limousinenservice-wolf.de\/wp-content\/uploads\/2016\/12\/Junggesellinnenabschied-Herren-Personalisiert-2--300x212.jpg\" alt=\"Junggesellinnenabschied Herren -Personalisiert 2-\" width=\"300\" height=\"212\" srcset=\"https:\/\/limousinenservice-wolf.de\/wp-content\/uploads\/2016\/12\/Junggesellinnenabschied-Herren-Personalisiert-2--300x212.jpg 300w, https:\/\/limousinenservice-wolf.de\/wp-content\/uploads\/2016\/12\/Junggesellinnenabschied-Herren-Personalisiert-2--350x247.jpg 350w, https:\/\/limousinenservice-wolf.de\/wp-content\/uploads\/2016\/12\/Junggesellinnenabschied-Herren-Personalisiert-2--768x543.jpg 768w, https:\/\/limousinenservice-wolf.de\/wp-content\/uploads\/2016\/12\/Junggesellinnenabschied-Herren-Personalisiert-2--1024x724.jpg 1024w, https:\/\/limousinenservice-wolf.de\/wp-content\/uploads\/2016\/12\/Junggesellinnenabschied-Herren-Personalisiert-2-.jpg 1754w\" sizes=\"auto, (max-width: 300px) 100vw, 300px\" \/><\/a>[\/vc_column_text][\/vc_column][vc_column width=\u00a0\u00bb1\/3&Prime;][vc_column_text]<a href=\"http:\/\/limousinenservice-wolf.de\/wp-content\/uploads\/2016\/12\/Junggesellinnenabschied-Herren-Personalisiert-3-.jpg\"><img loading=\"lazy\" decoding=\"async\" class=\"alignnone size-medium wp-image-1574\" src=\"http:\/\/limousinenservice-wolf.de\/wp-content\/uploads\/2016\/12\/Junggesellinnenabschied-Herren-Personalisiert-3--300x212.jpg\" alt=\"Junggesellinnenabschied Herren -Personalisiert 3-\" width=\"300\" height=\"212\" srcset=\"https:\/\/limousinenservice-wolf.de\/wp-content\/uploads\/2016\/12\/Junggesellinnenabschied-Herren-Personalisiert-3--300x212.jpg 300w, https:\/\/limousinenservice-wolf.de\/wp-content\/uploads\/2016\/12\/Junggesellinnenabschied-Herren-Personalisiert-3--350x247.jpg 350w, https:\/\/limousinenservice-wolf.de\/wp-content\/uploads\/2016\/12\/Junggesellinnenabschied-Herren-Personalisiert-3--768x543.jpg 768w, https:\/\/limousinenservice-wolf.de\/wp-content\/uploads\/2016\/12\/Junggesellinnenabschied-Herren-Personalisiert-3--1024x724.jpg 1024w, https:\/\/limousinenservice-wolf.de\/wp-content\/uploads\/2016\/12\/Junggesellinnenabschied-Herren-Personalisiert-3-.jpg 1754w\" sizes=\"auto, (max-width: 300px) 100vw, 300px\" \/><\/a>[\/vc_column_text][\/vc_column][\/vc_row][vc_row][vc_column][vc_column_text]Bei Magnettafeln der Kategorie \u201epersonalisierten Designvorlagen\u201c bitten wir Sie den entsprechenden Vornamen und das gew\u00fcnschte Geburtstagsdatum einfach mit der \u00dcberschrift \u201eMagnettafeln personalisierte Designvorlage\u201c in dem Textfeld \u201eBesondere W\u00fcnsche\u201c im Online-Buchungsformular einzutragen.[\/vc_column_text][\/vc_column][\/vc_row][vc_row][vc_column][vc_separator color=\u00a0\u00bbcustom\u00a0\u00bb align=\u00a0\u00bbalign_left\u00a0\u00bb border_width=\u00a0\u00bb2&Prime; el_width=\u00a0\u00bb20&Prime; accent_color=\u00a0\u00bb#c3a370&Prime;][\/vc_column][\/vc_row][vc_row][vc_column][vc_column_text]<\/p>\n<h4><strong>Mietgeb\u00fchr pro 2 Stk. Magnettafeln \u201eJunggesellinnenabschied Damen\u201c Designvorlage Standart 1-4: 20,00 \u20ac<\/strong>.<\/h4>\n<p>[\/vc_column_text][\/vc_column][\/vc_row][vc_row][vc_column width=\u00a0\u00bb1\/4&Prime;][vc_column_text]<a href=\"http:\/\/limousinenservice-wolf.de\/wp-content\/uploads\/2016\/12\/Junggesellinnenabschied-Damen-Standart-1-.jpg\"><img loading=\"lazy\" decoding=\"async\" class=\"alignnone size-medium wp-image-1579\" src=\"http:\/\/limousinenservice-wolf.de\/wp-content\/uploads\/2016\/12\/Junggesellinnenabschied-Damen-Standart-1--300x212.jpg\" alt=\"Junggesellinnenabschied Damen -Standart 1-\" width=\"300\" height=\"212\" srcset=\"https:\/\/limousinenservice-wolf.de\/wp-content\/uploads\/2016\/12\/Junggesellinnenabschied-Damen-Standart-1--300x212.jpg 300w, https:\/\/limousinenservice-wolf.de\/wp-content\/uploads\/2016\/12\/Junggesellinnenabschied-Damen-Standart-1--350x247.jpg 350w, https:\/\/limousinenservice-wolf.de\/wp-content\/uploads\/2016\/12\/Junggesellinnenabschied-Damen-Standart-1--768x543.jpg 768w, https:\/\/limousinenservice-wolf.de\/wp-content\/uploads\/2016\/12\/Junggesellinnenabschied-Damen-Standart-1--1024x724.jpg 1024w, https:\/\/limousinenservice-wolf.de\/wp-content\/uploads\/2016\/12\/Junggesellinnenabschied-Damen-Standart-1-.jpg 1754w\" sizes=\"auto, (max-width: 300px) 100vw, 300px\" \/><\/a>[\/vc_column_text][\/vc_column][vc_column width=\u00a0\u00bb1\/4&Prime;][vc_column_text]<a href=\"http:\/\/limousinenservice-wolf.de\/wp-content\/uploads\/2016\/12\/Junggesellinnenabschied-Damen-Standart-2-.jpg\"><img loading=\"lazy\" decoding=\"async\" class=\"alignnone size-medium wp-image-1580\" src=\"http:\/\/limousinenservice-wolf.de\/wp-content\/uploads\/2016\/12\/Junggesellinnenabschied-Damen-Standart-2--300x212.jpg\" alt=\"Junggesellinnenabschied Damen -Standart 2-\" width=\"300\" height=\"212\" srcset=\"https:\/\/limousinenservice-wolf.de\/wp-content\/uploads\/2016\/12\/Junggesellinnenabschied-Damen-Standart-2--300x212.jpg 300w, https:\/\/limousinenservice-wolf.de\/wp-content\/uploads\/2016\/12\/Junggesellinnenabschied-Damen-Standart-2--350x247.jpg 350w, https:\/\/limousinenservice-wolf.de\/wp-content\/uploads\/2016\/12\/Junggesellinnenabschied-Damen-Standart-2--768x543.jpg 768w, https:\/\/limousinenservice-wolf.de\/wp-content\/uploads\/2016\/12\/Junggesellinnenabschied-Damen-Standart-2--1024x724.jpg 1024w, https:\/\/limousinenservice-wolf.de\/wp-content\/uploads\/2016\/12\/Junggesellinnenabschied-Damen-Standart-2-.jpg 1754w\" sizes=\"auto, (max-width: 300px) 100vw, 300px\" \/><\/a>[\/vc_column_text][\/vc_column][vc_column width=\u00a0\u00bb1\/4&Prime;][vc_column_text]<a href=\"http:\/\/limousinenservice-wolf.de\/wp-content\/uploads\/2016\/12\/Junggesellinnenabschied-Damen-Standart-3-.jpg\"><img loading=\"lazy\" decoding=\"async\" class=\"alignnone size-medium wp-image-1581\" src=\"http:\/\/limousinenservice-wolf.de\/wp-content\/uploads\/2016\/12\/Junggesellinnenabschied-Damen-Standart-3--300x212.jpg\" alt=\"Junggesellinnenabschied Damen -Standart 3-\" width=\"300\" height=\"212\" srcset=\"https:\/\/limousinenservice-wolf.de\/wp-content\/uploads\/2016\/12\/Junggesellinnenabschied-Damen-Standart-3--300x212.jpg 300w, https:\/\/limousinenservice-wolf.de\/wp-content\/uploads\/2016\/12\/Junggesellinnenabschied-Damen-Standart-3--350x247.jpg 350w, https:\/\/limousinenservice-wolf.de\/wp-content\/uploads\/2016\/12\/Junggesellinnenabschied-Damen-Standart-3--768x543.jpg 768w, https:\/\/limousinenservice-wolf.de\/wp-content\/uploads\/2016\/12\/Junggesellinnenabschied-Damen-Standart-3--1024x724.jpg 1024w, https:\/\/limousinenservice-wolf.de\/wp-content\/uploads\/2016\/12\/Junggesellinnenabschied-Damen-Standart-3-.jpg 1754w\" sizes=\"auto, (max-width: 300px) 100vw, 300px\" \/><\/a>[\/vc_column_text][\/vc_column][vc_column width=\u00a0\u00bb1\/4&Prime;][vc_column_text]<a href=\"http:\/\/limousinenservice-wolf.de\/wp-content\/uploads\/2016\/12\/Junggesellinnenabschied-Damen-Standart-4-.jpg\"><img loading=\"lazy\" decoding=\"async\" class=\"alignnone size-medium wp-image-1582\" src=\"http:\/\/limousinenservice-wolf.de\/wp-content\/uploads\/2016\/12\/Junggesellinnenabschied-Damen-Standart-4--300x212.jpg\" alt=\"Junggesellinnenabschied Damen -Standart 4-\" width=\"300\" height=\"212\" srcset=\"https:\/\/limousinenservice-wolf.de\/wp-content\/uploads\/2016\/12\/Junggesellinnenabschied-Damen-Standart-4--300x212.jpg 300w, https:\/\/limousinenservice-wolf.de\/wp-content\/uploads\/2016\/12\/Junggesellinnenabschied-Damen-Standart-4--350x247.jpg 350w, https:\/\/limousinenservice-wolf.de\/wp-content\/uploads\/2016\/12\/Junggesellinnenabschied-Damen-Standart-4--768x543.jpg 768w, https:\/\/limousinenservice-wolf.de\/wp-content\/uploads\/2016\/12\/Junggesellinnenabschied-Damen-Standart-4--1024x724.jpg 1024w, https:\/\/limousinenservice-wolf.de\/wp-content\/uploads\/2016\/12\/Junggesellinnenabschied-Damen-Standart-4-.jpg 1754w\" sizes=\"auto, (max-width: 300px) 100vw, 300px\" \/><\/a>[\/vc_column_text][\/vc_column][\/vc_row][vc_row][vc_column][vc_separator color=\u00a0\u00bbcustom\u00a0\u00bb align=\u00a0\u00bbalign_left\u00a0\u00bb border_width=\u00a0\u00bb2&Prime; el_width=\u00a0\u00bb20&Prime; accent_color=\u00a0\u00bb#c3a370&Prime;][\/vc_column][\/vc_row][vc_row][vc_column][vc_column_text]<\/p>\n<h4><strong>Preis pro 2 Stk. Magnettafeln \u00ab\u00a0Junggesellinnenabschied Damen\u00a0\u00bb Designvorlage Personalisierte 1-4: 50,00 \u20ac<\/strong><\/h4>\n<p>[\/vc_column_text][\/vc_column][\/vc_row][vc_row][vc_column width=\u00a0\u00bb1\/4&Prime;][vc_column_text]<a href=\"http:\/\/limousinenservice-wolf.de\/wp-content\/uploads\/2016\/05\/20160525_194915.jpg\"><img loading=\"lazy\" decoding=\"async\" class=\"alignnone size-medium wp-image-1164\" src=\"http:\/\/limousinenservice-wolf.de\/wp-content\/uploads\/2016\/05\/20160525_194915-300x169.jpg\" alt=\"20160525_194915\" width=\"300\" height=\"169\" srcset=\"https:\/\/limousinenservice-wolf.de\/wp-content\/uploads\/2016\/05\/20160525_194915-300x169.jpg 300w, https:\/\/limousinenservice-wolf.de\/wp-content\/uploads\/2016\/05\/20160525_194915-350x197.jpg 350w, https:\/\/limousinenservice-wolf.de\/wp-content\/uploads\/2016\/05\/20160525_194915-768x432.jpg 768w, https:\/\/limousinenservice-wolf.de\/wp-content\/uploads\/2016\/05\/20160525_194915-1024x576.jpg 1024w\" sizes=\"auto, (max-width: 300px) 100vw, 300px\" \/><\/a>[\/vc_column_text][\/vc_column][vc_column width=\u00a0\u00bb1\/4&Prime;][vc_column_text]<a href=\"http:\/\/limousinenservice-wolf.de\/wp-content\/uploads\/2016\/12\/Junggesellinnenabschied-Damen-Personalisiert-2-.jpg\"><img loading=\"lazy\" decoding=\"async\" class=\"alignnone size-medium wp-image-1576\" src=\"http:\/\/limousinenservice-wolf.de\/wp-content\/uploads\/2016\/12\/Junggesellinnenabschied-Damen-Personalisiert-2--300x212.jpg\" alt=\"Junggesellinnenabschied Damen -Personalisiert 2-\" width=\"300\" height=\"212\" srcset=\"https:\/\/limousinenservice-wolf.de\/wp-content\/uploads\/2016\/12\/Junggesellinnenabschied-Damen-Personalisiert-2--300x212.jpg 300w, https:\/\/limousinenservice-wolf.de\/wp-content\/uploads\/2016\/12\/Junggesellinnenabschied-Damen-Personalisiert-2--350x247.jpg 350w, https:\/\/limousinenservice-wolf.de\/wp-content\/uploads\/2016\/12\/Junggesellinnenabschied-Damen-Personalisiert-2--768x543.jpg 768w, https:\/\/limousinenservice-wolf.de\/wp-content\/uploads\/2016\/12\/Junggesellinnenabschied-Damen-Personalisiert-2--1024x724.jpg 1024w, https:\/\/limousinenservice-wolf.de\/wp-content\/uploads\/2016\/12\/Junggesellinnenabschied-Damen-Personalisiert-2-.jpg 1754w\" sizes=\"auto, (max-width: 300px) 100vw, 300px\" \/><\/a>[\/vc_column_text][\/vc_column][vc_column width=\u00a0\u00bb1\/4&Prime;][vc_column_text]<a href=\"http:\/\/limousinenservice-wolf.de\/wp-content\/uploads\/2016\/12\/Junggesellinnenabschied-Damen-Personalisiert-3-.jpg\"><img loading=\"lazy\" decoding=\"async\" class=\"alignnone size-medium wp-image-1577\" src=\"http:\/\/limousinenservice-wolf.de\/wp-content\/uploads\/2016\/12\/Junggesellinnenabschied-Damen-Personalisiert-3--300x212.jpg\" alt=\"Junggesellinnenabschied Damen -Personalisiert 3-\" width=\"300\" height=\"212\" srcset=\"https:\/\/limousinenservice-wolf.de\/wp-content\/uploads\/2016\/12\/Junggesellinnenabschied-Damen-Personalisiert-3--300x212.jpg 300w, https:\/\/limousinenservice-wolf.de\/wp-content\/uploads\/2016\/12\/Junggesellinnenabschied-Damen-Personalisiert-3--350x247.jpg 350w, https:\/\/limousinenservice-wolf.de\/wp-content\/uploads\/2016\/12\/Junggesellinnenabschied-Damen-Personalisiert-3--768x543.jpg 768w, https:\/\/limousinenservice-wolf.de\/wp-content\/uploads\/2016\/12\/Junggesellinnenabschied-Damen-Personalisiert-3--1024x724.jpg 1024w, https:\/\/limousinenservice-wolf.de\/wp-content\/uploads\/2016\/12\/Junggesellinnenabschied-Damen-Personalisiert-3-.jpg 1754w\" sizes=\"auto, (max-width: 300px) 100vw, 300px\" \/><\/a>[\/vc_column_text][\/vc_column][vc_column width=\u00a0\u00bb1\/4&Prime;][vc_column_text]<a href=\"http:\/\/limousinenservice-wolf.de\/wp-content\/uploads\/2016\/12\/Junggesellinnenabschied-Damen-Personalisiert-4-.jpg\"><img loading=\"lazy\" decoding=\"async\" class=\"alignnone size-medium wp-image-1578\" src=\"http:\/\/limousinenservice-wolf.de\/wp-content\/uploads\/2016\/12\/Junggesellinnenabschied-Damen-Personalisiert-4--300x212.jpg\" alt=\"Junggesellinnenabschied Damen -Personalisiert 4-\" width=\"300\" height=\"212\" srcset=\"https:\/\/limousinenservice-wolf.de\/wp-content\/uploads\/2016\/12\/Junggesellinnenabschied-Damen-Personalisiert-4--300x212.jpg 300w, https:\/\/limousinenservice-wolf.de\/wp-content\/uploads\/2016\/12\/Junggesellinnenabschied-Damen-Personalisiert-4--350x247.jpg 350w, https:\/\/limousinenservice-wolf.de\/wp-content\/uploads\/2016\/12\/Junggesellinnenabschied-Damen-Personalisiert-4--768x543.jpg 768w, https:\/\/limousinenservice-wolf.de\/wp-content\/uploads\/2016\/12\/Junggesellinnenabschied-Damen-Personalisiert-4--1024x724.jpg 1024w, https:\/\/limousinenservice-wolf.de\/wp-content\/uploads\/2016\/12\/Junggesellinnenabschied-Damen-Personalisiert-4-.jpg 1754w\" sizes=\"auto, (max-width: 300px) 100vw, 300px\" \/><\/a>[\/vc_column_text][\/vc_column][\/vc_row][vc_row][vc_column][vc_column_text]Bei Magnettafeln der Kategorie \u201epersonalisierten Designvorlagen\u201c bitten wir Sie den entsprechenden Vornamen und das gew\u00fcnschte Geburtstagsdatum einfach mit der \u00dcberschrift \u201eMagnettafeln personalisierte Designvorlage\u201c in dem Textfeld \u201eBesondere W\u00fcnsche\u201c im Online-Buchungsformular einzutragen.[\/vc_column_text][\/vc_column][\/vc_row][vc_row][vc_column][vc_separator color=\u00a0\u00bbcustom\u00a0\u00bb align=\u00a0\u00bbalign_left\u00a0\u00bb border_width=\u00a0\u00bb2&Prime; el_width=\u00a0\u00bb20&Prime; accent_color=\u00a0\u00bb#c3a370&Prime;][\/vc_column][\/vc_row][vc_row][vc_column][vc_column_text]<\/p>\n<div class=\"vc_row wpb_row vc_row-fluid\">\n<div class=\"row_inner_wrapper clearfix\">\n<div class=\"row_inner clearfix\">\n<div class=\"wpb_column vc_column_container vc_col-sm-12\">\n<div class=\"vc_column-inner \">\n<div class=\"wpb_wrapper\">\n<div class=\"wpb_text_column wpb_content_element \">\n<div class=\"wpb_wrapper\">\n<h4><strong>Preis pro 2 Stk. Magnettafeln \u201eindividuelles Design\u201c: 50,00 \u20ac<\/strong><\/h4>\n<\/div>\n<\/div>\n<\/div>\n<\/div>\n<\/div>\n<\/div>\n<\/div>\n<\/div>\n<p>[\/vc_column_text][\/vc_column][\/vc_row][vc_row][vc_column][vc_column_text]W\u00e4hlen Sie bei Ihrer Buchung einfach \u201eMagnettafeln individuelles Design\u201c unter Extras in den Buchungsformularen und senden Sie uns im Anschluss Ihre Datei im PDF-Format unter info@limousinenservice-wolf.de zu.[\/vc_column_text][\/vc_column][\/vc_row]<\/p>","protected":false},"excerpt":{"rendered":"<p>D\u00e9sol\u00e9, cet article est seulement disponible en Deutsch. Pour le confort de l\u2019utilisateur, le contenu est affich\u00e9 ci-dessous dans une autre &#8230;<\/p>\n","protected":false},"author":1,"featured_media":0,"parent":1214,"menu_order":0,"comment_status":"closed","ping_status":"closed","template":"","meta":{"footnotes":""},"class_list":["post-1226","page","type-page","status-publish","hentry"],"_links":{"self":[{"href":"https:\/\/limousinenservice-wolf.de\/fr\/wp-json\/wp\/v2\/pages\/1226","targetHints":{"allow":["GET"]}}],"collection":[{"href":"https:\/\/limousinenservice-wolf.de\/fr\/wp-json\/wp\/v2\/pages"}],"about":[{"href":"https:\/\/limousinenservice-wolf.de\/fr\/wp-json\/wp\/v2\/types\/page"}],"author":[{"embeddable":true,"href":"https:\/\/limousinenservice-wolf.de\/fr\/wp-json\/wp\/v2\/users\/1"}],"replies":[{"embeddable":true,"href":"https:\/\/limousinenservice-wolf.de\/fr\/wp-json\/wp\/v2\/comments?post=1226"}],"version-history":[{"count":13,"href":"https:\/\/limousinenservice-wolf.de\/fr\/wp-json\/wp\/v2\/pages\/1226\/revisions"}],"predecessor-version":[{"id":1611,"href":"https:\/\/limousinenservice-wolf.de\/fr\/wp-json\/wp\/v2\/pages\/1226\/revisions\/1611"}],"up":[{"embeddable":true,"href":"https:\/\/limousinenservice-wolf.de\/fr\/wp-json\/wp\/v2\/pages\/1214"}],"wp:attachment":[{"href":"https:\/\/limousinenservice-wolf.de\/fr\/wp-json\/wp\/v2\/media?parent=1226"}],"curies":[{"name":"wp","href":"https:\/\/api.w.org\/{rel}","templated":true}]}}