{"id":1237,"date":"2016-12-28T13:22:53","date_gmt":"2016-12-28T12:22:53","guid":{"rendered":"http:\/\/limousinenservice-wolf.de\/?page_id=1237"},"modified":"2017-07-14T18:17:10","modified_gmt":"2017-07-14T16:17:10","slug":"gratis-getraenke-pakete","status":"publish","type":"page","link":"https:\/\/limousinenservice-wolf.de\/fr\/extras-neu\/gratis-getraenke-pakete\/","title":{"rendered":"Gratis Getr\u00e4nke Pakete"},"content":{"rendered":"<p class=\"qtranxs-available-languages-message qtranxs-available-languages-message-fr\">D\u00e9sol\u00e9, cet article est seulement disponible en <a href=\"https:\/\/limousinenservice-wolf.de\/de\/wp-json\/wp\/v2\/pages\/1237\" class=\"qtranxs-available-language-link qtranxs-available-language-link-de\" title=\"Deutsch\">Deutsch<\/a>. Pour le confort de l\u2019utilisateur, le contenu est affich\u00e9 ci-dessous dans une autre langue. Vous pouvez cliquer le lien pour changer de langue active.<\/p><p>[vc_row][vc_column][vc_column_text]Wir stellen Ihnen bei Buchung einer unserer Stretchlimousinen oder des London Taxi&rsquo;s deutschlandweit die umfangreichste Auswahl an Gratisgetr\u00e4nken w\u00e4hrend Ihrer Fahrt zur Verf\u00fcgung, denn Sie sollen die Fahrt entspannt bei einem Glas Sekt genie\u00dfen k\u00f6nnen, ohne sich Gedanken um zus\u00e4tzliche Kosten bez\u00fcglich des Getr\u00e4nkeverzehrs machen zu m\u00fcssen. In den entsprechenden Buchungsformularen k\u00f6nnen Sie unter \u00ab\u00a0Gratisgetr\u00e4nke\u00a0\u00bb ihr Wunschpaket ausw\u00e4hlen.<\/p>\n<p>[\/vc_column_text][\/vc_column][\/vc_row][vc_row][vc_column][vc_separator color=\u00a0\u00bbcustom\u00a0\u00bb align=\u00a0\u00bbalign_left\u00a0\u00bb border_width=\u00a0\u00bb2&Prime; el_width=\u00a0\u00bb20&Prime; accent_color=\u00a0\u00bb#c3a370&Prime;][\/vc_column][\/vc_row][vc_row][vc_column][vc_column_text]<\/p>\n<h4>Gratisgetr\u00e4nkepakete Lincoln Town Car Stretchlimousine<\/h4>\n<p>Paket 1 ( 2 x Sekt, Cinzano Asti oder F\u00fcrst von Metternich, 1 x Whisky oder Wodka, 22 x 0,5L Softdrinks)<br \/>\nPaket 2 ( 3 x Sekt, Cinzano Asti oder F\u00fcrst von Metternich, 22 x 0,5L Softdrinks)<br \/>\nPaket 3 ( 20 x 0,33L Bitburger Bier, 1 x Sekt, Cinzano Asti oder F\u00fcrst von Metternich, 22 x 0,5L Softdrinks)<br \/>\nPaket 4 ( 20 x 0,33L Bitburger Bier, 1 x Whisky oder Wodka, 22 x 0,5L Softdrinks)<br \/>\nPaket 5 ( 3 x alkoholfreier Kindersekt, 22 x 0,5L Softdrinks[\/vc_column_text][\/vc_column][\/vc_row][vc_row][vc_column][vc_separator color=\u00a0\u00bbcustom\u00a0\u00bb align=\u00a0\u00bbalign_left\u00a0\u00bb border_width=\u00a0\u00bb2&Prime; el_width=\u00a0\u00bb20&Prime; accent_color=\u00a0\u00bb#c3a370&Prime;][\/vc_column][\/vc_row][vc_row][vc_column][vc_column_text]<\/p>\n<h4><strong>Gratisgetr\u00e4nkepakete London Taxi<\/strong><\/h4>\n<p>Paket 1 ( 2 x Sekt, Cinzano Asti oder F\u00fcrst von Metternich, 10 x 0,5L Softdrinks)<br \/>\nPaket 2 ( 1 x Whisky oder Wodka, 10 x 0,5L Softdrinks)<br \/>\nPaket 3 ( 20 x 0,33L Bitburger Bier, 10 x 0,5L Softdrinks)<br \/>\nPaket 4 ( 2 x alkoholfreier Sekt, 10 x 0,5L Softdrinks)<br \/>\nPaket 5 ( 2 x alkoholfreier Kindersekt, 10 x 0,5L Softdrinks)[\/vc_column_text][\/vc_column][\/vc_row]<\/p>","protected":false},"excerpt":{"rendered":"<p>D\u00e9sol\u00e9, cet article est seulement disponible en Deutsch. Pour le confort de l\u2019utilisateur, le contenu est affich\u00e9 ci-dessous dans une autre &#8230;<\/p>\n","protected":false},"author":1,"featured_media":0,"parent":1214,"menu_order":0,"comment_status":"closed","ping_status":"closed","template":"","meta":{"footnotes":""},"class_list":["post-1237","page","type-page","status-publish","hentry"],"_links":{"self":[{"href":"https:\/\/limousinenservice-wolf.de\/fr\/wp-json\/wp\/v2\/pages\/1237","targetHints":{"allow":["GET"]}}],"collection":[{"href":"https:\/\/limousinenservice-wolf.de\/fr\/wp-json\/wp\/v2\/pages"}],"about":[{"href":"https:\/\/limousinenservice-wolf.de\/fr\/wp-json\/wp\/v2\/types\/page"}],"author":[{"embeddable":true,"href":"https:\/\/limousinenservice-wolf.de\/fr\/wp-json\/wp\/v2\/users\/1"}],"replies":[{"embeddable":true,"href":"https:\/\/limousinenservice-wolf.de\/fr\/wp-json\/wp\/v2\/comments?post=1237"}],"version-history":[{"count":7,"href":"https:\/\/limousinenservice-wolf.de\/fr\/wp-json\/wp\/v2\/pages\/1237\/revisions"}],"predecessor-version":[{"id":1622,"href":"https:\/\/limousinenservice-wolf.de\/fr\/wp-json\/wp\/v2\/pages\/1237\/revisions\/1622"}],"up":[{"embeddable":true,"href":"https:\/\/limousinenservice-wolf.de\/fr\/wp-json\/wp\/v2\/pages\/1214"}],"wp:attachment":[{"href":"https:\/\/limousinenservice-wolf.de\/fr\/wp-json\/wp\/v2\/media?parent=1237"}],"curies":[{"name":"wp","href":"https:\/\/api.w.org\/{rel}","templated":true}]}}