{"id":1002,"date":"2016-05-31T20:07:31","date_gmt":"2016-05-31T18:07:31","guid":{"rendered":"http:\/\/limousinenservice-wolf.de\/?page_id=1002"},"modified":"2016-05-31T20:07:31","modified_gmt":"2016-05-31T18:07:31","slug":"kompensation","status":"publish","type":"page","link":"https:\/\/limousinenservice-wolf.de\/nl\/dienstleistungen\/kompensation\/","title":{"rendered":"Kompensation"},"content":{"rendered":"<p>[vc_row row_id=&#8221;&#8221; row_type=&#8221;row_center_content&#8221; bg_color=&#8221;&#8221; row_meta_color=&#8221;&#8221; bg_image=&#8221;&#8221; bg_position=&#8221;left top&#8221; bg_repeat=&#8221;no-repeat&#8221; row_parallax=&#8221;&#8221; row_video_bg=&#8221;&#8221; bg_video_mp4=&#8221;&#8221; bg_video_ogv=&#8221;&#8221; bg_video_webm=&#8221;&#8221; row_color_overlay=&#8221;&#8221; row_text_color=&#8221;row_text_select&#8221; row_custom_text_color=&#8221;&#8221; border_color=&#8221;&#8221; border_style=&#8221;solid&#8221; border_width=&#8221;&#8221; margin_top=&#8221;&#8221; margin_bottom=&#8221;&#8221; padding_top=&#8221;&#8221; padding_bottom=&#8221;&#8221; padding_left=&#8221;&#8221; padding_right=&#8221;&#8221; class=&#8221;&#8221;][vc_column width=&#8221;1\/1&#8243; css=&#8221;.vc_custom_1450399115748{margin-top: 30px !important;}&#8221;][vc_column_text]<\/p>\n<p class=\"p1\">Gerne stellen wir Ihnen unsere Fahrzeuge f\u00fcr Werbezwecke, Film &amp; Fotoaufnahmen oder TV Produktionen zur Verf\u00fcgung.<\/p>\n<p class=\"p1\">Der Preis variiert je nach gew\u00fcnschtem Fahrzeug und Buchungsumfang. Bitte nutzen Sie daher unser\u00a0<span class=\"s1\">Kontaktformular<\/span> f\u00fcr eine unverbindliche Anfrage. Wir senden Ihnen gerne umgehend ein unverbindliches Angebot zu.\u00a0In manchen F\u00e4llen l\u00e4sst sich durch eine Kompensation &#8211; also eine kostenlose zur Verf\u00fcgungstellung der jeweiligen Leistungen &#8211; ein ausgabenneutraler Mehrgewinn f\u00fcr beide Seiten erzielen.<\/p>\n<p class=\"p3\">Eine Kompensation mit anderen Unternehmen in der Region stellt f\u00fcr uns daher ein interessantes Mittel da, gemeinsam Ziele zu verwirklichen. Wir freuen uns \u00fcber Ihre Vorschl\u00e4ge. Nutzen Sie hierf\u00fcr einfach unser <span class=\"s1\">Kontaktformular<\/span> f\u00fcr eine unverbindliche Anfrage.<\/p>\n<p>[\/vc_column_text][\/vc_column][\/vc_row]<\/p>\n","protected":false},"excerpt":{"rendered":"<p>[vc_row row_id=&#8221;&#8221; row_type=&#8221;row_center_content&#8221; bg_color=&#8221;&#8221; row_meta_color=&#8221;&#8221; bg_image=&#8221;&#8221; bg_position=&#8221;left top&#8221; bg_repeat=&#8221;no-repeat&#8221; row_parallax=&#8221;&#8221; row_video_bg=&#8221;&#8221; bg_video_mp4=&#8221;&#8221; bg_video_ogv=&#8221;&#8221; bg_video_webm=&#8221;&#8221; row_color_overlay=&#8221;&#8221; row_text_color=&#8221;row_text_select&#8221; row_custom_text_color=&#8221;&#8221; border_color=&#8221;&#8221; border_style=&#8221;solid&#8221; border_width=&#8221;&#8221; margin_top=&#8221;&#8221; &#8230;<\/p>\n","protected":false},"author":1,"featured_media":0,"parent":998,"menu_order":0,"comment_status":"closed","ping_status":"closed","template":"","meta":{"footnotes":""},"class_list":["post-1002","page","type-page","status-publish","hentry"],"_links":{"self":[{"href":"https:\/\/limousinenservice-wolf.de\/nl\/wp-json\/wp\/v2\/pages\/1002","targetHints":{"allow":["GET"]}}],"collection":[{"href":"https:\/\/limousinenservice-wolf.de\/nl\/wp-json\/wp\/v2\/pages"}],"about":[{"href":"https:\/\/limousinenservice-wolf.de\/nl\/wp-json\/wp\/v2\/types\/page"}],"author":[{"embeddable":true,"href":"https:\/\/limousinenservice-wolf.de\/nl\/wp-json\/wp\/v2\/users\/1"}],"replies":[{"embeddable":true,"href":"https:\/\/limousinenservice-wolf.de\/nl\/wp-json\/wp\/v2\/comments?post=1002"}],"version-history":[{"count":1,"href":"https:\/\/limousinenservice-wolf.de\/nl\/wp-json\/wp\/v2\/pages\/1002\/revisions"}],"predecessor-version":[{"id":1003,"href":"https:\/\/limousinenservice-wolf.de\/nl\/wp-json\/wp\/v2\/pages\/1002\/revisions\/1003"}],"up":[{"embeddable":true,"href":"https:\/\/limousinenservice-wolf.de\/nl\/wp-json\/wp\/v2\/pages\/998"}],"wp:attachment":[{"href":"https:\/\/limousinenservice-wolf.de\/nl\/wp-json\/wp\/v2\/media?parent=1002"}],"curies":[{"name":"wp","href":"https:\/\/api.w.org\/{rel}","templated":true}]}}