{"id":1011,"date":"2016-05-31T20:12:49","date_gmt":"2016-05-31T18:12:49","guid":{"rendered":"http:\/\/limousinenservice-wolf.de\/?page_id=1011"},"modified":"2017-07-14T18:26:32","modified_gmt":"2017-07-14T16:26:32","slug":"gaestebuch","status":"publish","type":"page","link":"https:\/\/limousinenservice-wolf.de\/nl\/referenzen\/gaestebuch\/","title":{"rendered":"G\u00e4stebuch"},"content":{"rendered":"<p class=\"qtranxs-available-languages-message qtranxs-available-languages-message-nl\">Onze verontschuldigingen, dit bericht is alleen beschikbaar in <a href=\"https:\/\/limousinenservice-wolf.de\/de\/wp-json\/wp\/v2\/pages\/1011\" class=\"qtranxs-available-language-link qtranxs-available-language-link-de\" title=\"Deutsch\">Deutsch<\/a> en <a href=\"https:\/\/limousinenservice-wolf.de\/en\/wp-json\/wp\/v2\/pages\/1011\" class=\"qtranxs-available-language-link qtranxs-available-language-link-en\" title=\"English\">English<\/a>. Voor het gemak van de kijker, is de inhoud hieronder weergegeven in de standaard taal van deze site. Je kunt op een van de koppelingen klikken om de taal van de site naar een andere beschikbare taal te veranderen.<\/p><p>[vc_row][vc_column width=&#8221;3\/4&#8243; css=&#8221;.vc_custom_1450397142827{margin-top: 30px !important;}&#8221;][vc_column_text]Verewigen Sie sich mit einer kleinen Anekdote in unserem G\u00e4stebuch oder lesen Sie Erfahrungen anderer Kunden, die diese mit uns gemacht haben.\u00a0Selbstverst\u00e4ndlich freuen wir uns auch \u00fcber konstruktive Kritik oder Vorschl\u00e4ge, um unseren Service stetig ausbauen und Ihren W\u00fcnschen entsprechend umsetzen zu k\u00f6nnen. Gerne k\u00f6nnen Sie uns unter info@limousinenservice-wolf.de auch ein sch\u00f6nes Erinnerungsfoto zukommen lassen, welches wir auf Wunsch auch gerne in unserer Bildergalerie ver\u00f6ffentlichen.[\/vc_column_text][\/vc_column][\/vc_row][vc_row][vc_column][vc_separator color=&#8221;custom&#8221; align=&#8221;align_left&#8221; border_width=&#8221;2&#8243; el_width=&#8221;20&#8243; accent_color=&#8221;#c3a370&#8243;][\/vc_column][\/vc_row][vc_row][vc_column css=&#8221;.vc_custom_1450397229289{margin-top: -20px !important;}&#8221;][Guestbook][\/vc_column][\/vc_row]<\/p>","protected":false},"excerpt":{"rendered":"<p>Onze verontschuldigingen, dit bericht is alleen beschikbaar in Deutsch en English. Voor het gemak van de kijker, is de inhoud hieronder &#8230;<\/p>\n","protected":false},"author":1,"featured_media":0,"parent":1009,"menu_order":0,"comment_status":"closed","ping_status":"closed","template":"","meta":{"footnotes":""},"class_list":["post-1011","page","type-page","status-publish","hentry"],"_links":{"self":[{"href":"https:\/\/limousinenservice-wolf.de\/nl\/wp-json\/wp\/v2\/pages\/1011","targetHints":{"allow":["GET"]}}],"collection":[{"href":"https:\/\/limousinenservice-wolf.de\/nl\/wp-json\/wp\/v2\/pages"}],"about":[{"href":"https:\/\/limousinenservice-wolf.de\/nl\/wp-json\/wp\/v2\/types\/page"}],"author":[{"embeddable":true,"href":"https:\/\/limousinenservice-wolf.de\/nl\/wp-json\/wp\/v2\/users\/1"}],"replies":[{"embeddable":true,"href":"https:\/\/limousinenservice-wolf.de\/nl\/wp-json\/wp\/v2\/comments?post=1011"}],"version-history":[{"count":3,"href":"https:\/\/limousinenservice-wolf.de\/nl\/wp-json\/wp\/v2\/pages\/1011\/revisions"}],"predecessor-version":[{"id":1624,"href":"https:\/\/limousinenservice-wolf.de\/nl\/wp-json\/wp\/v2\/pages\/1011\/revisions\/1624"}],"up":[{"embeddable":true,"href":"https:\/\/limousinenservice-wolf.de\/nl\/wp-json\/wp\/v2\/pages\/1009"}],"wp:attachment":[{"href":"https:\/\/limousinenservice-wolf.de\/nl\/wp-json\/wp\/v2\/media?parent=1011"}],"curies":[{"name":"wp","href":"https:\/\/api.w.org\/{rel}","templated":true}]}}