{"id":1015,"date":"2016-05-31T20:14:26","date_gmt":"2016-05-31T18:14:26","guid":{"rendered":"http:\/\/limousinenservice-wolf.de\/?page_id=1015"},"modified":"2017-01-25T07:08:55","modified_gmt":"2017-01-25T06:08:55","slug":"partner","status":"publish","type":"page","link":"https:\/\/limousinenservice-wolf.de\/nl\/referenzen\/partner\/","title":{"rendered":"Partner"},"content":{"rendered":"<p>[vc_row][vc_column width=&#8221;2\/3&#8243; css=&#8221;.vc_custom_1450396168707{margin-top: 30px !important;}&#8221;][vc_column_text]Wir m\u00f6chten Sie von unserer Erfahrung mit anderen Dienstleistern im Umfeld unserer T\u00e4tigkeit im profitieren lassen.<\/p>\n<p>Wir sind stolz als Limousinenservice-Wolf mit unseren ausgew\u00e4hlten Partnern ein starkes Netzwerk gegr\u00fcndet zu haben, um Ihnen auch in anderen Bereichen Rund um das Thema Event entsprechende Dienstleistungen empfehlen zu d\u00fcrfen.<\/p>\n<p><i>Unserer Partner\u2026<\/i>[\/vc_column_text][\/vc_column][vc_column width=&#8221;1\/3&#8243; css=&#8221;.vc_custom_1450396262252{margin-top: 10px !important;}&#8221;][vc_column_text]<\/p>\n<blockquote>\n<h4><span style=\"color: #c3a370;\">Zusammenkunft ist ein Anfang.<\/span><br \/>\n<span style=\"color: #c3a370;\">Zusammenhalt ist ein Fortschritt.<\/span><br \/>\n<span style=\"color: #c3a370;\">Zusammenarbeit ist der Erfolg.<\/span><br \/>\n<span style=\"color: #c3a370;\">(Henry Ford)<\/span><\/h4>\n<\/blockquote>\n<p>[\/vc_column_text][\/vc_column][\/vc_row][vc_row][vc_column][vc_separator][\/vc_column][\/vc_row][vc_row][vc_column width=&#8221;1\/4&#8243;][vc_single_image image=&#8221;943&#8243; alignment=&#8221;center&#8221;][\/vc_column][vc_column width=&#8221;2\/4&#8243;][vc_column_text]<strong>Zwei und Ich Kommunikationsdesign<br \/>\n<\/strong>Marketing, Design und Coaching<\/p>\n<p>Lorem ipsum dolor sit amet, consectetur adipiscing elit. Ut elit tellus, luctus nec ullamcorper mattis, pulvinar dapibus leo.<\/p>\n<p>www.zweiundich.de[\/vc_column_text][\/vc_column][\/vc_row][vc_row][vc_column width=&#8221;3\/4&#8243;][vc_separator][\/vc_column][\/vc_row][vc_row][vc_column width=&#8221;1\/4&#8243;][vc_single_image image=&#8221;943&#8243; alignment=&#8221;center&#8221;][\/vc_column][vc_column width=&#8221;2\/4&#8243;][vc_column_text]<strong>Zwei und Ich Kommunikationsdesign<br \/>\n<\/strong>Marketing, Design und Coaching<\/p>\n<p>Lorem ipsum dolor sit amet, consectetur adipiscing elit. Ut elit tellus, luctus nec ullamcorper mattis, pulvinar dapibus leo.<\/p>\n<p>www.zweiundich.de[\/vc_column_text][\/vc_column][\/vc_row]<\/p>","protected":false},"excerpt":{"rendered":"<p>[vc_row][vc_column width=&#8221;2\/3&#8243; css=&#8221;.vc_custom_1450396168707{margin-top: 30px !important;}&#8221;][vc_column_text]Wir m\u00f6chten Sie von unserer Erfahrung mit anderen Dienstleistern im Umfeld unserer T\u00e4tigkeit im profitieren lassen. Wir &#8230;<\/p>\n","protected":false},"author":1,"featured_media":0,"parent":1009,"menu_order":0,"comment_status":"closed","ping_status":"closed","template":"","meta":{"footnotes":""},"class_list":["post-1015","page","type-page","status-publish","hentry"],"_links":{"self":[{"href":"https:\/\/limousinenservice-wolf.de\/nl\/wp-json\/wp\/v2\/pages\/1015","targetHints":{"allow":["GET"]}}],"collection":[{"href":"https:\/\/limousinenservice-wolf.de\/nl\/wp-json\/wp\/v2\/pages"}],"about":[{"href":"https:\/\/limousinenservice-wolf.de\/nl\/wp-json\/wp\/v2\/types\/page"}],"author":[{"embeddable":true,"href":"https:\/\/limousinenservice-wolf.de\/nl\/wp-json\/wp\/v2\/users\/1"}],"replies":[{"embeddable":true,"href":"https:\/\/limousinenservice-wolf.de\/nl\/wp-json\/wp\/v2\/comments?post=1015"}],"version-history":[{"count":12,"href":"https:\/\/limousinenservice-wolf.de\/nl\/wp-json\/wp\/v2\/pages\/1015\/revisions"}],"predecessor-version":[{"id":1351,"href":"https:\/\/limousinenservice-wolf.de\/nl\/wp-json\/wp\/v2\/pages\/1015\/revisions\/1351"}],"up":[{"embeddable":true,"href":"https:\/\/limousinenservice-wolf.de\/nl\/wp-json\/wp\/v2\/pages\/1009"}],"wp:attachment":[{"href":"https:\/\/limousinenservice-wolf.de\/nl\/wp-json\/wp\/v2\/media?parent=1015"}],"curies":[{"name":"wp","href":"https:\/\/api.w.org\/{rel}","templated":true}]}}