{"id":1019,"date":"2016-05-31T20:15:45","date_gmt":"2016-05-31T18:15:45","guid":{"rendered":"http:\/\/limousinenservice-wolf.de\/?page_id=1019"},"modified":"2018-01-27T19:08:24","modified_gmt":"2018-01-27T18:08:24","slug":"weitere-infos","status":"publish","type":"page","link":"https:\/\/limousinenservice-wolf.de\/nl\/weitere-infos\/","title":{"rendered":"Weitere Infos"},"content":{"rendered":"<p>[vc_row row_id=&#8221;&#8221; row_type=&#8221;row_center_content&#8221; bg_color=&#8221;&#8221; row_meta_color=&#8221;&#8221; bg_image=&#8221;&#8221; bg_position=&#8221;left top&#8221; bg_repeat=&#8221;no-repeat&#8221; row_parallax=&#8221;&#8221; row_video_bg=&#8221;&#8221; bg_video_mp4=&#8221;&#8221; bg_video_ogv=&#8221;&#8221; bg_video_webm=&#8221;&#8221; row_color_overlay=&#8221;&#8221; row_text_color=&#8221;row_text_select&#8221; row_custom_text_color=&#8221;&#8221; border_color=&#8221;&#8221; border_style=&#8221;solid&#8221; border_width=&#8221;&#8221; margin_top=&#8221;&#8221; margin_bottom=&#8221;&#8221; padding_top=&#8221;&#8221; padding_bottom=&#8221;&#8221; padding_left=&#8221;&#8221; padding_right=&#8221;&#8221; class=&#8221;&#8221;][vc_column width=&#8221;1\/1&#8243;][vc_row_inner][vc_column_inner el_class=&#8221;&#8221; width=&#8221;1\/4&#8243;][vc_single_image image=&#8221;229&#8243; alignment=&#8221;&#8221; style=&#8221;&#8221; border_color=&#8221;grey&#8221; img_link_large=&#8221;&#8221; img_link_target=&#8221;_self&#8221; css_animation=&#8221;&#8221; img_size=&#8221;medium&#8221;][\/vc_column_inner][vc_column_inner el_class=&#8221;&#8221; width=&#8221;3\/4&#8243;]\n\t<div class=\"custom-heading wpb_content_element  heading-medium\">\n\t\t<h2 class=\"heading-title\" >Anl\u00e4sse<\/h2>\n\t<\/div>[vc_column_text]<\/p>\n<p>Es eignen sich unz\u00e4hlig viele Anl\u00e4sse f\u00fcr eine entspannte Limousinenfahrt. Etwas Inspiration bietet Ihnen unsere Auswahl der beliebtesten Optionen f\u00fcr eine Buchung.<\/p>\n<p>[\/vc_column_text][vc_button title=&#8221;mehr erfahren&#8230;&#8221; target=&#8221;&#8221; color=&#8221;primary&#8221; size=&#8221;small&#8221; position=&#8221;left&#8221; link=&#8221;url:http%3A%2F%2Ftest.owiekindisch.de%2Fde%2Fweitere-infos%2Fanlaesse%2F||&#8221;][\/vc_column_inner][\/vc_row_inner][vc_row_inner][vc_column_inner el_class=&#8221;&#8221; width=&#8221;1\/4&#8243;][vc_single_image image=&#8221;229&#8243; border_color=&#8221;grey&#8221; img_link_large=&#8221;&#8221; img_link_target=&#8221;_self&#8221; img_size=&#8221;medium&#8221;][\/vc_column_inner][vc_column_inner el_class=&#8221;&#8221; width=&#8221;3\/4&#8243;]\n\t<div class=\"custom-heading wpb_content_element  heading-medium\">\n\t\t<h2 class=\"heading-title\" >Zertifizierung<\/h2>\n\t<\/div>[vc_column_text]<\/p>\n<p>Achten Sie &#8211; auch wenn Sie sich gegen unser Angebot entscheiden &#8211; immer darauf, zu Ihrer Sicherheit\u00a0nur bei\u00a0einem seri\u00f6sen und zertifiziertem Unternehmen zu buchen. Hier erhalten Sie einen Einblick in unsere Zertifizierung und weitere Informationen.<\/p>\n<p>[\/vc_column_text][vc_button title=&#8221;mehr erfahren&#8230;&#8221; target=&#8221;&#8221; color=&#8221;primary&#8221; size=&#8221;small&#8221; position=&#8221;left&#8221; link=&#8221;url:http%3A%2F%2Ftest.owiekindisch.de%2Fde%2Fweitere-infos%2Fzertifizierung%2F||&#8221;][\/vc_column_inner][\/vc_row_inner][vc_row_inner][vc_column_inner el_class=&#8221;&#8221; width=&#8221;1\/4&#8243;][vc_single_image image=&#8221;229&#8243; alignment=&#8221;&#8221; style=&#8221;&#8221; border_color=&#8221;grey&#8221; img_link_large=&#8221;&#8221; img_link_target=&#8221;_self&#8221; css_animation=&#8221;&#8221; img_size=&#8221;medium&#8221;][\/vc_column_inner][vc_column_inner el_class=&#8221;&#8221; width=&#8221;3\/4&#8243;]\n\t<div class=\"custom-heading wpb_content_element  heading-medium\">\n\t\t<h2 class=\"heading-title\" >Fahrer<\/h2>\n\t<\/div>[vc_column_text]<\/p>\n<p>Unsere Fahrer sind allesamt sowohl im Umgang mit Ihnen als Kunden, als auch in Sachen Fahrsicherheit professionell geschult und bringen Sie mit Verlass\u00a0zu Ihrem Ziel.<\/p>\n<p>[\/vc_column_text][vc_button title=&#8221;mehr erfahren&#8230;&#8221; target=&#8221;&#8221; color=&#8221;primary&#8221; size=&#8221;small&#8221; position=&#8221;left&#8221; link=&#8221;url:http%3A%2F%2Ftest.owiekindisch.de%2Fde%2Fweitere-infos%2Ffahrer%2F||&#8221;][\/vc_column_inner][\/vc_row_inner][\/vc_column][\/vc_row]<\/p>","protected":false},"excerpt":{"rendered":"<p>[vc_row row_id=&#8221;&#8221; row_type=&#8221;row_center_content&#8221; bg_color=&#8221;&#8221; row_meta_color=&#8221;&#8221; bg_image=&#8221;&#8221; bg_position=&#8221;left top&#8221; bg_repeat=&#8221;no-repeat&#8221; row_parallax=&#8221;&#8221; row_video_bg=&#8221;&#8221; bg_video_mp4=&#8221;&#8221; bg_video_ogv=&#8221;&#8221; bg_video_webm=&#8221;&#8221; row_color_overlay=&#8221;&#8221; row_text_color=&#8221;row_text_select&#8221; row_custom_text_color=&#8221;&#8221; border_color=&#8221;&#8221; border_style=&#8221;solid&#8221; border_width=&#8221;&#8221; margin_top=&#8221;&#8221; &#8230;<\/p>\n","protected":false},"author":1,"featured_media":0,"parent":0,"menu_order":0,"comment_status":"closed","ping_status":"closed","template":"","meta":{"footnotes":""},"class_list":["post-1019","page","type-page","status-publish","hentry"],"_links":{"self":[{"href":"https:\/\/limousinenservice-wolf.de\/nl\/wp-json\/wp\/v2\/pages\/1019","targetHints":{"allow":["GET"]}}],"collection":[{"href":"https:\/\/limousinenservice-wolf.de\/nl\/wp-json\/wp\/v2\/pages"}],"about":[{"href":"https:\/\/limousinenservice-wolf.de\/nl\/wp-json\/wp\/v2\/types\/page"}],"author":[{"embeddable":true,"href":"https:\/\/limousinenservice-wolf.de\/nl\/wp-json\/wp\/v2\/users\/1"}],"replies":[{"embeddable":true,"href":"https:\/\/limousinenservice-wolf.de\/nl\/wp-json\/wp\/v2\/comments?post=1019"}],"version-history":[{"count":6,"href":"https:\/\/limousinenservice-wolf.de\/nl\/wp-json\/wp\/v2\/pages\/1019\/revisions"}],"predecessor-version":[{"id":2072,"href":"https:\/\/limousinenservice-wolf.de\/nl\/wp-json\/wp\/v2\/pages\/1019\/revisions\/2072"}],"wp:attachment":[{"href":"https:\/\/limousinenservice-wolf.de\/nl\/wp-json\/wp\/v2\/media?parent=1019"}],"curies":[{"name":"wp","href":"https:\/\/api.w.org\/{rel}","templated":true}]}}