{"id":1027,"date":"2016-05-31T21:41:36","date_gmt":"2016-05-31T19:41:36","guid":{"rendered":"http:\/\/limousinenservice-wolf.de\/?page_id=1027"},"modified":"2017-08-07T15:22:13","modified_gmt":"2017-08-07T13:22:13","slug":"zertifizierung","status":"publish","type":"page","link":"https:\/\/limousinenservice-wolf.de\/nl\/weitere-infos\/zertifizierung\/","title":{"rendered":"Zertifizierung"},"content":{"rendered":"<p>[vc_row][vc_column width=&#8221;1\/2&#8243;][vc_column_text]<\/p>\n<h3 style=\"text-align: left;\" align=\"justify\">Seri\u00f6sit\u00e4t und Sicherheit<\/h3>\n<p style=\"text-align: justify;\" align=\"justify\">Wir m\u00f6chten Sie darauf hinweisen, dass Firmen, die keine Mietwagenversicherung besitzen, f\u00fcr ihre Fahrg\u00e4ste keinen ausreichenden Versicherungsschutz bieten.<\/p>\n<p style=\"text-align: justify;\">Limousinenservice Wolf ist nach \u00a749 Personenbef\u00f6rderungsgesetz f\u00fcr den Verkehr mit Mietwagen zugelassen und die Chauffeure sind im Besitz eines g\u00fcltigen Personen- bef\u00f6rderungsscheins.<\/p>\n<p style=\"text-align: justify;\" align=\"justify\">UNSERE Stretchlimousinen sind als &#8220;Personenmietwagen&#8221; versichert und haben die T\u00dcV.\u00a0Hauptuntersuchung gem\u00e4\u00df \u00a7 29 STVZO incl. \u00a741(1) BOKraft (dieses MUSS jeder Mietwagen haben).\u00a0Limousinenservice Wolf ist Mitglied bei der <span class=\"gold\">BGF<\/span> (Berufsgenossenschaft f\u00fcr Fahrzeughaltungen).<\/p>\n<p style=\"text-align: justify;\" align=\"justify\">&#8220;Probesitzen&#8221; in unserer Stretchlimousinen ist selbstverst\u00e4ndlich erw\u00fcnscht.<br \/>\nBitte vereinbaren Sie (auch kurzfristig) einen Termin mit uns.<\/p>\n<p>[\/vc_column_text][\/vc_column][vc_column width=&#8221;1\/2&#8243;][vc_column_text]<\/p>\n<h3 style=\"text-align: left;\">Interessengemeinschaft Stretchlimousinen NRW<\/h3>\n<p style=\"text-align: left;\" align=\"justify\">Die Firma Limousinenservice Dominik Wolf ist Mitbegr\u00fcnder und aktives Mitglied der Interessengemeinschaft Stretchlimousinen NRW.<\/p>\n<p style=\"text-align: left;\" align=\"justify\">Die IG-Stretchlimousinen NRW wurde gegr\u00fcndet um als Qualit\u00e4tssiegel im Bereich Stretchlimousinenvermietung zu fungieren. Vorraussetzung f\u00fcr die Mitgliedschaft sind alle erforderlichen g\u00fcltigen Konzessionen und Unbedenklichkeitsbescheinigungen sowie Zuverl\u00e4ssigkeit und ein gleich bleibend hohe und Kundenorientierte &#8211; Servicebereitschaft. Unser Zusammenschluss und die von uns zusammengetragenen Informationen sollen Ihnen als Kunden helfen schwarze Schafe fr\u00fchzeitig zu erkennen.<\/p>\n<p class=\"gold\" style=\"text-align: left;\" align=\"justify\"><strong>Wir m\u00f6chten das unser Berufsbild nicht durch unqualifizierte Mitbewerber Schaden nimmt und helfen Ihnen diese zu erkennen!!!<\/strong><\/p>\n<p>[\/vc_column_text][\/vc_column][\/vc_row]<\/p>","protected":false},"excerpt":{"rendered":"<p>[vc_row][vc_column width=&#8221;1\/2&#8243;][vc_column_text] Seri\u00f6sit\u00e4t und Sicherheit Wir m\u00f6chten Sie darauf hinweisen, dass Firmen, die keine Mietwagenversicherung besitzen, f\u00fcr ihre Fahrg\u00e4ste keinen ausreichenden &#8230;<\/p>\n","protected":false},"author":1,"featured_media":0,"parent":1019,"menu_order":0,"comment_status":"closed","ping_status":"closed","template":"","meta":{"footnotes":""},"class_list":["post-1027","page","type-page","status-publish","hentry"],"_links":{"self":[{"href":"https:\/\/limousinenservice-wolf.de\/nl\/wp-json\/wp\/v2\/pages\/1027","targetHints":{"allow":["GET"]}}],"collection":[{"href":"https:\/\/limousinenservice-wolf.de\/nl\/wp-json\/wp\/v2\/pages"}],"about":[{"href":"https:\/\/limousinenservice-wolf.de\/nl\/wp-json\/wp\/v2\/types\/page"}],"author":[{"embeddable":true,"href":"https:\/\/limousinenservice-wolf.de\/nl\/wp-json\/wp\/v2\/users\/1"}],"replies":[{"embeddable":true,"href":"https:\/\/limousinenservice-wolf.de\/nl\/wp-json\/wp\/v2\/comments?post=1027"}],"version-history":[{"count":3,"href":"https:\/\/limousinenservice-wolf.de\/nl\/wp-json\/wp\/v2\/pages\/1027\/revisions"}],"predecessor-version":[{"id":1856,"href":"https:\/\/limousinenservice-wolf.de\/nl\/wp-json\/wp\/v2\/pages\/1027\/revisions\/1856"}],"up":[{"embeddable":true,"href":"https:\/\/limousinenservice-wolf.de\/nl\/wp-json\/wp\/v2\/pages\/1019"}],"wp:attachment":[{"href":"https:\/\/limousinenservice-wolf.de\/nl\/wp-json\/wp\/v2\/media?parent=1027"}],"curies":[{"name":"wp","href":"https:\/\/api.w.org\/{rel}","templated":true}]}}