{"id":1031,"date":"2016-05-31T21:44:22","date_gmt":"2016-05-31T19:44:22","guid":{"rendered":"http:\/\/limousinenservice-wolf.de\/?page_id=1031"},"modified":"2025-09-30T17:09:07","modified_gmt":"2025-09-30T15:09:07","slug":"startseite","status":"publish","type":"page","link":"https:\/\/limousinenservice-wolf.de\/nl\/","title":{"rendered":"Startseite"},"content":{"rendered":"<p>[vc_row row_parallax=&#8221;false&#8221;][vc_column css=&#8221;.vc_custom_1517070867024{padding-top: 250px !important;padding-right: 0px !important;padding-bottom: 20px !important;padding-left: 0px !important;background-image: url(http:\/\/limousinenservice-wolf.de\/wp-content\/uploads\/2016\/05\/62A6943.jpg?id=2059) !important;background-position: center !important;background-repeat: no-repeat !important;background-size: cover !important;}&#8221;][vc_row_inner css=&#8221;.vc_custom_1445519643791{padding-top: 12px !important;padding-right: 40px !important;padding-bottom: 12px !important;padding-left: 40px !important;background-color: rgba(255,255,255,0.8) !important;*background-color: rgb(255,255,255) !important;}&#8221;][vc_column_inner width=&#8221;1\/2&#8243;]\n\t<div class=\"custom-heading wpb_content_element  heading-medium\">\n\t\t<h2 class=\"heading-title\"  style=\"color: #c3a370;\">Erleben Sie unvergessliche Stunden<\/h2>\n\t<\/div>[vc_column_text]Wir freuen uns, Sie auf unserer Webpr\u00e4senz begr\u00fc\u00dfen zu d\u00fcrfen und<br \/>\nladen Sie herzlich dazu ein, unser Unternehmen kennen zu lernen.<\/p>\n<p>Bei weiteren Fragen oder auch zur Buchung, stehen wir Ihnen gerne<br \/>\nwie folgt zur Verf\u00fcgung. Nehmen Sie einfach Kontakt mit uns auf.[\/vc_column_text][\/vc_column_inner][vc_column_inner width=&#8221;1\/2&#8243;][vc_column_text]Telefon: +49 (0) 241 &#8211; 450 73 37<br \/>\nMobil: +49 (0) 163 &#8211; 926 04 57<br \/>\nE-Mail: <a href=\"mailto:info@limousinenservice-wolf.de\">info@limousinenservice-wolf.de<\/a>[\/vc_column_text][\/vc_column_inner][\/vc_row_inner][\/vc_column][\/vc_row][vc_row][vc_column][vc_row_inner][vc_column_inner]\n\t<div class=\"custom-heading wpb_content_element  heading-medium\" style=\"margin-top: 20px;\">\n\t\t<h2 class=\"heading-title\" >Unsere Bestseller<\/h2>\n\t\t<span class=\"heading-line primary\"><\/span>\n\t<\/div>[\/vc_column_inner][\/vc_row_inner][vc_row_inner][vc_column_inner width=&#8221;1\/4&#8243;][vc_single_image image=&#8221;1186&#8243; img_size=&#8221;full&#8221; alignment=&#8221;center&#8221;]\n\t<div class=\"custom-heading wpb_content_element  heading-medium\">\n\t\t<h2 class=\"heading-title\"  style=\"color: #353535;\">Hochzeitsfahrten<\/h2>\n\t<\/div>[vc_column_text]Wir finden, zum sch\u00f6nsten tag in Ihrem Leben geh\u00f6rt auch ein besonderes Gef\u00e4hrt! Neben unterschiedlichsten Luxusfahrzeugen bieten wir Ihnen auch eine gro\u00dfe Auswahl an Hochzeitsassecoires damit Sie Ihre Buchung individuell gestalten k\u00f6nnen.<\/p>\n<p><a href=\"http:\/\/limousinenservice-wolf.de\/offer\/hochzeitsangebot\/\">mehr erfahren&#8230;<\/a>[\/vc_column_text][\/vc_column_inner][vc_column_inner width=&#8221;1\/4&#8243;][vc_single_image image=&#8221;936&#8243; img_size=&#8221;full&#8221; alignment=&#8221;center&#8221;]\n\t<div class=\"custom-heading wpb_content_element  heading-medium\">\n\t\t<h2 class=\"heading-title\"  style=\"color: #353535;\">Junggesellenabschied<\/h2>\n\t<\/div>[vc_column_text]Feiern Sie diesen besonderen Tag, w\u00e4hrend Sie mit Ihren Freunden oder Freundinnen die Fahrt an Bord einer unserer Luxuslimousinen genie\u00dfen.<\/p>\n<p><a href=\"http:\/\/limousinenservice-wolf.de\/offer\/junggesellenabschiede\/\">mehr erfahren&#8230;<\/a>[\/vc_column_text][\/vc_column_inner][vc_column_inner width=&#8221;1\/4&#8243;][vc_single_image image=&#8221;1293&#8243; img_size=&#8221;full&#8221; alignment=&#8221;center&#8221;]\n\t<div class=\"custom-heading wpb_content_element  heading-medium\">\n\t\t<h2 class=\"heading-title\"  style=\"color: #353535;\">Geburtstagsfahrten<\/h2>\n\t<\/div>[vc_column_text]Endlich 18? Ein runder Geburtstag? Feiern Sie doch diesen Tag mit einer Fahrt in unserer Stretchlimousine.<\/p>\n<p><a href=\"http:\/\/limousinenservice-wolf.de\/offer\/geburtstaggsfahrten\/\">mehr erfahren&#8230;<\/a>[\/vc_column_text][\/vc_column_inner][vc_column_inner width=&#8221;1\/4&#8243;][vc_single_image image=&#8221;934&#8243; img_size=&#8221;full&#8221; alignment=&#8221;center&#8221;]\n\t<div class=\"custom-heading wpb_content_element  heading-medium\">\n\t\t<h2 class=\"heading-title\"  style=\"color: #353535;\">Chauffeur-Dienstleistung<\/h2>\n\t<\/div>[vc_column_text]Ob privat oder gesch\u00e4ftlich, wir bringen Sie zuverl\u00e4ssig, p\u00fcnktlich und stressfrei zu ihrem Wunschziel.<\/p>\n<p><a href=\"http:\/\/limousinenservice-wolf.de\/dienstleistungen\/chauffeur-dienstleistung\/\">mehr erfahren&#8230;<\/a>[\/vc_column_text][\/vc_column_inner][\/vc_row_inner][\/vc_column][\/vc_row][vc_row][vc_column css=&#8221;.vc_custom_1468279075984{margin-bottom: -40px !important;padding-right: 0px !important;padding-left: 0px !important;background-image: url(http:\/\/limousinenservice-wolf.de\/wp-content\/uploads\/2016\/05\/dominik-wolf-portrait_1400px.jpg?id=942) !important;}&#8221;][vc_row_inner css=&#8221;.vc_custom_1450653406281{padding-top: 28px !important;padding-right: 20px !important;padding-bottom: 18px !important;padding-left: 20px !important;}&#8221;][vc_column_inner width=&#8221;3\/6&#8243;]\n\t<div class=\"custom-heading wpb_content_element  heading-medium\">\n\t\t<h2 class=\"heading-title\"  style=\"color: #ffffff;\">Dominik Wolf - Luxus muss nicht teuer sein.<\/h2>\n\t<\/div>[vc_column_text]<span style=\"color: #ffffff;\">Als Inhaber von Limousinenservice Wolf stehe ich auch selbst pers\u00f6nlich als Chauffeur immer f\u00fcr die Werte hinter meinem Unternehmen. Zuverl\u00e4ssigkeit, Komfort, Sicherheit, Diskretion, Flexibilit\u00e4t und ein hervorragender Service.<\/span><\/p>\n<p><span style=\"color: #ffffff;\"><a style=\"color: #ffffff;\" href=\"http:\/\/limousinenservice-wolf.de\/weitere-infos\/ueber-unsere-firma\/\">mehr erfahren&#8230;<\/a><\/span>[\/vc_column_text][\/vc_column_inner][\/vc_row_inner][\/vc_column][\/vc_row][vc_row bg_color=&#8221;#f5f5f5&#8243;][vc_column][vc_row_inner][vc_column_inner]\n\t<div class=\"custom-heading wpb_content_element  heading-medium\" style=\"margin-top: 20px;\">\n\t\t<h2 class=\"heading-title\" >G\u00e4stebuch<\/h2>\n\t\t<span class=\"heading-line primary\"><\/span>\n\t<\/div>[Guestbook][\/vc_column_inner][\/vc_row_inner][\/vc_column][\/vc_row][vc_row][vc_column][vc_row_inner][vc_column_inner]\n\t<div class=\"custom-heading wpb_content_element  heading-medium\" style=\"margin-top: 20px;\">\n\t\t<h2 class=\"heading-title\" >Onlineshop<\/h2>\n\t\t<span class=\"heading-line primary\"><\/span>\n\t<\/div>[\/vc_column_inner][\/vc_row_inner][vc_row_inner][vc_column_inner width=&#8221;1\/4&#8243;][vc_single_image image=&#8221;229&#8243; img_size=&#8221;medium&#8221; alignment=&#8221;center&#8221;]\n\t<div class=\"custom-heading wpb_content_element  heading-medium\">\n\t\t<h2 class=\"heading-title\"  style=\"color: #353535;\">Gutscheine<\/h2>\n\t<\/div>[vc_column_text]Sie brauchen ein besonderes Geschenk f\u00fcr einen besonderen Anlass? Auf Wunsch k\u00f6nnen wir Ihnen passend zu jedem Anlass einen entsprechenden Geschenkgutschein ausstellen. Eine Auswahl an Gutscheinen finden Sie hier in unserem Shop.<\/p>\n<p><a href=\"http:\/\/test.owiekindisch.de\/de\/angebote\/hochzeitstouren\/\">mehr erfahren&#8230;<\/a>[\/vc_column_text][\/vc_column_inner][vc_column_inner width=&#8221;1\/4&#8243;][vc_single_image image=&#8221;229&#8243; img_size=&#8221;medium&#8221; alignment=&#8221;center&#8221;]\n\t<div class=\"custom-heading wpb_content_element  heading-medium\">\n\t\t<h2 class=\"heading-title\"  style=\"color: #353535;\">Souvenirs<\/h2>\n\t<\/div>[vc_column_text]In dieser Kategorie bieten wir unseren Kunden ausgew\u00e4hlte Souvenirs rund um unsere Stretchlimousinenvermietung. Hier finden Sie neben unseren beliebten Modellautos und Stretchlimousinenmodellbaus\u00e4tzen auch Chauffeursm\u00fctzen, T-Shirts und weitere interessante Artikel.<\/p>\n<p><a href=\"http:\/\/test.owiekindisch.de\/de\/angebote\/hochzeitstouren\/\">mehr erfahren&#8230;<\/a>[\/vc_column_text][\/vc_column_inner][vc_column_inner width=&#8221;1\/4&#8243;][vc_single_image image=&#8221;229&#8243; img_size=&#8221;medium&#8221; alignment=&#8221;center&#8221;]\n\t<div class=\"custom-heading wpb_content_element  heading-medium\">\n\t\t<h2 class=\"heading-title\"  style=\"color: #353535;\">Ersatzteile und Zubeh\u00f6r<\/h2>\n\t<\/div>[vc_column_text]Unternehmer und Stretchlimousinenbesitzer finden hier Ersatzteile f\u00fcr die g\u00e4ngigen Stretchlimousinen des Typs Lincoln Town Car und Chrysler 300C<\/p>\n<p><a href=\"http:\/\/test.owiekindisch.de\/de\/angebote\/hochzeitstouren\/\">mehr erfahren&#8230;<\/a>[\/vc_column_text][\/vc_column_inner][vc_column_inner width=&#8221;1\/4&#8243;][vc_single_image image=&#8221;229&#8243; img_size=&#8221;medium&#8221; alignment=&#8221;center&#8221;]\n\t<div class=\"custom-heading wpb_content_element  heading-medium\">\n\t\t<h2 class=\"heading-title\"  style=\"color: #000000;\">Individuelle Hochzeitsartikel<\/h2>\n\t<\/div>[vc_column_text]Sie suchen individuelles Hochzeitszubeh\u00f6r f\u00fcr Ihren besonderen Tag oder m\u00f6chten dem Brautpaar etwas pers\u00f6nliches schenken? In dieser Rubrik finden Sie eine gro\u00dfe Auswahl von Artikeln die sich mit den Namen des Brautpaares individualisieren lassen.<\/p>\n<p>mehr erfahren&#8230;[\/vc_column_text][\/vc_column_inner][\/vc_row_inner][\/vc_column][\/vc_row]<\/p>\n","protected":false},"excerpt":{"rendered":"<p>[vc_row row_parallax=&#8221;false&#8221;][vc_column css=&#8221;.vc_custom_1517070867024{padding-top: 250px !important;padding-right: 0px !important;padding-bottom: 20px !important;padding-left: 0px !important;background-image: url(http:\/\/limousinenservice-wolf.de\/wp-content\/uploads\/2016\/05\/62A6943.jpg?id=2059) !important;background-position: center !important;background-repeat: no-repeat !important;background-size: cover !important;}&#8221;][vc_row_inner css=&#8221;.vc_custom_1445519643791{padding-top: 12px &#8230;<\/p>\n","protected":false},"author":1,"featured_media":0,"parent":0,"menu_order":0,"comment_status":"closed","ping_status":"closed","template":"","meta":{"footnotes":""},"class_list":["post-1031","page","type-page","status-publish","hentry"],"_links":{"self":[{"href":"https:\/\/limousinenservice-wolf.de\/nl\/wp-json\/wp\/v2\/pages\/1031","targetHints":{"allow":["GET"]}}],"collection":[{"href":"https:\/\/limousinenservice-wolf.de\/nl\/wp-json\/wp\/v2\/pages"}],"about":[{"href":"https:\/\/limousinenservice-wolf.de\/nl\/wp-json\/wp\/v2\/types\/page"}],"author":[{"embeddable":true,"href":"https:\/\/limousinenservice-wolf.de\/nl\/wp-json\/wp\/v2\/users\/1"}],"replies":[{"embeddable":true,"href":"https:\/\/limousinenservice-wolf.de\/nl\/wp-json\/wp\/v2\/comments?post=1031"}],"version-history":[{"count":22,"href":"https:\/\/limousinenservice-wolf.de\/nl\/wp-json\/wp\/v2\/pages\/1031\/revisions"}],"predecessor-version":[{"id":6098,"href":"https:\/\/limousinenservice-wolf.de\/nl\/wp-json\/wp\/v2\/pages\/1031\/revisions\/6098"}],"wp:attachment":[{"href":"https:\/\/limousinenservice-wolf.de\/nl\/wp-json\/wp\/v2\/media?parent=1031"}],"curies":[{"name":"wp","href":"https:\/\/api.w.org\/{rel}","templated":true}]}}