{"id":1049,"date":"2016-06-14T14:33:40","date_gmt":"2016-06-14T12:33:40","guid":{"rendered":"http:\/\/limousinenservice-wolf.de\/?page_id=1049"},"modified":"2016-06-14T14:33:51","modified_gmt":"2016-06-14T12:33:51","slug":"angebote","status":"publish","type":"page","link":"https:\/\/limousinenservice-wolf.de\/nl\/angebote\/","title":{"rendered":"Angebote"},"content":{"rendered":"<p>[vc_row][vc_column]<div class=\"offer list-view grid-row\">\n\t\t\t<div class=\"list-offer grid-sm-12 grid-md-6 grid-lg-4\">\n\t<figure>\n\t\t<a href=\"https:\/\/limousinenservice-wolf.de\/nl\/offer\/hochzeitsangebot\/\"><img loading=\"lazy\" decoding=\"async\" width=\"1600\" height=\"1066\" src=\"https:\/\/limousinenservice-wolf.de\/wp-content\/uploads\/2016\/05\/Limousinenservice-Wolf-Hochzeit.jpg\" class=\"attachment-offer_list size-offer_list wp-post-image\" alt=\"Limousinenservice-Wolf-Hochzeit\" title=\"Go to offer\" data-object-fit=\"cover\" srcset=\"https:\/\/limousinenservice-wolf.de\/wp-content\/uploads\/2016\/05\/Limousinenservice-Wolf-Hochzeit.jpg 1600w, https:\/\/limousinenservice-wolf.de\/wp-content\/uploads\/2016\/05\/Limousinenservice-Wolf-Hochzeit-350x233.jpg 350w, https:\/\/limousinenservice-wolf.de\/wp-content\/uploads\/2016\/05\/Limousinenservice-Wolf-Hochzeit-300x200.jpg 300w, https:\/\/limousinenservice-wolf.de\/wp-content\/uploads\/2016\/05\/Limousinenservice-Wolf-Hochzeit-768x512.jpg 768w, https:\/\/limousinenservice-wolf.de\/wp-content\/uploads\/2016\/05\/Limousinenservice-Wolf-Hochzeit-1024x682.jpg 1024w\" sizes=\"auto, (max-width: 1600px) 100vw, 1600px\" \/><\/a>\t<\/figure>\n\t<div class=\"offer-meta\">\n\t\t<h2>Hochzeitsangebote<\/h2>\n\t\t<p class=\"excerpt\"><p>[vc_row][vc_column width=&#8221;1\/2&#8243;][vc_column_text]Wir finden, zum sch\u00f6nsten tag in Ihrem Leben geh\u00f6rt auch ein besonderes Gef\u00e4hrt! Egal ob luxuri\u00f6se Stretchlimousine f\u00fcr bis zu &#8230;<\/p>\n<\/p>\n\t\t<a href=\"https:\/\/limousinenservice-wolf.de\/nl\/offer\/hochzeitsangebot\/\" title=\"Go to offer\">Read more<\/a>\n\t<\/div>\n<\/div>\n\t\t\n\t\t\t<div class=\"list-offer grid-sm-12 grid-md-6 grid-lg-4\">\n\t<figure>\n\t\t<a href=\"https:\/\/limousinenservice-wolf.de\/nl\/offer\/junggesellenabschiede\/\"><img loading=\"lazy\" decoding=\"async\" width=\"1748\" height=\"1165\" src=\"https:\/\/limousinenservice-wolf.de\/wp-content\/uploads\/2016\/05\/Lincoln-Stretchlimousine-mit-rotem-Teppich.jpg\" class=\"attachment-offer_list size-offer_list wp-post-image\" alt=\"Lincoln-Stretchlimousine-mit-rotem-Teppich\" title=\"Go to offer\" data-object-fit=\"cover\" srcset=\"https:\/\/limousinenservice-wolf.de\/wp-content\/uploads\/2016\/05\/Lincoln-Stretchlimousine-mit-rotem-Teppich.jpg 1748w, https:\/\/limousinenservice-wolf.de\/wp-content\/uploads\/2016\/05\/Lincoln-Stretchlimousine-mit-rotem-Teppich-350x233.jpg 350w, https:\/\/limousinenservice-wolf.de\/wp-content\/uploads\/2016\/05\/Lincoln-Stretchlimousine-mit-rotem-Teppich-300x200.jpg 300w, https:\/\/limousinenservice-wolf.de\/wp-content\/uploads\/2016\/05\/Lincoln-Stretchlimousine-mit-rotem-Teppich-768x512.jpg 768w, https:\/\/limousinenservice-wolf.de\/wp-content\/uploads\/2016\/05\/Lincoln-Stretchlimousine-mit-rotem-Teppich-1024x682.jpg 1024w\" sizes=\"auto, (max-width: 1748px) 100vw, 1748px\" \/><\/a>\t<\/figure>\n\t<div class=\"offer-meta\">\n\t\t<h2>Junggesellenabschiede<\/h2>\n\t\t<p class=\"excerpt\"><p>Onze verontschuldigingen, dit bericht is alleen beschikbaar in Deutsch. Voor het gemak van de kijker, is de inhoud hieronder weergegeven in &#8230;<\/p>\n<\/p>\n\t\t<a href=\"https:\/\/limousinenservice-wolf.de\/nl\/offer\/junggesellenabschiede\/\" title=\"Go to offer\">Read more<\/a>\n\t<\/div>\n<\/div>\n\t\t\n\t\t\t<div class=\"list-offer grid-sm-12 grid-md-6 grid-lg-4\">\n\t<figure>\n\t\t<a href=\"https:\/\/limousinenservice-wolf.de\/nl\/offer\/geburtstagsfahrten\/\"><img loading=\"lazy\" decoding=\"async\" width=\"4128\" height=\"2322\" src=\"https:\/\/limousinenservice-wolf.de\/wp-content\/uploads\/2016\/05\/20150420_180757.jpg\" class=\"attachment-offer_list size-offer_list wp-post-image\" alt=\"20150420_180757\" title=\"Go to offer\" data-object-fit=\"cover\" srcset=\"https:\/\/limousinenservice-wolf.de\/wp-content\/uploads\/2016\/05\/20150420_180757.jpg 4128w, https:\/\/limousinenservice-wolf.de\/wp-content\/uploads\/2016\/05\/20150420_180757-350x197.jpg 350w, https:\/\/limousinenservice-wolf.de\/wp-content\/uploads\/2016\/05\/20150420_180757-300x169.jpg 300w, https:\/\/limousinenservice-wolf.de\/wp-content\/uploads\/2016\/05\/20150420_180757-768x432.jpg 768w, https:\/\/limousinenservice-wolf.de\/wp-content\/uploads\/2016\/05\/20150420_180757-1024x576.jpg 1024w\" sizes=\"auto, (max-width: 4128px) 100vw, 4128px\" \/><\/a>\t<\/figure>\n\t<div class=\"offer-meta\">\n\t\t<h2>Geburtstaggsfahrten<\/h2>\n\t\t<p class=\"excerpt\"><p>[vc_row][vc_column][vc_column_text]Endlich 18? Ein runder Geburtstag? Feiern Sie doch diesen Tag mit einer Fahrt in unserer Stretchlimousine. Sie brauchen ein besonderes Geschenk &#8230;<\/p>\n<\/p>\n\t\t<a href=\"https:\/\/limousinenservice-wolf.de\/nl\/offer\/geburtstagsfahrten\/\" title=\"Go to offer\">Read more<\/a>\n\t<\/div>\n<\/div>\n\t\t\n\t\t\t<div class=\"list-offer grid-sm-12 grid-md-6 grid-lg-4\">\n\t<figure>\n\t\t<a href=\"https:\/\/limousinenservice-wolf.de\/nl\/offer\/romantiktouren\/\"><img loading=\"lazy\" decoding=\"async\" width=\"4128\" height=\"2322\" src=\"https:\/\/limousinenservice-wolf.de\/wp-content\/uploads\/2016\/12\/20170421_111628.jpg\" class=\"attachment-offer_list size-offer_list wp-post-image\" alt=\"20170421_111628\" title=\"Go to offer\" data-object-fit=\"cover\" srcset=\"https:\/\/limousinenservice-wolf.de\/wp-content\/uploads\/2016\/12\/20170421_111628.jpg 4128w, https:\/\/limousinenservice-wolf.de\/wp-content\/uploads\/2016\/12\/20170421_111628-350x197.jpg 350w, https:\/\/limousinenservice-wolf.de\/wp-content\/uploads\/2016\/12\/20170421_111628-300x169.jpg 300w, https:\/\/limousinenservice-wolf.de\/wp-content\/uploads\/2016\/12\/20170421_111628-768x432.jpg 768w, https:\/\/limousinenservice-wolf.de\/wp-content\/uploads\/2016\/12\/20170421_111628-1024x576.jpg 1024w\" sizes=\"auto, (max-width: 4128px) 100vw, 4128px\" \/><\/a>\t<\/figure>\n\t<div class=\"offer-meta\">\n\t\t<h2>Romantiktouren<\/h2>\n\t\t<p class=\"excerpt\"><p>Onze verontschuldigingen, dit bericht is alleen beschikbaar in Deutsch. Voor het gemak van de kijker, is de inhoud hieronder weergegeven in &#8230;<\/p>\n<\/p>\n\t\t<a href=\"https:\/\/limousinenservice-wolf.de\/nl\/offer\/romantiktouren\/\" title=\"Go to offer\">Read more<\/a>\n\t<\/div>\n<\/div>\n\t\t\n\t\t\t<div class=\"list-offer grid-sm-12 grid-md-6 grid-lg-4\">\n\t<figure>\n\t\t<a href=\"https:\/\/limousinenservice-wolf.de\/nl\/offer\/junggesellinenabschiede\/\"><img loading=\"lazy\" decoding=\"async\" width=\"4128\" height=\"2322\" src=\"https:\/\/limousinenservice-wolf.de\/wp-content\/uploads\/2017\/01\/Hauptkategoriebild-Bildergalerie-JGA.jpg\" class=\"attachment-offer_list size-offer_list wp-post-image\" alt=\"Hauptkategoriebild-Bildergalerie-JGA\" title=\"Go to offer\" data-object-fit=\"cover\" srcset=\"https:\/\/limousinenservice-wolf.de\/wp-content\/uploads\/2017\/01\/Hauptkategoriebild-Bildergalerie-JGA.jpg 4128w, https:\/\/limousinenservice-wolf.de\/wp-content\/uploads\/2017\/01\/Hauptkategoriebild-Bildergalerie-JGA-350x197.jpg 350w, https:\/\/limousinenservice-wolf.de\/wp-content\/uploads\/2017\/01\/Hauptkategoriebild-Bildergalerie-JGA-300x169.jpg 300w, https:\/\/limousinenservice-wolf.de\/wp-content\/uploads\/2017\/01\/Hauptkategoriebild-Bildergalerie-JGA-768x432.jpg 768w, https:\/\/limousinenservice-wolf.de\/wp-content\/uploads\/2017\/01\/Hauptkategoriebild-Bildergalerie-JGA-1024x576.jpg 1024w\" sizes=\"auto, (max-width: 4128px) 100vw, 4128px\" \/><\/a>\t<\/figure>\n\t<div class=\"offer-meta\">\n\t\t<h2>Junggesellinenabschiede<\/h2>\n\t\t<p class=\"excerpt\"><p>[vc_row][vc_column][vc_column_text]Feiern Sie diesen besonderen Tag, w\u00e4hrend Sie mit Ihren Freunden die Fahrt an Bord einer unserer Luxuslimousinen genie\u00dfen. Durch unsere einmalige &#8230;<\/p>\n<\/p>\n\t\t<a href=\"https:\/\/limousinenservice-wolf.de\/nl\/offer\/junggesellinenabschiede\/\" title=\"Go to offer\">Read more<\/a>\n\t<\/div>\n<\/div>\n\t\t\n\t\t\t<div class=\"list-offer grid-sm-12 grid-md-6 grid-lg-4\">\n\t<figure>\n\t\t<a href=\"https:\/\/limousinenservice-wolf.de\/nl\/offer\/kindergeburtstagsangebote\/\"><img loading=\"lazy\" decoding=\"async\" width=\"4128\" height=\"2322\" src=\"https:\/\/limousinenservice-wolf.de\/wp-content\/uploads\/2017\/01\/Hauptkategoriebild-Bildergalerie-Geburtstage.jpg\" class=\"attachment-offer_list size-offer_list wp-post-image\" alt=\"Hauptkategoriebild-Bildergalerie-Geburtstage\" title=\"Go to offer\" data-object-fit=\"cover\" srcset=\"https:\/\/limousinenservice-wolf.de\/wp-content\/uploads\/2017\/01\/Hauptkategoriebild-Bildergalerie-Geburtstage.jpg 4128w, https:\/\/limousinenservice-wolf.de\/wp-content\/uploads\/2017\/01\/Hauptkategoriebild-Bildergalerie-Geburtstage-350x197.jpg 350w, https:\/\/limousinenservice-wolf.de\/wp-content\/uploads\/2017\/01\/Hauptkategoriebild-Bildergalerie-Geburtstage-300x169.jpg 300w, https:\/\/limousinenservice-wolf.de\/wp-content\/uploads\/2017\/01\/Hauptkategoriebild-Bildergalerie-Geburtstage-768x432.jpg 768w, https:\/\/limousinenservice-wolf.de\/wp-content\/uploads\/2017\/01\/Hauptkategoriebild-Bildergalerie-Geburtstage-1024x576.jpg 1024w\" sizes=\"auto, (max-width: 4128px) 100vw, 4128px\" \/><\/a>\t<\/figure>\n\t<div class=\"offer-meta\">\n\t\t<h2>Kindergeburtstagsangebote<\/h2>\n\t\t<p class=\"excerpt\"><p>Onze verontschuldigingen, dit bericht is alleen beschikbaar in Deutsch. Voor het gemak van de kijker, is de inhoud hieronder weergegeven in &#8230;<\/p>\n<\/p>\n\t\t<a href=\"https:\/\/limousinenservice-wolf.de\/nl\/offer\/kindergeburtstagsangebote\/\" title=\"Go to offer\">Read more<\/a>\n\t<\/div>\n<\/div>\n\t\t\n\t\t\t<div class=\"list-offer grid-sm-12 grid-md-6 grid-lg-4\">\n\t<figure>\n\t\t<a href=\"https:\/\/limousinenservice-wolf.de\/nl\/offer\/gala-dinner-touren\/\"><img loading=\"lazy\" decoding=\"async\" width=\"1227\" height=\"818\" src=\"https:\/\/limousinenservice-wolf.de\/wp-content\/uploads\/2016\/05\/Lincoln-Stretchlimousine-2.jpg\" class=\"attachment-offer_list size-offer_list wp-post-image\" alt=\"Lincoln-Stretchlimousine-2\" title=\"Go to offer\" data-object-fit=\"cover\" srcset=\"https:\/\/limousinenservice-wolf.de\/wp-content\/uploads\/2016\/05\/Lincoln-Stretchlimousine-2.jpg 1227w, https:\/\/limousinenservice-wolf.de\/wp-content\/uploads\/2016\/05\/Lincoln-Stretchlimousine-2-350x233.jpg 350w, https:\/\/limousinenservice-wolf.de\/wp-content\/uploads\/2016\/05\/Lincoln-Stretchlimousine-2-300x200.jpg 300w, https:\/\/limousinenservice-wolf.de\/wp-content\/uploads\/2016\/05\/Lincoln-Stretchlimousine-2-768x512.jpg 768w, https:\/\/limousinenservice-wolf.de\/wp-content\/uploads\/2016\/05\/Lincoln-Stretchlimousine-2-1024x683.jpg 1024w\" sizes=\"auto, (max-width: 1227px) 100vw, 1227px\" \/><\/a>\t<\/figure>\n\t<div class=\"offer-meta\">\n\t\t<h2>Gala-Dinner-Touren<\/h2>\n\t\t<p class=\"excerpt\"><p>Onze verontschuldigingen, dit bericht is alleen beschikbaar in Deutsch. Voor het gemak van de kijker, is de inhoud hieronder weergegeven in &#8230;<\/p>\n<\/p>\n\t\t<a href=\"https:\/\/limousinenservice-wolf.de\/nl\/offer\/gala-dinner-touren\/\" title=\"Go to offer\">Read more<\/a>\n\t<\/div>\n<\/div>\n\t\t\n\t\t\t<div class=\"list-offer grid-sm-12 grid-md-6 grid-lg-4\">\n\t<figure>\n\t\t<a href=\"https:\/\/limousinenservice-wolf.de\/nl\/offer\/discotouren\/\"><img loading=\"lazy\" decoding=\"async\" width=\"4664\" height=\"3113\" src=\"https:\/\/limousinenservice-wolf.de\/wp-content\/uploads\/2017\/01\/Hauptkategoriebild-Bildergalerie-Partytouren.jpg\" class=\"attachment-offer_list size-offer_list wp-post-image\" alt=\"Hauptkategoriebild-Bildergalerie-Partytouren\" title=\"Go to offer\" data-object-fit=\"cover\" srcset=\"https:\/\/limousinenservice-wolf.de\/wp-content\/uploads\/2017\/01\/Hauptkategoriebild-Bildergalerie-Partytouren.jpg 4664w, https:\/\/limousinenservice-wolf.de\/wp-content\/uploads\/2017\/01\/Hauptkategoriebild-Bildergalerie-Partytouren-350x234.jpg 350w, https:\/\/limousinenservice-wolf.de\/wp-content\/uploads\/2017\/01\/Hauptkategoriebild-Bildergalerie-Partytouren-300x200.jpg 300w, https:\/\/limousinenservice-wolf.de\/wp-content\/uploads\/2017\/01\/Hauptkategoriebild-Bildergalerie-Partytouren-768x513.jpg 768w, https:\/\/limousinenservice-wolf.de\/wp-content\/uploads\/2017\/01\/Hauptkategoriebild-Bildergalerie-Partytouren-1024x683.jpg 1024w\" sizes=\"auto, (max-width: 4664px) 100vw, 4664px\" \/><\/a>\t<\/figure>\n\t<div class=\"offer-meta\">\n\t\t<h2>Discotouren<\/h2>\n\t\t<p class=\"excerpt\"><p>Onze verontschuldigingen, dit bericht is alleen beschikbaar in Deutsch. Voor het gemak van de kijker, is de inhoud hieronder weergegeven in &#8230;<\/p>\n<\/p>\n\t\t<a href=\"https:\/\/limousinenservice-wolf.de\/nl\/offer\/discotouren\/\" title=\"Go to offer\">Read more<\/a>\n\t<\/div>\n<\/div>\n\t\t\n\t\t\t<div class=\"list-offer grid-sm-12 grid-md-6 grid-lg-4\">\n\t<figure>\n\t\t<a href=\"https:\/\/limousinenservice-wolf.de\/nl\/offer\/firmenevents\/\"><img loading=\"lazy\" decoding=\"async\" width=\"1200\" height=\"800\" src=\"https:\/\/limousinenservice-wolf.de\/wp-content\/uploads\/2017\/07\/62A7053.jpg\" class=\"attachment-offer_list size-offer_list wp-post-image\" alt=\"_62A7053\" title=\"Go to offer\" data-object-fit=\"cover\" srcset=\"https:\/\/limousinenservice-wolf.de\/wp-content\/uploads\/2017\/07\/62A7053.jpg 1200w, https:\/\/limousinenservice-wolf.de\/wp-content\/uploads\/2017\/07\/62A7053-350x233.jpg 350w, https:\/\/limousinenservice-wolf.de\/wp-content\/uploads\/2017\/07\/62A7053-300x200.jpg 300w, https:\/\/limousinenservice-wolf.de\/wp-content\/uploads\/2017\/07\/62A7053-768x512.jpg 768w, https:\/\/limousinenservice-wolf.de\/wp-content\/uploads\/2017\/07\/62A7053-1024x683.jpg 1024w\" sizes=\"auto, (max-width: 1200px) 100vw, 1200px\" \/><\/a>\t<\/figure>\n\t<div class=\"offer-meta\">\n\t\t<h2>Firmenevents<\/h2>\n\t\t<p class=\"excerpt\"><\/p>\n\t\t<a href=\"https:\/\/limousinenservice-wolf.de\/nl\/offer\/firmenevents\/\" title=\"Go to offer\">Read more<\/a>\n\t<\/div>\n<\/div>\n\t\t\n\t\t\t<div class=\"list-offer grid-sm-12 grid-md-6 grid-lg-4\">\n\t<figure>\n\t\t<a href=\"https:\/\/limousinenservice-wolf.de\/nl\/offer\/flughafentransfere\/\"><img loading=\"lazy\" decoding=\"async\" width=\"500\" height=\"355\" src=\"https:\/\/limousinenservice-wolf.de\/wp-content\/uploads\/2016\/05\/4323e354bb2eee09ed50da5ae2ad48dd-jaguar-xjl-jaguar.jpg\" class=\"attachment-offer_list size-offer_list wp-post-image\" alt=\"4323e354bb2eee09ed50da5ae2ad48dd&#8211;jaguar-xjl&#8211;jaguar\" title=\"Go to offer\" data-object-fit=\"cover\" srcset=\"https:\/\/limousinenservice-wolf.de\/wp-content\/uploads\/2016\/05\/4323e354bb2eee09ed50da5ae2ad48dd-jaguar-xjl-jaguar.jpg 500w, https:\/\/limousinenservice-wolf.de\/wp-content\/uploads\/2016\/05\/4323e354bb2eee09ed50da5ae2ad48dd-jaguar-xjl-jaguar-350x249.jpg 350w, https:\/\/limousinenservice-wolf.de\/wp-content\/uploads\/2016\/05\/4323e354bb2eee09ed50da5ae2ad48dd-jaguar-xjl-jaguar-300x213.jpg 300w\" sizes=\"auto, (max-width: 500px) 100vw, 500px\" \/><\/a>\t<\/figure>\n\t<div class=\"offer-meta\">\n\t\t<h2>Flughafentransfere<\/h2>\n\t\t<p class=\"excerpt\"><p>[vc_row][vc_column width=&#8221;1\/2&#8243;][vc_column_text] Ob privat oder gesch\u00e4ftlich, wir bringen Sie zuverl\u00e4ssig, p\u00fcnktlich und stressfrei zu einem Flughafen ihrer Wahl. Sie k\u00f6nnen sich &#8230;<\/p>\n<\/p>\n\t\t<a href=\"https:\/\/limousinenservice-wolf.de\/nl\/offer\/flughafentransfere\/\" title=\"Go to offer\">Read more<\/a>\n\t<\/div>\n<\/div>\n\t\t\n\t\t\t<div class=\"list-offer grid-sm-12 grid-md-6 grid-lg-4\">\n\t<figure>\n\t\t<a href=\"https:\/\/limousinenservice-wolf.de\/nl\/offer\/chauffeurdienstleistungen\/\"><img loading=\"lazy\" decoding=\"async\" width=\"1200\" height=\"800\" src=\"https:\/\/limousinenservice-wolf.de\/wp-content\/uploads\/2016\/05\/BMW-750i-Alpina-4.jpg\" class=\"attachment-offer_list size-offer_list wp-post-image\" alt=\"BMW-750i-Alpina-4\" title=\"Go to offer\" data-object-fit=\"cover\" srcset=\"https:\/\/limousinenservice-wolf.de\/wp-content\/uploads\/2016\/05\/BMW-750i-Alpina-4.jpg 1200w, https:\/\/limousinenservice-wolf.de\/wp-content\/uploads\/2016\/05\/BMW-750i-Alpina-4-350x233.jpg 350w, https:\/\/limousinenservice-wolf.de\/wp-content\/uploads\/2016\/05\/BMW-750i-Alpina-4-300x200.jpg 300w, https:\/\/limousinenservice-wolf.de\/wp-content\/uploads\/2016\/05\/BMW-750i-Alpina-4-768x512.jpg 768w, https:\/\/limousinenservice-wolf.de\/wp-content\/uploads\/2016\/05\/BMW-750i-Alpina-4-1024x683.jpg 1024w\" sizes=\"auto, (max-width: 1200px) 100vw, 1200px\" \/><\/a>\t<\/figure>\n\t<div class=\"offer-meta\">\n\t\t<h2>Chauffeurdienstleistungen<\/h2>\n\t\t<p class=\"excerpt\"><p>Onze verontschuldigingen, dit bericht is alleen beschikbaar in Deutsch. Voor het gemak van de kijker, is de inhoud hieronder weergegeven in &#8230;<\/p>\n<\/p>\n\t\t<a href=\"https:\/\/limousinenservice-wolf.de\/nl\/offer\/chauffeurdienstleistungen\/\" title=\"Go to offer\">Read more<\/a>\n\t<\/div>\n<\/div>\n\t\t\n\t\t\t<div class=\"list-offer grid-sm-12 grid-md-6 grid-lg-4\">\n\t<figure>\n\t\t<a href=\"https:\/\/limousinenservice-wolf.de\/nl\/offer\/sonderangebote\/\"><img loading=\"lazy\" decoding=\"async\" width=\"624\" height=\"418\" src=\"https:\/\/limousinenservice-wolf.de\/wp-content\/uploads\/2017\/07\/insignia-de-oro-a-la-mejor-oferta_1012-30-bearbeitet-2.jpg\" class=\"attachment-offer_list size-offer_list wp-post-image\" alt=\"insignia-de-oro-a-la-mejor-oferta_1012-30 bearbeitet 2\" title=\"Go to offer\" data-object-fit=\"cover\" srcset=\"https:\/\/limousinenservice-wolf.de\/wp-content\/uploads\/2017\/07\/insignia-de-oro-a-la-mejor-oferta_1012-30-bearbeitet-2.jpg 624w, https:\/\/limousinenservice-wolf.de\/wp-content\/uploads\/2017\/07\/insignia-de-oro-a-la-mejor-oferta_1012-30-bearbeitet-2-350x234.jpg 350w, https:\/\/limousinenservice-wolf.de\/wp-content\/uploads\/2017\/07\/insignia-de-oro-a-la-mejor-oferta_1012-30-bearbeitet-2-300x201.jpg 300w\" sizes=\"auto, (max-width: 624px) 100vw, 624px\" \/><\/a>\t<\/figure>\n\t<div class=\"offer-meta\">\n\t\t<h2>Sonderangebote<\/h2>\n\t\t<p class=\"excerpt\"><p>Onze verontschuldigingen, dit bericht is alleen beschikbaar in Deutsch. Voor het gemak van de kijker, is de inhoud hieronder weergegeven in &#8230;<\/p>\n<\/p>\n\t\t<a href=\"https:\/\/limousinenservice-wolf.de\/nl\/offer\/sonderangebote\/\" title=\"Go to offer\">Read more<\/a>\n\t<\/div>\n<\/div>\n\t\t<\/div>[\/vc_column][\/vc_row]<\/p>\n","protected":false},"excerpt":{"rendered":"<p>[vc_row][vc_column][\/vc_column][\/vc_row]<\/p>\n","protected":false},"author":1,"featured_media":0,"parent":0,"menu_order":0,"comment_status":"closed","ping_status":"closed","template":"","meta":{"footnotes":""},"class_list":["post-1049","page","type-page","status-publish","hentry"],"_links":{"self":[{"href":"https:\/\/limousinenservice-wolf.de\/nl\/wp-json\/wp\/v2\/pages\/1049","targetHints":{"allow":["GET"]}}],"collection":[{"href":"https:\/\/limousinenservice-wolf.de\/nl\/wp-json\/wp\/v2\/pages"}],"about":[{"href":"https:\/\/limousinenservice-wolf.de\/nl\/wp-json\/wp\/v2\/types\/page"}],"author":[{"embeddable":true,"href":"https:\/\/limousinenservice-wolf.de\/nl\/wp-json\/wp\/v2\/users\/1"}],"replies":[{"embeddable":true,"href":"https:\/\/limousinenservice-wolf.de\/nl\/wp-json\/wp\/v2\/comments?post=1049"}],"version-history":[{"count":2,"href":"https:\/\/limousinenservice-wolf.de\/nl\/wp-json\/wp\/v2\/pages\/1049\/revisions"}],"predecessor-version":[{"id":1052,"href":"https:\/\/limousinenservice-wolf.de\/nl\/wp-json\/wp\/v2\/pages\/1049\/revisions\/1052"}],"wp:attachment":[{"href":"https:\/\/limousinenservice-wolf.de\/nl\/wp-json\/wp\/v2\/media?parent=1049"}],"curies":[{"name":"wp","href":"https:\/\/api.w.org\/{rel}","templated":true}]}}