{"id":1122,"date":"2016-08-04T10:52:47","date_gmt":"2016-08-04T08:52:47","guid":{"rendered":"http:\/\/limousinenservice-wolf.de\/?page_id=1122"},"modified":"2019-08-29T10:59:25","modified_gmt":"2019-08-29T08:59:25","slug":"impressum","status":"publish","type":"page","link":"https:\/\/limousinenservice-wolf.de\/nl\/impressum\/","title":{"rendered":"Impressum"},"content":{"rendered":"<p class=\"qtranxs-available-languages-message qtranxs-available-languages-message-nl\">Onze verontschuldigingen, dit bericht is alleen beschikbaar in <a href=\"https:\/\/limousinenservice-wolf.de\/de\/wp-json\/wp\/v2\/pages\/1122\" class=\"qtranxs-available-language-link qtranxs-available-language-link-de\" title=\"Deutsch\">Deutsch<\/a>. Voor het gemak van de kijker, is de inhoud hieronder weergegeven in de alternatieve taal. Je kunt klikken op de link om naar de actieve taal over te schakelen.<\/p><p>[vc_row][vc_column][vc_column_text]<\/p>\n<p class=\"p1\"><span class=\"s1\"><b>1. Inhalt des Onlineangebotes<\/b><\/span><\/p>\n<p class=\"p2\"><span class=\"s1\">Der Autor \u00fcbernimmt keinerlei Gew\u00e4hr f\u00fcr die Aktualit\u00e4t, Korrektheit, Vollst\u00e4ndigkeit oder Qualit\u00e4t der bereitgestellten Informationen. Haftungsanspr\u00fcche gegen den Autor, die sich auf Sch\u00e4den materieller oder ideeller Art beziehen, welche durch die Nutzung oder Nichtnutzung der dargebotenen Informationen bzw. durch die Nutzung fehlerhafter und unvollst\u00e4ndiger Informationen verursacht wurden sind grunds\u00e4tzlich ausgeschlossen, sofern seitens des Autors kein nachweislich vors\u00e4tzliches oder grob fahrl\u00e4ssiges Verschulden vorliegt.<br \/>\nAlle Angebote sind freibleibend und unverbindlich. Der Autor beh\u00e4lt es sich ausdr\u00fccklich vor, Teile der Seiten oder das gesamte Angebot ohne gesonderte Ank\u00fcndigung zu ver\u00e4ndern, zu erg\u00e4nzen, zu l\u00f6schen oder die Ver\u00f6ffentlichung zeitweise oder endg\u00fcltig einzustellen.<\/span><\/p>\n<hr \/>\n<p class=\"p1\"><span class=\"s1\"><b>2. Verweise und Links<\/b><\/span><\/p>\n<p class=\"p2\"><span class=\"s1\">Sofern auf Verweisziele (&#8220;Links&#8221;) direkt oder indirekt verwiesen wird, die au\u00dferhalb des Verantwortungsbereiches des Autors liegen, haftet dieser nur dann, wenn er von den Inhalten Kenntnis hat und es ihm technisch m\u00f6glich und zumutbar w\u00e4re, die Nutzung im Falle rechtswidriger Inhalte zu verhindern.<br \/>\nF\u00fcr dar\u00fcber hinausgehende Inhalte und insbesondere f\u00fcr Sch\u00e4den, die aus der Nutzung oder Nichtnutzung solcherart dargebotener Informationen entstehen, haftet allein der Anbieter dieser Seiten, nicht derjenige, der \u00fcber Links auf die jeweilige Ver\u00f6ffentlichung lediglich verweist.<br \/>\nDiese Einschr\u00e4nkung gilt gleicherma\u00dfen auch f\u00fcr Fremdeintr\u00e4ge in vom Autor eingerichteten G\u00e4steb\u00fcchern, Diskussionsforen und Mailinglisten.<\/span><\/p>\n<hr \/>\n<p class=\"p1\"><span class=\"s1\"><b>3. Urheberrecht<\/b><\/span><\/p>\n<p class=\"p2\"><span class=\"s1\">Der Autor ist bestrebt, in allen Publikationen die Urheberrechte der verwendeten Grafiken, Sounds und Texte zu beachten, von ihm selbst erstellte Grafiken, Sounds und Texte zu nutzen oder auf lizenzfreie Grafiken, Sounds und Texte zur\u00fcckzugreifen.<br \/>\nSollte sich auf den jeweiligen Seiten dennoch eine ungekennzeichnete, aber durch fremdes Copyright gesch\u00fctzte Grafik, ein Sound oder Text befinden, so konnte das Copyright vom Autor nicht festgestellt werden.<br \/>\nIm Falle einer solchen unbeabsichtigten Copyrightverletzung wird der Autor das entsprechende Objekt nach Benachrichtigung aus seiner Publikation entfernen bzw. mit dem entsprechenden Copyright kenntlich machen.<br \/>\nDas Copyright f\u00fcr ver\u00f6ffentlichte, vom Autor selbst erstellte Objekte bleibt allein beim Autor der Seiten. Eine Vervielf\u00e4ltigung oder Verwendung solcher Grafiken, Sounds oder Texte in anderen elektronischen oder gedruckten Publikationen ist ohne ausdr\u00fcckliche Zustimmung des Autors nicht gestattet.<\/span><\/p>\n<hr \/>\n<p class=\"p1\"><span class=\"s1\"><b>4. Rechtswirksamkeit dieses Haftungsausschlusses<\/b><\/span><\/p>\n<p class=\"p2\"><span class=\"s1\">Sofern Teile oder einzelne Formulierungen dieses Textes der geltenden Rechtslage nicht, nicht mehr oder nicht vollst\u00e4ndig entsprechen sollten, bleiben die \u00fcbrigen Teile des Dokumentes in ihrem Inhalt und ihrer G\u00fcltigkeit davon unber\u00fchrt.<\/span><\/p>\n<hr \/>\n<p class=\"p1\"><span class=\"s1\"><b>Verantwortlich f\u00fcr den Inhalt:<\/b><\/span><\/p>\n<p class=\"p2\"><span class=\"s1\"><b>Limousinenservice Dominik Wolf<br \/>\n<\/b><\/span><span class=\"s1\">Dominik Wolf<br \/>\n<\/span><span class=\"s1\">J\u00fclicher-Str. 236-250<br \/>\n<\/span><span class=\"s1\">52070 Aachen<\/span><\/p>\n<p class=\"p4\"><span class=\"s1\">Telefon: \u00a0+49 (0) 241 &#8211; 450 73 37<br \/>\nMobil:\u00a0+49 (0) 163 &#8211; 926 04 57<br \/>\nMail: info@limousinenservice-wolf.de<\/span><\/p>\n<hr \/>\n<p class=\"p4\"><span class=\"s1\">DE 253949179<\/span><\/p>\n<p>[\/vc_column_text][\/vc_column][\/vc_row]<\/p>","protected":false},"excerpt":{"rendered":"<p>Onze verontschuldigingen, dit bericht is alleen beschikbaar in Deutsch. Voor het gemak van de kijker, is de inhoud hieronder weergegeven in &#8230;<\/p>\n","protected":false},"author":2,"featured_media":0,"parent":0,"menu_order":0,"comment_status":"closed","ping_status":"closed","template":"","meta":{"footnotes":""},"class_list":["post-1122","page","type-page","status-publish","hentry"],"_links":{"self":[{"href":"https:\/\/limousinenservice-wolf.de\/nl\/wp-json\/wp\/v2\/pages\/1122","targetHints":{"allow":["GET"]}}],"collection":[{"href":"https:\/\/limousinenservice-wolf.de\/nl\/wp-json\/wp\/v2\/pages"}],"about":[{"href":"https:\/\/limousinenservice-wolf.de\/nl\/wp-json\/wp\/v2\/types\/page"}],"author":[{"embeddable":true,"href":"https:\/\/limousinenservice-wolf.de\/nl\/wp-json\/wp\/v2\/users\/2"}],"replies":[{"embeddable":true,"href":"https:\/\/limousinenservice-wolf.de\/nl\/wp-json\/wp\/v2\/comments?post=1122"}],"version-history":[{"count":4,"href":"https:\/\/limousinenservice-wolf.de\/nl\/wp-json\/wp\/v2\/pages\/1122\/revisions"}],"predecessor-version":[{"id":4584,"href":"https:\/\/limousinenservice-wolf.de\/nl\/wp-json\/wp\/v2\/pages\/1122\/revisions\/4584"}],"wp:attachment":[{"href":"https:\/\/limousinenservice-wolf.de\/nl\/wp-json\/wp\/v2\/media?parent=1122"}],"curies":[{"name":"wp","href":"https:\/\/api.w.org\/{rel}","templated":true}]}}