{"id":1235,"date":"2016-12-28T13:22:35","date_gmt":"2016-12-28T12:22:35","guid":{"rendered":"http:\/\/limousinenservice-wolf.de\/?page_id=1235"},"modified":"2017-08-02T09:05:35","modified_gmt":"2017-08-02T07:05:35","slug":"stretchlimousinen-modellautos","status":"publish","type":"page","link":"https:\/\/limousinenservice-wolf.de\/nl\/extras-neu\/stretchlimousinen-modellautos\/","title":{"rendered":"Modellautos"},"content":{"rendered":"<p class=\"qtranxs-available-languages-message qtranxs-available-languages-message-nl\">Onze verontschuldigingen, dit bericht is alleen beschikbaar in <a href=\"https:\/\/limousinenservice-wolf.de\/de\/wp-json\/wp\/v2\/pages\/1235\" class=\"qtranxs-available-language-link qtranxs-available-language-link-de\" title=\"Deutsch\">Deutsch<\/a>. Voor het gemak van de kijker, is de inhoud hieronder weergegeven in de alternatieve taal. Je kunt klikken op de link om naar de actieve taal over te schakelen.<\/p><p>[vc_row][vc_column][vc_column_text]Ob f\u00fcr Klein oder Gro\u00df; unsere Auswahl an Modellautos stellt eine sch\u00f6ne Erinnerung an eine Fahrt in einem unserer Luxusfahrzeuge dar und ist auch f\u00fcr Sammler eine seltene Gelegenheit Ihre Sammlung durch solch ein detailliertes Modell zu erweitern. Sie k\u00f6nnen die Modellautos unter &#8220;Extras&#8221; in allen Buchungsformularen ausw\u00e4hlen, dar\u00fcber hinaus sind alle Artikel auch einzeln \u00fcber unseren Online-Shop zu erwerben.[\/vc_column_text][\/vc_column][\/vc_row][vc_row][vc_column][vc_separator color=&#8221;custom&#8221; align=&#8221;align_left&#8221; border_width=&#8221;2&#8243; el_width=&#8221;20&#8243; accent_color=&#8221;#c3a370&#8243;][\/vc_column][\/vc_row][vc_row][vc_column][vc_column_text]<\/p>\n<h3><strong>Stretchlimousinen Modell \u2013 Lincoln Town Car 1:24, schwarz oder weiss: 49,00 \u20ac<\/strong><\/h3>\n<p>[\/vc_column_text][\/vc_column][\/vc_row][vc_row][vc_column width=&#8221;1\/4&#8243;][vc_column_text]<a href=\"http:\/\/limousinenservice-wolf.de\/wp-content\/uploads\/2016\/12\/KGrHqUOKpgE1q86wdvnBNkq76mLw_3.jpg\"><img loading=\"lazy\" decoding=\"async\" class=\"alignnone size-medium wp-image-1398\" src=\"http:\/\/limousinenservice-wolf.de\/wp-content\/uploads\/2016\/12\/KGrHqUOKpgE1q86wdvnBNkq76mLw_3-300x225.jpg\" alt=\"$(KGrHqUOKpgE1q86wdvnBNkq76mL!w~~_3\" width=\"300\" height=\"225\" srcset=\"https:\/\/limousinenservice-wolf.de\/wp-content\/uploads\/2016\/12\/KGrHqUOKpgE1q86wdvnBNkq76mLw_3-300x225.jpg 300w, https:\/\/limousinenservice-wolf.de\/wp-content\/uploads\/2016\/12\/KGrHqUOKpgE1q86wdvnBNkq76mLw_3-350x263.jpg 350w, https:\/\/limousinenservice-wolf.de\/wp-content\/uploads\/2016\/12\/KGrHqUOKpgE1q86wdvnBNkq76mLw_3-768x576.jpg 768w, https:\/\/limousinenservice-wolf.de\/wp-content\/uploads\/2016\/12\/KGrHqUOKpgE1q86wdvnBNkq76mLw_3.jpg 800w\" sizes=\"auto, (max-width: 300px) 100vw, 300px\" \/><\/a>[\/vc_column_text][\/vc_column][vc_column width=&#8221;1\/4&#8243;][vc_column_text]<a href=\"http:\/\/limousinenservice-wolf.de\/wp-content\/uploads\/2016\/12\/KGrHqRmIE2EINUhDBNkq75cyQ_3.jpg\"><img loading=\"lazy\" decoding=\"async\" class=\"alignnone size-medium wp-image-1399\" src=\"http:\/\/limousinenservice-wolf.de\/wp-content\/uploads\/2016\/12\/KGrHqRmIE2EINUhDBNkq75cyQ_3-300x225.jpg\" alt=\"$(KGrHqR,!mIE2EINU!hDBNkq75(cyQ~~_3\" width=\"300\" height=\"225\" srcset=\"https:\/\/limousinenservice-wolf.de\/wp-content\/uploads\/2016\/12\/KGrHqRmIE2EINUhDBNkq75cyQ_3-300x225.jpg 300w, https:\/\/limousinenservice-wolf.de\/wp-content\/uploads\/2016\/12\/KGrHqRmIE2EINUhDBNkq75cyQ_3-350x263.jpg 350w, https:\/\/limousinenservice-wolf.de\/wp-content\/uploads\/2016\/12\/KGrHqRmIE2EINUhDBNkq75cyQ_3-768x576.jpg 768w, https:\/\/limousinenservice-wolf.de\/wp-content\/uploads\/2016\/12\/KGrHqRmIE2EINUhDBNkq75cyQ_3.jpg 800w\" sizes=\"auto, (max-width: 300px) 100vw, 300px\" \/><\/a>[\/vc_column_text][\/vc_column][vc_column width=&#8221;1\/4&#8243;][vc_column_text]<a href=\"http:\/\/limousinenservice-wolf.de\/wp-content\/uploads\/2016\/12\/KGrHqMOKiEE1z3d4trBNkq77vH_3.jpg\"><img loading=\"lazy\" decoding=\"async\" class=\"alignnone size-medium wp-image-1400\" src=\"http:\/\/limousinenservice-wolf.de\/wp-content\/uploads\/2016\/12\/KGrHqMOKiEE1z3d4trBNkq77vH_3-300x225.jpg\" alt=\"$(KGrHqMOKiEE1z3d4tr!BNkq77v)H!~~_3\" width=\"300\" height=\"225\" srcset=\"https:\/\/limousinenservice-wolf.de\/wp-content\/uploads\/2016\/12\/KGrHqMOKiEE1z3d4trBNkq77vH_3-300x225.jpg 300w, https:\/\/limousinenservice-wolf.de\/wp-content\/uploads\/2016\/12\/KGrHqMOKiEE1z3d4trBNkq77vH_3-350x263.jpg 350w, https:\/\/limousinenservice-wolf.de\/wp-content\/uploads\/2016\/12\/KGrHqMOKiEE1z3d4trBNkq77vH_3-768x576.jpg 768w, https:\/\/limousinenservice-wolf.de\/wp-content\/uploads\/2016\/12\/KGrHqMOKiEE1z3d4trBNkq77vH_3.jpg 800w\" sizes=\"auto, (max-width: 300px) 100vw, 300px\" \/><\/a>[\/vc_column_text][\/vc_column][vc_column width=&#8221;1\/4&#8243;][vc_column_text]<a href=\"http:\/\/limousinenservice-wolf.de\/wp-content\/uploads\/2016\/12\/KGrHqEOKi8E2CmSiS6UBNkq79Iqcg_3.jpg\"><img loading=\"lazy\" decoding=\"async\" class=\"alignnone size-medium wp-image-1401\" src=\"http:\/\/limousinenservice-wolf.de\/wp-content\/uploads\/2016\/12\/KGrHqEOKi8E2CmSiS6UBNkq79Iqcg_3-300x225.jpg\" alt=\"$(KGrHqEOKi8E2CmSiS6UBNkq79Iqcg~~_3\" width=\"300\" height=\"225\" srcset=\"https:\/\/limousinenservice-wolf.de\/wp-content\/uploads\/2016\/12\/KGrHqEOKi8E2CmSiS6UBNkq79Iqcg_3-300x225.jpg 300w, https:\/\/limousinenservice-wolf.de\/wp-content\/uploads\/2016\/12\/KGrHqEOKi8E2CmSiS6UBNkq79Iqcg_3-350x263.jpg 350w, https:\/\/limousinenservice-wolf.de\/wp-content\/uploads\/2016\/12\/KGrHqEOKi8E2CmSiS6UBNkq79Iqcg_3-768x576.jpg 768w, https:\/\/limousinenservice-wolf.de\/wp-content\/uploads\/2016\/12\/KGrHqEOKi8E2CmSiS6UBNkq79Iqcg_3.jpg 800w\" sizes=\"auto, (max-width: 300px) 100vw, 300px\" \/><\/a>[\/vc_column_text][\/vc_column][\/vc_row][vc_row][vc_column][vc_separator color=&#8221;custom&#8221; align=&#8221;align_left&#8221; border_width=&#8221;2&#8243; el_width=&#8221;20&#8243; accent_color=&#8221;#c3a370&#8243;][\/vc_column][\/vc_row][vc_row][vc_column][vc_column_text]<\/p>\n<h3><strong>Stretchlimousinenbausatz mit Figuren aus Bausteinen (passend zu Lego City): 14,00 \u20ac<\/strong><\/h3>\n<p>[\/vc_column_text][\/vc_column][\/vc_row][vc_row][vc_column width=&#8221;1\/4&#8243;][vc_column_text]<a href=\"http:\/\/limousinenservice-wolf.de\/wp-content\/uploads\/2016\/12\/12.jpg\"><img loading=\"lazy\" decoding=\"async\" class=\"alignnone size-medium wp-image-1404\" src=\"http:\/\/limousinenservice-wolf.de\/wp-content\/uploads\/2016\/12\/12-284x300.jpg\" alt=\"$_12\" width=\"284\" height=\"300\" srcset=\"https:\/\/limousinenservice-wolf.de\/wp-content\/uploads\/2016\/12\/12-284x300.jpg 284w, https:\/\/limousinenservice-wolf.de\/wp-content\/uploads\/2016\/12\/12-350x370.jpg 350w, https:\/\/limousinenservice-wolf.de\/wp-content\/uploads\/2016\/12\/12.jpg 473w\" sizes=\"auto, (max-width: 284px) 100vw, 284px\" \/><\/a>[\/vc_column_text][\/vc_column][vc_column width=&#8221;1\/4&#8243;][vc_column_text]<a href=\"http:\/\/limousinenservice-wolf.de\/wp-content\/uploads\/2016\/12\/Modellauto-Stretchlimousine-Legobausatz.jpg\"><img loading=\"lazy\" decoding=\"async\" class=\"alignnone size-medium wp-image-1403\" src=\"http:\/\/limousinenservice-wolf.de\/wp-content\/uploads\/2016\/12\/Modellauto-Stretchlimousine-Legobausatz-300x254.jpg\" alt=\"Modellauto Stretchlimousine Legobausatz\" width=\"300\" height=\"254\" srcset=\"https:\/\/limousinenservice-wolf.de\/wp-content\/uploads\/2016\/12\/Modellauto-Stretchlimousine-Legobausatz-300x254.jpg 300w, https:\/\/limousinenservice-wolf.de\/wp-content\/uploads\/2016\/12\/Modellauto-Stretchlimousine-Legobausatz-350x296.jpg 350w, https:\/\/limousinenservice-wolf.de\/wp-content\/uploads\/2016\/12\/Modellauto-Stretchlimousine-Legobausatz.jpg 750w\" sizes=\"auto, (max-width: 300px) 100vw, 300px\" \/><\/a>[\/vc_column_text][\/vc_column][vc_column width=&#8221;1\/4&#8243;][\/vc_column][vc_column width=&#8221;1\/4&#8243;][\/vc_column][\/vc_row][vc_row][vc_column][vc_separator color=&#8221;custom&#8221; align=&#8221;align_left&#8221; border_width=&#8221;2&#8243; el_width=&#8221;20&#8243; accent_color=&#8221;#c3a370&#8243;][\/vc_column][\/vc_row][vc_row][vc_column][vc_column_text]<\/p>\n<h3><strong>London Taxi Modellauto 1:24 -schwarz- : 30,00 \u20ac<br \/>\n<\/strong><\/h3>\n<p>[\/vc_column_text][\/vc_column][\/vc_row][vc_row][vc_column width=&#8221;1\/4&#8243;][vc_column_text]<a href=\"http:\/\/limousinenservice-wolf.de\/wp-content\/uploads\/2016\/12\/20170420_151855.jpg\"><img loading=\"lazy\" decoding=\"async\" class=\"alignnone size-medium wp-image-1522\" src=\"http:\/\/limousinenservice-wolf.de\/wp-content\/uploads\/2016\/12\/20170420_151855-300x169.jpg\" alt=\"20170420_151855\" width=\"300\" height=\"169\" srcset=\"https:\/\/limousinenservice-wolf.de\/wp-content\/uploads\/2016\/12\/20170420_151855-300x169.jpg 300w, https:\/\/limousinenservice-wolf.de\/wp-content\/uploads\/2016\/12\/20170420_151855-350x197.jpg 350w, https:\/\/limousinenservice-wolf.de\/wp-content\/uploads\/2016\/12\/20170420_151855-768x432.jpg 768w, https:\/\/limousinenservice-wolf.de\/wp-content\/uploads\/2016\/12\/20170420_151855-1024x576.jpg 1024w\" sizes=\"auto, (max-width: 300px) 100vw, 300px\" \/><\/a>[\/vc_column_text][\/vc_column][vc_column width=&#8221;1\/4&#8243;][vc_column_text]<a href=\"http:\/\/limousinenservice-wolf.de\/wp-content\/uploads\/2016\/12\/20170420_151838.jpg\"><img loading=\"lazy\" decoding=\"async\" class=\"alignnone size-medium wp-image-1523\" src=\"http:\/\/limousinenservice-wolf.de\/wp-content\/uploads\/2016\/12\/20170420_151838-300x169.jpg\" alt=\"20170420_151838\" width=\"300\" height=\"169\" srcset=\"https:\/\/limousinenservice-wolf.de\/wp-content\/uploads\/2016\/12\/20170420_151838-300x169.jpg 300w, https:\/\/limousinenservice-wolf.de\/wp-content\/uploads\/2016\/12\/20170420_151838-350x197.jpg 350w, https:\/\/limousinenservice-wolf.de\/wp-content\/uploads\/2016\/12\/20170420_151838-768x432.jpg 768w, https:\/\/limousinenservice-wolf.de\/wp-content\/uploads\/2016\/12\/20170420_151838-1024x576.jpg 1024w\" sizes=\"auto, (max-width: 300px) 100vw, 300px\" \/><\/a>[\/vc_column_text][\/vc_column][vc_column width=&#8221;1\/4&#8243;][vc_column_text]<a href=\"http:\/\/limousinenservice-wolf.de\/wp-content\/uploads\/2016\/12\/20170420_151803.jpg\"><img loading=\"lazy\" decoding=\"async\" class=\"alignnone size-medium wp-image-1524\" src=\"http:\/\/limousinenservice-wolf.de\/wp-content\/uploads\/2016\/12\/20170420_151803-300x169.jpg\" alt=\"20170420_151803\" width=\"300\" height=\"169\" srcset=\"https:\/\/limousinenservice-wolf.de\/wp-content\/uploads\/2016\/12\/20170420_151803-300x169.jpg 300w, https:\/\/limousinenservice-wolf.de\/wp-content\/uploads\/2016\/12\/20170420_151803-350x197.jpg 350w, https:\/\/limousinenservice-wolf.de\/wp-content\/uploads\/2016\/12\/20170420_151803-768x432.jpg 768w, https:\/\/limousinenservice-wolf.de\/wp-content\/uploads\/2016\/12\/20170420_151803-1024x576.jpg 1024w\" sizes=\"auto, (max-width: 300px) 100vw, 300px\" \/><\/a>[\/vc_column_text][\/vc_column][vc_column width=&#8221;1\/4&#8243;][vc_column_text]<a href=\"http:\/\/limousinenservice-wolf.de\/wp-content\/uploads\/2016\/12\/20170420_151505.jpg\"><img loading=\"lazy\" decoding=\"async\" class=\"alignnone size-medium wp-image-1525\" src=\"http:\/\/limousinenservice-wolf.de\/wp-content\/uploads\/2016\/12\/20170420_151505-300x169.jpg\" alt=\"20170420_151505\" width=\"300\" height=\"169\" srcset=\"https:\/\/limousinenservice-wolf.de\/wp-content\/uploads\/2016\/12\/20170420_151505-300x169.jpg 300w, https:\/\/limousinenservice-wolf.de\/wp-content\/uploads\/2016\/12\/20170420_151505-350x197.jpg 350w, https:\/\/limousinenservice-wolf.de\/wp-content\/uploads\/2016\/12\/20170420_151505-768x432.jpg 768w, https:\/\/limousinenservice-wolf.de\/wp-content\/uploads\/2016\/12\/20170420_151505-1024x576.jpg 1024w\" sizes=\"auto, (max-width: 300px) 100vw, 300px\" \/><\/a>[\/vc_column_text][\/vc_column][\/vc_row]<\/p>","protected":false},"excerpt":{"rendered":"<p>Onze verontschuldigingen, dit bericht is alleen beschikbaar in Deutsch. Voor het gemak van de kijker, is de inhoud hieronder weergegeven in &#8230;<\/p>\n","protected":false},"author":1,"featured_media":0,"parent":1214,"menu_order":0,"comment_status":"closed","ping_status":"closed","template":"","meta":{"footnotes":""},"class_list":["post-1235","page","type-page","status-publish","hentry"],"_links":{"self":[{"href":"https:\/\/limousinenservice-wolf.de\/nl\/wp-json\/wp\/v2\/pages\/1235","targetHints":{"allow":["GET"]}}],"collection":[{"href":"https:\/\/limousinenservice-wolf.de\/nl\/wp-json\/wp\/v2\/pages"}],"about":[{"href":"https:\/\/limousinenservice-wolf.de\/nl\/wp-json\/wp\/v2\/types\/page"}],"author":[{"embeddable":true,"href":"https:\/\/limousinenservice-wolf.de\/nl\/wp-json\/wp\/v2\/users\/1"}],"replies":[{"embeddable":true,"href":"https:\/\/limousinenservice-wolf.de\/nl\/wp-json\/wp\/v2\/comments?post=1235"}],"version-history":[{"count":9,"href":"https:\/\/limousinenservice-wolf.de\/nl\/wp-json\/wp\/v2\/pages\/1235\/revisions"}],"predecessor-version":[{"id":1834,"href":"https:\/\/limousinenservice-wolf.de\/nl\/wp-json\/wp\/v2\/pages\/1235\/revisions\/1834"}],"up":[{"embeddable":true,"href":"https:\/\/limousinenservice-wolf.de\/nl\/wp-json\/wp\/v2\/pages\/1214"}],"wp:attachment":[{"href":"https:\/\/limousinenservice-wolf.de\/nl\/wp-json\/wp\/v2\/media?parent=1235"}],"curies":[{"name":"wp","href":"https:\/\/api.w.org\/{rel}","templated":true}]}}