{"id":1237,"date":"2016-12-28T13:22:53","date_gmt":"2016-12-28T12:22:53","guid":{"rendered":"http:\/\/limousinenservice-wolf.de\/?page_id=1237"},"modified":"2017-07-14T18:17:10","modified_gmt":"2017-07-14T16:17:10","slug":"gratis-getraenke-pakete","status":"publish","type":"page","link":"https:\/\/limousinenservice-wolf.de\/nl\/extras-neu\/gratis-getraenke-pakete\/","title":{"rendered":"Gratis Getr\u00e4nke Pakete"},"content":{"rendered":"<p class=\"qtranxs-available-languages-message qtranxs-available-languages-message-nl\">Onze verontschuldigingen, dit bericht is alleen beschikbaar in <a href=\"https:\/\/limousinenservice-wolf.de\/de\/wp-json\/wp\/v2\/pages\/1237\" class=\"qtranxs-available-language-link qtranxs-available-language-link-de\" title=\"Deutsch\">Deutsch<\/a>. Voor het gemak van de kijker, is de inhoud hieronder weergegeven in de alternatieve taal. Je kunt klikken op de link om naar de actieve taal over te schakelen.<\/p><p>[vc_row][vc_column][vc_column_text]Wir stellen Ihnen bei Buchung einer unserer Stretchlimousinen oder des London Taxi&#8217;s deutschlandweit die umfangreichste Auswahl an Gratisgetr\u00e4nken w\u00e4hrend Ihrer Fahrt zur Verf\u00fcgung, denn Sie sollen die Fahrt entspannt bei einem Glas Sekt genie\u00dfen k\u00f6nnen, ohne sich Gedanken um zus\u00e4tzliche Kosten bez\u00fcglich des Getr\u00e4nkeverzehrs machen zu m\u00fcssen. In den entsprechenden Buchungsformularen k\u00f6nnen Sie unter &#8220;Gratisgetr\u00e4nke&#8221; ihr Wunschpaket ausw\u00e4hlen.<\/p>\n<p>[\/vc_column_text][\/vc_column][\/vc_row][vc_row][vc_column][vc_separator color=&#8221;custom&#8221; align=&#8221;align_left&#8221; border_width=&#8221;2&#8243; el_width=&#8221;20&#8243; accent_color=&#8221;#c3a370&#8243;][\/vc_column][\/vc_row][vc_row][vc_column][vc_column_text]<\/p>\n<h4>Gratisgetr\u00e4nkepakete Lincoln Town Car Stretchlimousine<\/h4>\n<p>Paket 1 ( 2 x Sekt, Cinzano Asti oder F\u00fcrst von Metternich, 1 x Whisky oder Wodka, 22 x 0,5L Softdrinks)<br \/>\nPaket 2 ( 3 x Sekt, Cinzano Asti oder F\u00fcrst von Metternich, 22 x 0,5L Softdrinks)<br \/>\nPaket 3 ( 20 x 0,33L Bitburger Bier, 1 x Sekt, Cinzano Asti oder F\u00fcrst von Metternich, 22 x 0,5L Softdrinks)<br \/>\nPaket 4 ( 20 x 0,33L Bitburger Bier, 1 x Whisky oder Wodka, 22 x 0,5L Softdrinks)<br \/>\nPaket 5 ( 3 x alkoholfreier Kindersekt, 22 x 0,5L Softdrinks[\/vc_column_text][\/vc_column][\/vc_row][vc_row][vc_column][vc_separator color=&#8221;custom&#8221; align=&#8221;align_left&#8221; border_width=&#8221;2&#8243; el_width=&#8221;20&#8243; accent_color=&#8221;#c3a370&#8243;][\/vc_column][\/vc_row][vc_row][vc_column][vc_column_text]<\/p>\n<h4><strong>Gratisgetr\u00e4nkepakete London Taxi<\/strong><\/h4>\n<p>Paket 1 ( 2 x Sekt, Cinzano Asti oder F\u00fcrst von Metternich, 10 x 0,5L Softdrinks)<br \/>\nPaket 2 ( 1 x Whisky oder Wodka, 10 x 0,5L Softdrinks)<br \/>\nPaket 3 ( 20 x 0,33L Bitburger Bier, 10 x 0,5L Softdrinks)<br \/>\nPaket 4 ( 2 x alkoholfreier Sekt, 10 x 0,5L Softdrinks)<br \/>\nPaket 5 ( 2 x alkoholfreier Kindersekt, 10 x 0,5L Softdrinks)[\/vc_column_text][\/vc_column][\/vc_row]<\/p>","protected":false},"excerpt":{"rendered":"<p>Onze verontschuldigingen, dit bericht is alleen beschikbaar in Deutsch. Voor het gemak van de kijker, is de inhoud hieronder weergegeven in &#8230;<\/p>\n","protected":false},"author":1,"featured_media":0,"parent":1214,"menu_order":0,"comment_status":"closed","ping_status":"closed","template":"","meta":{"footnotes":""},"class_list":["post-1237","page","type-page","status-publish","hentry"],"_links":{"self":[{"href":"https:\/\/limousinenservice-wolf.de\/nl\/wp-json\/wp\/v2\/pages\/1237","targetHints":{"allow":["GET"]}}],"collection":[{"href":"https:\/\/limousinenservice-wolf.de\/nl\/wp-json\/wp\/v2\/pages"}],"about":[{"href":"https:\/\/limousinenservice-wolf.de\/nl\/wp-json\/wp\/v2\/types\/page"}],"author":[{"embeddable":true,"href":"https:\/\/limousinenservice-wolf.de\/nl\/wp-json\/wp\/v2\/users\/1"}],"replies":[{"embeddable":true,"href":"https:\/\/limousinenservice-wolf.de\/nl\/wp-json\/wp\/v2\/comments?post=1237"}],"version-history":[{"count":7,"href":"https:\/\/limousinenservice-wolf.de\/nl\/wp-json\/wp\/v2\/pages\/1237\/revisions"}],"predecessor-version":[{"id":1622,"href":"https:\/\/limousinenservice-wolf.de\/nl\/wp-json\/wp\/v2\/pages\/1237\/revisions\/1622"}],"up":[{"embeddable":true,"href":"https:\/\/limousinenservice-wolf.de\/nl\/wp-json\/wp\/v2\/pages\/1214"}],"wp:attachment":[{"href":"https:\/\/limousinenservice-wolf.de\/nl\/wp-json\/wp\/v2\/media?parent=1237"}],"curies":[{"name":"wp","href":"https:\/\/api.w.org\/{rel}","templated":true}]}}