{"id":998,"date":"2016-05-31T20:06:36","date_gmt":"2016-05-31T18:06:36","guid":{"rendered":"http:\/\/limousinenservice-wolf.de\/?page_id=998"},"modified":"2016-07-26T19:34:08","modified_gmt":"2016-07-26T17:34:08","slug":"dienstleistungen","status":"publish","type":"page","link":"https:\/\/limousinenservice-wolf.de\/nl\/dienstleistungen\/","title":{"rendered":"Dienstleistungen"},"content":{"rendered":"<p class=\"qtranxs-available-languages-message qtranxs-available-languages-message-nl\">Onze verontschuldigingen, dit bericht is alleen beschikbaar in <a href=\"https:\/\/limousinenservice-wolf.de\/de\/wp-json\/wp\/v2\/pages\/998\" class=\"qtranxs-available-language-link qtranxs-available-language-link-de\" title=\"Deutsch\">Deutsch<\/a> en <a href=\"https:\/\/limousinenservice-wolf.de\/en\/wp-json\/wp\/v2\/pages\/998\" class=\"qtranxs-available-language-link qtranxs-available-language-link-en\" title=\"English\">English<\/a>. Voor het gemak van de kijker, is de inhoud hieronder weergegeven in de standaard taal van deze site. Je kunt op een van de koppelingen klikken om de taal van de site naar een andere beschikbare taal te veranderen.<\/p><p>[vc_row][vc_column][vc_row_inner][vc_column_inner width=&#8221;1\/4&#8243;][vc_single_image image=&#8221;934&#8243; img_size=&#8221;full&#8221; alignment=&#8221;center&#8221;][\/vc_column_inner][vc_column_inner width=&#8221;3\/4&#8243;]\n\t<div class=\"custom-heading wpb_content_element  heading-medium\">\n\t\t<h2 class=\"heading-title\" >Chauffeur-Dienstleistung<\/h2>\n\t<\/div>[vc_column_text]<\/p>\n<p>Lehnen Sie sich zur\u00fcck und genie\u00dfen Sie eine entspannte Fahrt zu Ihrem Wunschziel. Ob zum Flughafen oder zum Shoppen in eine andere Stadt. Unsere professionellen Fahrer bringen Sie sicher und komfortabel zum Ziel. Auf Wunsch chauffieren wir Sie auch mit Ihrem eigenen Fahrzeug, machen Besorgungsfahrten oder Fahrzeug\u00fcberf\u00fchrungen.<\/p>\n<p>[\/vc_column_text][vc_button title=&#8221;mehr erfahren&#8230;&#8221; color=&#8221;primary&#8221; size=&#8221;small&#8221; link=&#8221;url:http%3A%2F%2Fdev.limousinenservice-wolf.de%2Fdienstleistungen%2Fchauffeur-dienstleistung%2F||&#8221;][\/vc_column_inner][\/vc_row_inner][vc_row_inner][vc_column_inner width=&#8221;1\/4&#8243;][vc_single_image image=&#8221;936&#8243; img_size=&#8221;full&#8221; alignment=&#8221;center&#8221;][\/vc_column_inner][vc_column_inner width=&#8221;3\/4&#8243;]\n\t<div class=\"custom-heading wpb_content_element  heading-medium\">\n\t\t<h2 class=\"heading-title\" >Vermietung auf Stundenbasis<\/h2>\n\t<\/div>[vc_column_text]Nutzen Sie die M\u00f6glichkeiten der Einzelvermietung auf Stundenbasis um unseren Service Ihren W\u00fcnschen individuell anzupassen!<\/p>\n<p>Sie wollen in einer unserer Luxuslimousinen zu einem Restaurant in Ihrer N\u00e4he chauffiert und sp\u00e4ter wieder abgeholt werden, ohne jedoch f\u00fcr die Zeit Ihres Restaurantaufenthaltes Mietgeb\u00fchr zahlen zu m\u00fcssen? Hierf\u00fcr empfehlen wir unseren g\u00fcnstigen Halbstundentarif.[\/vc_column_text][vc_button title=&#8221;zur Buchung&#8230;&#8221; color=&#8221;primary&#8221; size=&#8221;small&#8221; link=&#8221;url:http%3A%2F%2Fdev.limousinenservice-wolf.de%2Fbuchung%2F||&#8221;][\/vc_column_inner][\/vc_row_inner][vc_row_inner][vc_column_inner width=&#8221;1\/4&#8243;][vc_single_image image=&#8221;937&#8243; img_size=&#8221;full&#8221; alignment=&#8221;center&#8221;][\/vc_column_inner][vc_column_inner width=&#8221;3\/4&#8243;]\n\t<div class=\"custom-heading wpb_content_element  heading-medium\">\n\t\t<h2 class=\"heading-title\" >Komplettangebote<\/h2>\n\t<\/div>[vc_column_text]<\/p>\n<p>F\u00fcr fast jeden Anlass bieten wir Ihnen auch interessante Komplettangebote an. Die Auswahl reicht von der Hochzeitsangeboten, \u00fcber Flughafentransferfahrten bis hin zu Erlebnistouren, die verschiedenen Highlights aus der Region miteinander vereinen.<\/p>\n<p>[\/vc_column_text][vc_button title=&#8221;Zu unseren Komplettangeboten&#8230;&#8221; color=&#8221;primary&#8221; size=&#8221;small&#8221; link=&#8221;url:http%3A%2F%2Fdev.limousinenservice-wolf.de%2Fangebote%2F||&#8221;][\/vc_column_inner][\/vc_row_inner][vc_row_inner][vc_column_inner width=&#8221;1\/4&#8243;][vc_single_image image=&#8221;939&#8243; img_size=&#8221;full&#8221; alignment=&#8221;center&#8221;][\/vc_column_inner][vc_column_inner width=&#8221;3\/4&#8243;]\n\t<div class=\"custom-heading wpb_content_element  heading-medium\">\n\t\t<h2 class=\"heading-title\" >Vermietung von Sonderfahrzeugen<\/h2>\n\t<\/div>[vc_column_text]<\/p>\n<p>Neben unseren Limousinen bieten wir nach Verf\u00fcgbarkeit\u00a0auch Sonderfahrzeuge an. Die Vermietung erfolgt in Kooperation mit einem ortsans\u00e4ssigen Fahrzeugh\u00e4ndler f\u00fcr Oldtimer und Exoten. Ein spannendes Thema f\u00fcr jeden Autoliebhaber.<\/p>\n<p>[\/vc_column_text][vc_button title=&#8221;unsere Fahrzeuge&#8230;&#8221; color=&#8221;primary&#8221; size=&#8221;small&#8221; link=&#8221;url:http%3A%2F%2Fdev.limousinenservice-wolf.de%2Ffahrzeuge%2F||&#8221;][\/vc_column_inner][\/vc_row_inner][vc_row_inner][vc_column_inner width=&#8221;1\/4&#8243;][vc_single_image image=&#8221;938&#8243; img_size=&#8221;full&#8221; alignment=&#8221;center&#8221;][\/vc_column_inner][vc_column_inner width=&#8221;3\/4&#8243;]\n\t<div class=\"custom-heading wpb_content_element  heading-medium\">\n\t\t<h2 class=\"heading-title\" >Vermietung f\u00fcr Promotion<\/h2>\n\t<\/div>[vc_column_text]<\/p>\n<p>Sie suchen noch einen Eyecatcher f\u00fcr Ihre Veranstaltung? Eine Stretchlimousine ist in jedem Fall immer ein Garant f\u00fcr neugierige Blicke. Auch hierzu stellen wir Ihnen unserer Fahrzeuge auf Anfrage gerne zur Verf\u00fcgung.<\/p>\n<p>[\/vc_column_text][vc_button title=&#8221;mehr erfahren&#8230;&#8221; color=&#8221;primary&#8221; size=&#8221;small&#8221; link=&#8221;url:http%3A%2F%2Fdev.limousinenservice-wolf.de%2Fdienstleistungen%2Fvermietung-fuer-promotion%2F||&#8221;][\/vc_column_inner][\/vc_row_inner][vc_row_inner][vc_column_inner width=&#8221;1\/4&#8243;][vc_single_image image=&#8221;935&#8243; img_size=&#8221;full&#8221; alignment=&#8221;center&#8221;][\/vc_column_inner][vc_column_inner width=&#8221;3\/4&#8243;]\n\t<div class=\"custom-heading wpb_content_element  heading-medium\">\n\t\t<h2 class=\"heading-title\" >Kompensation<\/h2>\n\t<\/div>[vc_column_text]<\/p>\n<p>Eine Kompensation mit anderen Unternehmen in der Region stellt f\u00fcr uns ein interessantes Mittel da, gemeinsam Ziele zu verwirklichen. Gerne stellen wir Ihnen unsere Fahrzeuge f\u00fcr Werbezwecke, Film &amp; Fotoaufnahmen oder TV Produktionen oder individuellen W\u00fcnschen zur Verf\u00fcgung und k\u00f6nnen die von uns zur Verf\u00fcgung gestellte Leistung gegebenenfalls mit einer gleichwertigen Leistung Ihres Unternehmens kompensieren. Wir freuen uns \u00fcber Ihre Vorschl\u00e4ge.<\/p>\n<p>[\/vc_column_text][vc_button title=&#8221;mehr erfahren&#8230;&#8221; color=&#8221;primary&#8221; size=&#8221;small&#8221; link=&#8221;url:http%3A%2F%2Fdev.limousinenservice-wolf.de%2Fdienstleistungen%2Fkompensation%2F||&#8221;][\/vc_column_inner][\/vc_row_inner][\/vc_column][\/vc_row]<\/p>","protected":false},"excerpt":{"rendered":"<p>Onze verontschuldigingen, dit bericht is alleen beschikbaar in Deutsch en English. Voor het gemak van de kijker, is de inhoud hieronder &#8230;<\/p>\n","protected":false},"author":1,"featured_media":0,"parent":0,"menu_order":0,"comment_status":"closed","ping_status":"closed","template":"","meta":{"footnotes":""},"class_list":["post-998","page","type-page","status-publish","hentry"],"_links":{"self":[{"href":"https:\/\/limousinenservice-wolf.de\/nl\/wp-json\/wp\/v2\/pages\/998","targetHints":{"allow":["GET"]}}],"collection":[{"href":"https:\/\/limousinenservice-wolf.de\/nl\/wp-json\/wp\/v2\/pages"}],"about":[{"href":"https:\/\/limousinenservice-wolf.de\/nl\/wp-json\/wp\/v2\/types\/page"}],"author":[{"embeddable":true,"href":"https:\/\/limousinenservice-wolf.de\/nl\/wp-json\/wp\/v2\/users\/1"}],"replies":[{"embeddable":true,"href":"https:\/\/limousinenservice-wolf.de\/nl\/wp-json\/wp\/v2\/comments?post=998"}],"version-history":[{"count":3,"href":"https:\/\/limousinenservice-wolf.de\/nl\/wp-json\/wp\/v2\/pages\/998\/revisions"}],"predecessor-version":[{"id":1104,"href":"https:\/\/limousinenservice-wolf.de\/nl\/wp-json\/wp\/v2\/pages\/998\/revisions\/1104"}],"wp:attachment":[{"href":"https:\/\/limousinenservice-wolf.de\/nl\/wp-json\/wp\/v2\/media?parent=998"}],"curies":[{"name":"wp","href":"https:\/\/api.w.org\/{rel}","templated":true}]}}