{"id":3156,"date":"2018-03-09T10:05:23","date_gmt":"2018-03-09T09:05:23","guid":{"rendered":"http:\/\/limousinenservice-wolf.de\/?post_type=product&#038;p=3156"},"modified":"2018-07-10T13:06:36","modified_gmt":"2018-07-10T11:06:36","slug":"geschenkgutschein-fuer-eine-4-stuendige-limousinenfahrt","status":"publish","type":"product","link":"https:\/\/limousinenservice-wolf.de\/nl\/produkt\/geschenkgutschein-fuer-eine-4-stuendige-limousinenfahrt\/","title":{"rendered":"Geschenkgutschein f\u00fcr eine 4 st\u00fcndige Limousinenfahrt"},"content":{"rendered":"<p class=\"qtranxs-available-languages-message qtranxs-available-languages-message-nl\">Onze verontschuldigingen, dit bericht is alleen beschikbaar in <a href=\"https:\/\/limousinenservice-wolf.de\/de\/wp-json\/wp\/v2\/product\/3156\" class=\"qtranxs-available-language-link qtranxs-available-language-link-de\" title=\"Deutsch\">Deutsch<\/a> en <a href=\"https:\/\/limousinenservice-wolf.de\/en\/wp-json\/wp\/v2\/product\/3156\" class=\"qtranxs-available-language-link qtranxs-available-language-link-en\" title=\"English\">English<\/a>. Voor het gemak van de kijker, is de inhoud hieronder weergegeven in de standaard taal van deze site. Je kunt op een van de koppelingen klikken om de taal van de site naar een andere beschikbare taal te veranderen.<\/p><p>Geschenkgutschein Din A4 f\u00fcr eine 4 st\u00fcndige Limousinenfahrt. Der Gutschein besitzt eine g\u00fcltigkeit von 2 Jahren ab dem Kaufdatum.<\/p>","protected":false},"excerpt":{"rendered":"<p>Onze verontschuldigingen, dit bericht is alleen beschikbaar in Deutsch en English. Voor het gemak van de kijker, is de inhoud hieronder &#8230;<\/p>\n","protected":false},"featured_media":3153,"comment_status":"open","ping_status":"closed","template":"","meta":[],"product_brand":[],"product_cat":[23],"product_tag":[37],"class_list":{"0":"post-3156","1":"product","2":"type-product","3":"status-publish","4":"has-post-thumbnail","6":"product_cat-gutscheine","7":"product_tag-geschenkgutschein-stretchlimousine","8":"product_shipping_class-hermes-paket-s","10":"first","11":"instock","12":"taxable","13":"shipping-taxable","14":"purchasable","15":"product-type-simple"},"_links":{"self":[{"href":"https:\/\/limousinenservice-wolf.de\/nl\/wp-json\/wp\/v2\/product\/3156","targetHints":{"allow":["GET"]}}],"collection":[{"href":"https:\/\/limousinenservice-wolf.de\/nl\/wp-json\/wp\/v2\/product"}],"about":[{"href":"https:\/\/limousinenservice-wolf.de\/nl\/wp-json\/wp\/v2\/types\/product"}],"replies":[{"embeddable":true,"href":"https:\/\/limousinenservice-wolf.de\/nl\/wp-json\/wp\/v2\/comments?post=3156"}],"wp:featuredmedia":[{"embeddable":true,"href":"https:\/\/limousinenservice-wolf.de\/nl\/wp-json\/wp\/v2\/media\/3153"}],"wp:attachment":[{"href":"https:\/\/limousinenservice-wolf.de\/nl\/wp-json\/wp\/v2\/media?parent=3156"}],"wp:term":[{"taxonomy":"product_brand","embeddable":true,"href":"https:\/\/limousinenservice-wolf.de\/nl\/wp-json\/wp\/v2\/product_brand?post=3156"},{"taxonomy":"product_cat","embeddable":true,"href":"https:\/\/limousinenservice-wolf.de\/nl\/wp-json\/wp\/v2\/product_cat?post=3156"},{"taxonomy":"product_tag","embeddable":true,"href":"https:\/\/limousinenservice-wolf.de\/nl\/wp-json\/wp\/v2\/product_tag?post=3156"}],"curies":[{"name":"wp","href":"https:\/\/api.w.org\/{rel}","templated":true}]}}